{"id":9952,"date":"2016-03-05T14:36:45","date_gmt":"2016-03-05T14:36:45","guid":{"rendered":"https:\/\/www.campbellsfoodservice.ca\/?page_id=9952\/"},"modified":"2018-08-31T17:13:39","modified_gmt":"2018-08-31T17:13:39","slug":"soup-as-an-ingredient","status":"publish","type":"page","link":"https:\/\/www.campbellsfoodservice.ca\/fr\/tips-trends\/product-versatility\/soup-as-an-ingredient\/","title":{"rendered":"LA SOUPE COMME INGR\u00c9DIENT"},"content":{"rendered":"<h2>Excellent comme une soupe. G\u00e9nial comme ingr\u00e9dient.<\/h2>\n<p>Exercez vos comp\u00e9tences culinaires en utilisant les soupes comme ingr\u00e9dients dans vos autres cr\u00e9ations culinaires. Utiliser une soupe comme ingr\u00e9dient dans d\u2019autres plats peut vous aider \u00e0 r\u00e9duire le co\u00fbt des autres ingr\u00e9dients et le temps de pr\u00e9paration, tout en ajoutant des saveurs suppl\u00e9mentaires.<\/p>\n<p>S\u00e9lectionnez une soupe ci-dessous pour voir les recettes \u00e9labor\u00e9es par le chef que vos invit\u00e9s aimeront.<\/p>\n<ul>\n<li><a href=\"\/wp-content\/uploads\/2018\/08\/verve-carrot-parsnip-ginger-24688-power-page-fr.pdf\" target=\"_blank\" rel=\"noopener\"><em>Verve<\/em><sup>\u00ae<\/sup> Bisque de Carottes et de Panais avec Gingembre (#24688)<\/a><\/li>\n<li><a href=\"\/wp-content\/uploads\/2018\/08\/verve-green-thai-style-curry-chicken-21055-power-page-fr.pdf\" target=\"_blank\" rel=\"noopener\"><em>Verve<\/em><sup>\u00ae<\/sup> Soupe Style Tha\u00ef au Poulet et Cari Vert (#21055)<\/a><\/li>\n<li><a href=\"\/wp-content\/uploads\/2018\/08\/verve-moroccan-style-nine-vegetable-17491-power-page-fr.pdf\" target=\"_blank\" rel=\"noopener\"><em>Verve<\/em><sup>\u00ae<\/sup> Soupe Marocaine aux Neuf L\u00e9gumes (#17491)<\/a><\/li>\n<li><a href=\"\/wp-content\/uploads\/2018\/08\/verve-roasted-poblano-white-cheddar-soup-tomatillos-21829-power-page-fr.pdf\" target=\"_blank\" rel=\"noopener\"><em>Verve<\/em><sup>\u00ae<\/sup> Soupe aux Piments Poblano Grill\u00e9s, au Cheddar Blanc et aux Tomatilles (#21829)<\/a><\/li>\n<li><a href=\"\/wp-content\/uploads\/2018\/08\/verve-tomato-roasted-red-pepper-bisque-gouda-23323-power-page-fr.pdf\" target=\"_blank\" rel=\"noopener\"><em>Verve<\/em><sup>\u00ae<\/sup> Bisque de Tomates et Poivrons Rouges R\u00f4ti avec Fromage Gouda (#23323)<\/a><\/li>\n<li><a href=\"\/wp-content\/uploads\/2018\/08\/signature-boston-clam-chowder-11904-power-page-fr.pdf\" target=\"_blank\" rel=\"noopener\"><em>Signature<\/em> Chaudre\u00e9 de Palourdes Boston (#11904)<\/a><\/li>\n<li><a href=\"\/wp-content\/uploads\/2018\/08\/signature-butternut-squash-12060-power-page-fr.pdf\" target=\"_blank\" rel=\"noopener\"><em>Signature<\/em> Velout\u00e9 de Courge (#12060)<\/a><\/li>\n<li><a href=\"\/wp-content\/uploads\/2018\/08\/signature-cream-of-chicken-08054-power-page-fr.pdf\" target=\"_blank\" rel=\"noopener\"><em>Signature<\/em> Velout\u00e9 de Volaille (#08054)<\/a><\/li>\n<li><a href=\"\/wp-content\/uploads\/2018\/08\/signature-cream-of-leek-potato-13031-power-page-fr.pdf\" target=\"_blank\" rel=\"noopener\"><em>Signature<\/em> Velout\u00e9 de Poireau et Pomme de Terre (#13031)<\/a><\/li>\n<li><a href=\"\/wp-content\/uploads\/2018\/08\/signature-creole-chicken-gumbo-08297-power-page-fr.pdf\" target=\"_blank\" rel=\"noopener\"><em>Signature<\/em> Poulet et Gombos \u00e0 la Cr\u00e9ole (#08297)<\/a><\/li>\n<li><a href=\"\/wp-content\/uploads\/2018\/08\/signature-french-onion-08171-power-page-fr.pdf\" target=\"_blank\" rel=\"noopener\"><em>Signature<\/em> Oignon \u00e0 La Fran\u00e7aise (#08171)<\/a><\/li>\n<li><a href=\"\/wp-content\/uploads\/2018\/08\/signature-golden-broccoli-cheese-21790-power-page-fr.pdf\" target=\"_blank\" rel=\"noopener\"><em>Signature<\/em> Soupe Brocoli et Fromage Dor\u00e9e (#21790)<\/a><\/li>\n<li><a href=\"\/wp-content\/uploads\/2018\/08\/signature-mexicali-tortilla-10431-power-page-fr.pdf\" target=\"_blank\" rel=\"noopener\"><em>Signature<\/em> Soupe Mexicaine Tortillas (#10431)<\/a><\/li>\n<li><a href=\"\/wp-content\/uploads\/2018\/08\/signature-sauteed-mushroom-onion-bisque-24863-power-page-fr.pdf\" target=\"_blank\" rel=\"noopener\"><em>Signature<\/em> Bisque aux champignons et aux oignons saut\u00e9s (#24863)<\/a><\/li>\n<li><a href=\"\/wp-content\/uploads\/2018\/08\/signature-tomato-bisque-14053-power-page-fr.pdf\" target=\"_blank\" rel=\"noopener\"><em>Signature<\/em> Bisque de Tomates (#14053)<\/a><\/li>\n<li><a href=\"\/wp-content\/uploads\/2018\/08\/signature-vegan-vegetable-20543-power-page-fr.pdf\" target=\"_blank\" rel=\"noopener\"><em>Signature<\/em> V\u00e9g\u00e9talienne aux L\u00e9gumes (#20543)<\/a><\/li>\n<li><a href=\"\/wp-content\/uploads\/2018\/08\/signature-vegetarian-vegetable-11340-power-page-fr.pdf\" target=\"_blank\" rel=\"noopener\"><em>Signature<\/em> L\u00e9gumes V\u00e9g\u00e9tarienne (#11340)<\/a><\/li>\n<\/ul>\n\n","protected":false},"excerpt":{"rendered":"<p>Excellent comme une soupe. G\u00e9nial comme ingr\u00e9dient. Exercez vos comp\u00e9tences culinaires en utilisant les soupes comme ingr\u00e9dients dans vos autres cr\u00e9ations culinaires. Utiliser une soupe comme ingr\u00e9dient dans d\u2019autres plats peut vous aider \u00e0 r\u00e9duire le co\u00fbt des autres ingr\u00e9dients et le temps de pr\u00e9paration, tout en ajoutant des saveurs suppl\u00e9mentaires. S\u00e9lectionnez une soupe ci-dessous [&hellip;]<\/p>\n","protected":false},"author":39,"featured_media":413275,"parent":9948,"menu_order":0,"comment_status":"closed","ping_status":"closed","template":"page-from-pdf.php","meta":[],"acf":[],"yoast_head":"<!-- This site is optimized with the Yoast SEO plugin v21.5 - https:\/\/yoast.com\/wordpress\/plugins\/seo\/ -->\n<title>LA SOUPE COMME INGR\u00c9DIENT - Campbells Food Service Canada<\/title>\n<meta name=\"robots\" content=\"index, follow, max-snippet:-1, max-image-preview:large, max-video-preview:-1\" \/>\n<link rel=\"canonical\" href=\"https:\/\/www.campbellsfoodservice.ca\/fr\/tips-trends\/product-versatility\/soup-as-an-ingredient\/\" \/>\n<meta property=\"og:locale\" content=\"fr_FR\" \/>\n<meta property=\"og:type\" content=\"article\" \/>\n<meta property=\"og:title\" content=\"LA SOUPE COMME INGR\u00c9DIENT - Campbells Food Service Canada\" \/>\n<meta property=\"og:description\" content=\"Excellent comme une soupe. G\u00e9nial comme ingr\u00e9dient. Exercez vos comp\u00e9tences culinaires en utilisant les soupes comme ingr\u00e9dients dans vos autres cr\u00e9ations culinaires. Utiliser une soupe comme ingr\u00e9dient dans d\u2019autres plats peut vous aider \u00e0 r\u00e9duire le co\u00fbt des autres ingr\u00e9dients et le temps de pr\u00e9paration, tout en ajoutant des saveurs suppl\u00e9mentaires. S\u00e9lectionnez une soupe ci-dessous [&hellip;]\" \/>\n<meta property=\"og:url\" content=\"https:\/\/www.campbellsfoodservice.ca\/fr\/tips-trends\/product-versatility\/soup-as-an-ingredient\/\" \/>\n<meta property=\"og:site_name\" content=\"Campbells Food Service Canada\" \/>\n<meta property=\"article:modified_time\" content=\"2018-08-31T17:13:39+00:00\" \/>\n<meta property=\"og:image\" content=\"https:\/\/www.campbellsfoodservice.ca\/wp-content\/uploads\/2018\/08\/chipotle_chicken_lettuce_tacos.jpg\" \/>\n\t<meta property=\"og:image:width\" content=\"440\" \/>\n\t<meta property=\"og:image:height\" content=\"275\" \/>\n\t<meta property=\"og:image:type\" content=\"image\/jpeg\" \/>\n<meta name=\"twitter:card\" content=\"summary_large_image\" \/>\n<meta name=\"twitter:label1\" content=\"Est. reading time\" \/>\n\t<meta name=\"twitter:data1\" content=\"1 minute\" \/>\n<script type=\"application\/ld+json\" class=\"yoast-schema-graph\">{\"@context\":\"https:\/\/schema.org\",\"@graph\":[{\"@type\":\"WebPage\",\"@id\":\"https:\/\/www.campbellsfoodservice.ca\/fr\/tips-trends\/product-versatility\/soup-as-an-ingredient\/\",\"url\":\"https:\/\/www.campbellsfoodservice.ca\/fr\/tips-trends\/product-versatility\/soup-as-an-ingredient\/\",\"name\":\"LA SOUPE COMME INGR\u00c9DIENT - Campbells Food Service Canada\",\"isPartOf\":{\"@id\":\"https:\/\/www.campbellsfoodservice.ca\/fr\/#website\"},\"datePublished\":\"2016-03-05T14:36:45+00:00\",\"dateModified\":\"2018-08-31T17:13:39+00:00\",\"breadcrumb\":{\"@id\":\"https:\/\/www.campbellsfoodservice.ca\/fr\/tips-trends\/product-versatility\/soup-as-an-ingredient\/#breadcrumb\"},\"inLanguage\":\"fr-FR\",\"potentialAction\":[{\"@type\":\"ReadAction\",\"target\":[\"https:\/\/www.campbellsfoodservice.ca\/fr\/tips-trends\/product-versatility\/soup-as-an-ingredient\/\"]}]},{\"@type\":\"BreadcrumbList\",\"@id\":\"https:\/\/www.campbellsfoodservice.ca\/fr\/tips-trends\/product-versatility\/soup-as-an-ingredient\/#breadcrumb\",\"itemListElement\":[{\"@type\":\"ListItem\",\"position\":1,\"name\":\"Home\",\"item\":\"https:\/\/www.campbellsfoodservice.ca\/fr\/\"},{\"@type\":\"ListItem\",\"position\":2,\"name\":\"CONSEILS ET TENDANCES\",\"item\":\"https:\/\/www.campbellsfoodservice.ca\/fr\/tips-trends\/\"},{\"@type\":\"ListItem\",\"position\":3,\"name\":\"POLYVALENCE DES PRODUITS\",\"item\":\"https:\/\/www.campbellsfoodservice.ca\/fr\/tips-trends\/product-versatility\/\"},{\"@type\":\"ListItem\",\"position\":4,\"name\":\"LA SOUPE COMME INGR\u00c9DIENT\"}]},{\"@type\":\"WebSite\",\"@id\":\"https:\/\/www.campbellsfoodservice.ca\/fr\/#website\",\"url\":\"https:\/\/www.campbellsfoodservice.ca\/fr\/\",\"name\":\"Campbells Food Service Canada\",\"description\":\"\",\"potentialAction\":[{\"@type\":\"SearchAction\",\"target\":{\"@type\":\"EntryPoint\",\"urlTemplate\":\"https:\/\/www.campbellsfoodservice.ca\/fr\/?s={search_term_string}\"},\"query-input\":\"required name=search_term_string\"}],\"inLanguage\":\"fr-FR\"}]}<\/script>\n<!-- \/ Yoast SEO plugin. -->","yoast_head_json":{"title":"LA SOUPE COMME INGR\u00c9DIENT - Campbells Food Service Canada","robots":{"index":"index","follow":"follow","max-snippet":"max-snippet:-1","max-image-preview":"max-image-preview:large","max-video-preview":"max-video-preview:-1"},"canonical":"https:\/\/www.campbellsfoodservice.ca\/fr\/tips-trends\/product-versatility\/soup-as-an-ingredient\/","og_locale":"fr_FR","og_type":"article","og_title":"LA SOUPE COMME INGR\u00c9DIENT - Campbells Food Service Canada","og_description":"Excellent comme une soupe. G\u00e9nial comme ingr\u00e9dient. Exercez vos comp\u00e9tences culinaires en utilisant les soupes comme ingr\u00e9dients dans vos autres cr\u00e9ations culinaires. Utiliser une soupe comme ingr\u00e9dient dans d\u2019autres plats peut vous aider \u00e0 r\u00e9duire le co\u00fbt des autres ingr\u00e9dients et le temps de pr\u00e9paration, tout en ajoutant des saveurs suppl\u00e9mentaires. S\u00e9lectionnez une soupe ci-dessous [&hellip;]","og_url":"https:\/\/www.campbellsfoodservice.ca\/fr\/tips-trends\/product-versatility\/soup-as-an-ingredient\/","og_site_name":"Campbells Food Service Canada","article_modified_time":"2018-08-31T17:13:39+00:00","og_image":[{"width":440,"height":275,"url":"https:\/\/www.campbellsfoodservice.ca\/wp-content\/uploads\/2018\/08\/chipotle_chicken_lettuce_tacos.jpg","type":"image\/jpeg"}],"twitter_card":"summary_large_image","twitter_misc":{"Est. reading time":"1 minute"},"schema":{"@context":"https:\/\/schema.org","@graph":[{"@type":"WebPage","@id":"https:\/\/www.campbellsfoodservice.ca\/fr\/tips-trends\/product-versatility\/soup-as-an-ingredient\/","url":"https:\/\/www.campbellsfoodservice.ca\/fr\/tips-trends\/product-versatility\/soup-as-an-ingredient\/","name":"LA SOUPE COMME INGR\u00c9DIENT - Campbells Food Service Canada","isPartOf":{"@id":"https:\/\/www.campbellsfoodservice.ca\/fr\/#website"},"datePublished":"2016-03-05T14:36:45+00:00","dateModified":"2018-08-31T17:13:39+00:00","breadcrumb":{"@id":"https:\/\/www.campbellsfoodservice.ca\/fr\/tips-trends\/product-versatility\/soup-as-an-ingredient\/#breadcrumb"},"inLanguage":"fr-FR","potentialAction":[{"@type":"ReadAction","target":["https:\/\/www.campbellsfoodservice.ca\/fr\/tips-trends\/product-versatility\/soup-as-an-ingredient\/"]}]},{"@type":"BreadcrumbList","@id":"https:\/\/www.campbellsfoodservice.ca\/fr\/tips-trends\/product-versatility\/soup-as-an-ingredient\/#breadcrumb","itemListElement":[{"@type":"ListItem","position":1,"name":"Home","item":"https:\/\/www.campbellsfoodservice.ca\/fr\/"},{"@type":"ListItem","position":2,"name":"CONSEILS ET TENDANCES","item":"https:\/\/www.campbellsfoodservice.ca\/fr\/tips-trends\/"},{"@type":"ListItem","position":3,"name":"POLYVALENCE DES PRODUITS","item":"https:\/\/www.campbellsfoodservice.ca\/fr\/tips-trends\/product-versatility\/"},{"@type":"ListItem","position":4,"name":"LA SOUPE COMME INGR\u00c9DIENT"}]},{"@type":"WebSite","@id":"https:\/\/www.campbellsfoodservice.ca\/fr\/#website","url":"https:\/\/www.campbellsfoodservice.ca\/fr\/","name":"Campbells Food Service Canada","description":"","potentialAction":[{"@type":"SearchAction","target":{"@type":"EntryPoint","urlTemplate":"https:\/\/www.campbellsfoodservice.ca\/fr\/?s={search_term_string}"},"query-input":"required name=search_term_string"}],"inLanguage":"fr-FR"}]}},"_links":{"self":[{"href":"https:\/\/www.campbellsfoodservice.ca\/fr\/wp-json\/wp\/v2\/pages\/9952"}],"collection":[{"href":"https:\/\/www.campbellsfoodservice.ca\/fr\/wp-json\/wp\/v2\/pages"}],"about":[{"href":"https:\/\/www.campbellsfoodservice.ca\/fr\/wp-json\/wp\/v2\/types\/page"}],"author":[{"embeddable":true,"href":"https:\/\/www.campbellsfoodservice.ca\/fr\/wp-json\/wp\/v2\/users\/39"}],"replies":[{"embeddable":true,"href":"https:\/\/www.campbellsfoodservice.ca\/fr\/wp-json\/wp\/v2\/comments?post=9952"}],"version-history":[{"count":0,"href":"https:\/\/www.campbellsfoodservice.ca\/fr\/wp-json\/wp\/v2\/pages\/9952\/revisions"}],"up":[{"embeddable":true,"href":"https:\/\/www.campbellsfoodservice.ca\/fr\/wp-json\/wp\/v2\/pages\/9948"}],"wp:featuredmedia":[{"embeddable":true,"href":"https:\/\/www.campbellsfoodservice.ca\/fr\/wp-json\/wp\/v2\/media\/413275"}],"wp:attachment":[{"href":"https:\/\/www.campbellsfoodservice.ca\/fr\/wp-json\/wp\/v2\/media?parent=9952"}],"curies":[{"name":"wp","href":"https:\/\/api.w.org\/{rel}","templated":true}]}}