{"id":9950,"date":"2016-01-05T22:17:49","date_gmt":"2016-01-05T22:17:49","guid":{"rendered":"https:\/\/www.campbellsfoodservice.ca\/?page_id=9950\/"},"modified":"2017-05-22T14:05:12","modified_gmt":"2017-05-22T14:05:12","slug":"flavour-fusion","status":"publish","type":"page","link":"https:\/\/www.campbellsfoodservice.ca\/fr\/tips-trends\/product-versatility\/flavour-fusion\/","title":{"rendered":"RECETTES DE FUSION DE SAVEURS"},"content":{"rendered":"<p>Offrez davantage les saveurs que les clients recherchent. Avec le programme Fusion des saveurs de Campbell\u00ae, il est facile d\u2019ajouter de nouvelles saveurs \u00e0 votre menu : il vous suffit de combiner \u00e0 parts \u00e9gales deux soupes Signature de Campbell\u00ae surgel\u00e9es en sac pr\u00eates \u00e0 servir.<\/p>\n<p><strong>Boeuf et brocoli au fromage <\/strong>=<br \/>\nR\u00f4ti de boeuf brais\u00e9 + Brocoli et cheddar<\/p>\n<p><strong>Chaudr\u00e9e de poulet et de ma\u00efs bien garnie <\/strong>=<br \/>\nChili v\u00e9g\u00e9tarien du Sud-Ouest + Chaudr\u00e9e de poulet et de ma\u00efs avec poivrons<\/p>\n<p><strong>Chaudr\u00e9e rustique au poulet, au ma\u00efs et aux tomates<\/strong> =<br \/>\nChaudr\u00e9e de poulet et de ma\u00efs avec poivrons + Bisque aux tomates avec basilic<\/p>\n<p><strong>Soupe tortilla toute garnie<\/strong> =<br \/>\nPoulet et tortilla + Pomme de terre au four toute garnie<\/p>\n<p><strong>Soupe cr\u00e9meuse brocoli et pomme de terre avec cheddar<\/strong> =<br \/>\nBrocoli et cheddar + Pomme de terre au four toute garnie<\/p>\n<p><strong>Bisque de pomme de terre avec champignons et oignons<\/strong> =<br \/>\nPomme de terre au four toute garnie + Bisque aux champignons et aux oignons saut\u00e9s<\/p>\n<p><strong>Soupe cr\u00e9meuse poulet et tortilla<\/strong> =<br \/>\nPoulet et tortilla + Chaudr\u00e9e de poulet et de ma\u00efs avec poivrons<\/p>\n<p><strong>Soupe poulet r\u00f4ti et tomates<\/strong> =<br \/>\nBisque aux tomates avec basilic + Poulet r\u00f4ti et nouilles avec fines herbes<\/p>\n<p><strong>Bisque cr\u00e9meuse de l\u00e9gumes du jardin<\/strong> =<br \/>\nBisque aux champignons et aux oignons saut\u00e9s + Bisque aux tomates avec basilic<\/p>\n","protected":false},"excerpt":{"rendered":"<p>Offrez davantage les saveurs que les clients recherchent. Avec le programme Fusion des saveurs de Campbell\u00ae, il est facile d\u2019ajouter de nouvelles saveurs \u00e0 votre menu : il vous suffit de combiner \u00e0 parts \u00e9gales deux soupes Signature de Campbell\u00ae surgel\u00e9es en sac pr\u00eates \u00e0 servir. Boeuf et brocoli au fromage = R\u00f4ti de boeuf [&hellip;]<\/p>\n","protected":false},"author":39,"featured_media":6646,"parent":9948,"menu_order":0,"comment_status":"closed","ping_status":"closed","template":"page-from-pdf.php","meta":[],"acf":[],"yoast_head":"<!-- This site is optimized with the Yoast SEO plugin v21.5 - https:\/\/yoast.com\/wordpress\/plugins\/seo\/ -->\n<title>RECETTES DE FUSION DE SAVEURS - Campbells Food Service Canada<\/title>\n<meta name=\"robots\" content=\"index, follow, max-snippet:-1, max-image-preview:large, max-video-preview:-1\" \/>\n<link rel=\"canonical\" href=\"https:\/\/www.campbellsfoodservice.ca\/fr\/tips-trends\/product-versatility\/flavour-fusion\/\" \/>\n<meta property=\"og:locale\" content=\"fr_FR\" \/>\n<meta property=\"og:type\" content=\"article\" \/>\n<meta property=\"og:title\" content=\"RECETTES DE FUSION DE SAVEURS - Campbells Food Service Canada\" \/>\n<meta property=\"og:description\" content=\"Offrez davantage les saveurs que les clients recherchent. Avec le programme Fusion des saveurs de Campbell\u00ae, il est facile d\u2019ajouter de nouvelles saveurs \u00e0 votre menu : il vous suffit de combiner \u00e0 parts \u00e9gales deux soupes Signature de Campbell\u00ae surgel\u00e9es en sac pr\u00eates \u00e0 servir. Boeuf et brocoli au fromage = R\u00f4ti de boeuf [&hellip;]\" \/>\n<meta property=\"og:url\" content=\"https:\/\/www.campbellsfoodservice.ca\/fr\/tips-trends\/product-versatility\/flavour-fusion\/\" \/>\n<meta property=\"og:site_name\" content=\"Campbells Food Service Canada\" \/>\n<meta property=\"article:modified_time\" content=\"2017-05-22T14:05:12+00:00\" \/>\n<meta property=\"og:image\" content=\"https:\/\/www.campbellsfoodservice.ca\/wp-content\/uploads\/2016\/01\/flavor-fusion-1.jpg\" \/>\n\t<meta property=\"og:image:width\" content=\"440\" \/>\n\t<meta property=\"og:image:height\" content=\"275\" \/>\n\t<meta property=\"og:image:type\" content=\"image\/jpeg\" \/>\n<meta name=\"twitter:card\" content=\"summary_large_image\" \/>\n<meta name=\"twitter:label1\" content=\"Est. reading time\" \/>\n\t<meta name=\"twitter:data1\" content=\"1 minute\" \/>\n<script type=\"application\/ld+json\" class=\"yoast-schema-graph\">{\"@context\":\"https:\/\/schema.org\",\"@graph\":[{\"@type\":\"WebPage\",\"@id\":\"https:\/\/www.campbellsfoodservice.ca\/fr\/tips-trends\/product-versatility\/flavour-fusion\/\",\"url\":\"https:\/\/www.campbellsfoodservice.ca\/fr\/tips-trends\/product-versatility\/flavour-fusion\/\",\"name\":\"RECETTES DE FUSION DE SAVEURS - Campbells Food Service Canada\",\"isPartOf\":{\"@id\":\"https:\/\/www.campbellsfoodservice.ca\/fr\/#website\"},\"datePublished\":\"2016-01-05T22:17:49+00:00\",\"dateModified\":\"2017-05-22T14:05:12+00:00\",\"breadcrumb\":{\"@id\":\"https:\/\/www.campbellsfoodservice.ca\/fr\/tips-trends\/product-versatility\/flavour-fusion\/#breadcrumb\"},\"inLanguage\":\"fr-FR\",\"potentialAction\":[{\"@type\":\"ReadAction\",\"target\":[\"https:\/\/www.campbellsfoodservice.ca\/fr\/tips-trends\/product-versatility\/flavour-fusion\/\"]}]},{\"@type\":\"BreadcrumbList\",\"@id\":\"https:\/\/www.campbellsfoodservice.ca\/fr\/tips-trends\/product-versatility\/flavour-fusion\/#breadcrumb\",\"itemListElement\":[{\"@type\":\"ListItem\",\"position\":1,\"name\":\"Home\",\"item\":\"https:\/\/www.campbellsfoodservice.ca\/fr\/\"},{\"@type\":\"ListItem\",\"position\":2,\"name\":\"CONSEILS ET TENDANCES\",\"item\":\"https:\/\/www.campbellsfoodservice.ca\/fr\/tips-trends\/\"},{\"@type\":\"ListItem\",\"position\":3,\"name\":\"POLYVALENCE DES PRODUITS\",\"item\":\"https:\/\/www.campbellsfoodservice.ca\/fr\/tips-trends\/product-versatility\/\"},{\"@type\":\"ListItem\",\"position\":4,\"name\":\"RECETTES DE FUSION DE SAVEURS\"}]},{\"@type\":\"WebSite\",\"@id\":\"https:\/\/www.campbellsfoodservice.ca\/fr\/#website\",\"url\":\"https:\/\/www.campbellsfoodservice.ca\/fr\/\",\"name\":\"Campbells Food Service Canada\",\"description\":\"\",\"potentialAction\":[{\"@type\":\"SearchAction\",\"target\":{\"@type\":\"EntryPoint\",\"urlTemplate\":\"https:\/\/www.campbellsfoodservice.ca\/fr\/?s={search_term_string}\"},\"query-input\":\"required name=search_term_string\"}],\"inLanguage\":\"fr-FR\"}]}<\/script>\n<!-- \/ Yoast SEO plugin. -->","yoast_head_json":{"title":"RECETTES DE FUSION DE SAVEURS - Campbells Food Service Canada","robots":{"index":"index","follow":"follow","max-snippet":"max-snippet:-1","max-image-preview":"max-image-preview:large","max-video-preview":"max-video-preview:-1"},"canonical":"https:\/\/www.campbellsfoodservice.ca\/fr\/tips-trends\/product-versatility\/flavour-fusion\/","og_locale":"fr_FR","og_type":"article","og_title":"RECETTES DE FUSION DE SAVEURS - Campbells Food Service Canada","og_description":"Offrez davantage les saveurs que les clients recherchent. Avec le programme Fusion des saveurs de Campbell\u00ae, il est facile d\u2019ajouter de nouvelles saveurs \u00e0 votre menu : il vous suffit de combiner \u00e0 parts \u00e9gales deux soupes Signature de Campbell\u00ae surgel\u00e9es en sac pr\u00eates \u00e0 servir. Boeuf et brocoli au fromage = R\u00f4ti de boeuf [&hellip;]","og_url":"https:\/\/www.campbellsfoodservice.ca\/fr\/tips-trends\/product-versatility\/flavour-fusion\/","og_site_name":"Campbells Food Service Canada","article_modified_time":"2017-05-22T14:05:12+00:00","og_image":[{"width":440,"height":275,"url":"https:\/\/www.campbellsfoodservice.ca\/wp-content\/uploads\/2016\/01\/flavor-fusion-1.jpg","type":"image\/jpeg"}],"twitter_card":"summary_large_image","twitter_misc":{"Est. reading time":"1 minute"},"schema":{"@context":"https:\/\/schema.org","@graph":[{"@type":"WebPage","@id":"https:\/\/www.campbellsfoodservice.ca\/fr\/tips-trends\/product-versatility\/flavour-fusion\/","url":"https:\/\/www.campbellsfoodservice.ca\/fr\/tips-trends\/product-versatility\/flavour-fusion\/","name":"RECETTES DE FUSION DE SAVEURS - Campbells Food Service Canada","isPartOf":{"@id":"https:\/\/www.campbellsfoodservice.ca\/fr\/#website"},"datePublished":"2016-01-05T22:17:49+00:00","dateModified":"2017-05-22T14:05:12+00:00","breadcrumb":{"@id":"https:\/\/www.campbellsfoodservice.ca\/fr\/tips-trends\/product-versatility\/flavour-fusion\/#breadcrumb"},"inLanguage":"fr-FR","potentialAction":[{"@type":"ReadAction","target":["https:\/\/www.campbellsfoodservice.ca\/fr\/tips-trends\/product-versatility\/flavour-fusion\/"]}]},{"@type":"BreadcrumbList","@id":"https:\/\/www.campbellsfoodservice.ca\/fr\/tips-trends\/product-versatility\/flavour-fusion\/#breadcrumb","itemListElement":[{"@type":"ListItem","position":1,"name":"Home","item":"https:\/\/www.campbellsfoodservice.ca\/fr\/"},{"@type":"ListItem","position":2,"name":"CONSEILS ET TENDANCES","item":"https:\/\/www.campbellsfoodservice.ca\/fr\/tips-trends\/"},{"@type":"ListItem","position":3,"name":"POLYVALENCE DES PRODUITS","item":"https:\/\/www.campbellsfoodservice.ca\/fr\/tips-trends\/product-versatility\/"},{"@type":"ListItem","position":4,"name":"RECETTES DE FUSION DE SAVEURS"}]},{"@type":"WebSite","@id":"https:\/\/www.campbellsfoodservice.ca\/fr\/#website","url":"https:\/\/www.campbellsfoodservice.ca\/fr\/","name":"Campbells Food Service Canada","description":"","potentialAction":[{"@type":"SearchAction","target":{"@type":"EntryPoint","urlTemplate":"https:\/\/www.campbellsfoodservice.ca\/fr\/?s={search_term_string}"},"query-input":"required name=search_term_string"}],"inLanguage":"fr-FR"}]}},"_links":{"self":[{"href":"https:\/\/www.campbellsfoodservice.ca\/fr\/wp-json\/wp\/v2\/pages\/9950"}],"collection":[{"href":"https:\/\/www.campbellsfoodservice.ca\/fr\/wp-json\/wp\/v2\/pages"}],"about":[{"href":"https:\/\/www.campbellsfoodservice.ca\/fr\/wp-json\/wp\/v2\/types\/page"}],"author":[{"embeddable":true,"href":"https:\/\/www.campbellsfoodservice.ca\/fr\/wp-json\/wp\/v2\/users\/39"}],"replies":[{"embeddable":true,"href":"https:\/\/www.campbellsfoodservice.ca\/fr\/wp-json\/wp\/v2\/comments?post=9950"}],"version-history":[{"count":0,"href":"https:\/\/www.campbellsfoodservice.ca\/fr\/wp-json\/wp\/v2\/pages\/9950\/revisions"}],"up":[{"embeddable":true,"href":"https:\/\/www.campbellsfoodservice.ca\/fr\/wp-json\/wp\/v2\/pages\/9948"}],"wp:featuredmedia":[{"embeddable":true,"href":"https:\/\/www.campbellsfoodservice.ca\/fr\/wp-json\/wp\/v2\/media\/6646"}],"wp:attachment":[{"href":"https:\/\/www.campbellsfoodservice.ca\/fr\/wp-json\/wp\/v2\/media?parent=9950"}],"curies":[{"name":"wp","href":"https:\/\/api.w.org\/{rel}","templated":true}]}}