{"id":9948,"date":"2016-01-04T17:01:17","date_gmt":"2016-01-04T17:01:17","guid":{"rendered":"https:\/\/www.campbellsfoodservice.ca\/?page_id=9948\/"},"modified":"2017-05-22T14:12:32","modified_gmt":"2017-05-22T14:12:32","slug":"product-versatility","status":"publish","type":"page","link":"https:\/\/www.campbellsfoodservice.ca\/fr\/tips-trends\/product-versatility\/","title":{"rendered":"POLYVALENCE DES PRODUITS"},"content":{"rendered":"<p>Que vous cherchiez \u00e0 exprimer votre cr\u00e9ativit\u00e9 culinaire ou \u00e0 obtenir le meilleur rendement de votre investissement, la polyvalence des produits que propose le Service alimentaire de Campbell\u2019s vous soutiendra tous les jours. Vous pouvez imaginer de nouvelles fa\u00e7ons d\u2019utiliser nos produits ou cr\u00e9er des combinaisons auxquelles vous n\u2019aviez jamais pens\u00e9.<\/p>\n","protected":false},"excerpt":{"rendered":"<p>Que vous cherchiez \u00e0 exprimer votre cr\u00e9ativit\u00e9 culinaire ou \u00e0 obtenir le meilleur rendement de votre investissement, la polyvalence des produits que propose le Service alimentaire de Campbell\u2019s vous soutiendra tous les jours. Vous pouvez imaginer de nouvelles fa\u00e7ons d\u2019utiliser nos produits ou cr\u00e9er des combinaisons auxquelles vous n\u2019aviez jamais pens\u00e9.<\/p>\n","protected":false},"author":39,"featured_media":0,"parent":9774,"menu_order":0,"comment_status":"closed","ping_status":"closed","template":"page-landing-selection.php","meta":[],"acf":[],"yoast_head":"<!-- This site is optimized with the Yoast SEO plugin v21.5 - https:\/\/yoast.com\/wordpress\/plugins\/seo\/ -->\n<title>POLYVALENCE DES PRODUITS - Campbells Food Service Canada<\/title>\n<meta name=\"robots\" content=\"index, follow, max-snippet:-1, max-image-preview:large, max-video-preview:-1\" \/>\n<link rel=\"canonical\" href=\"https:\/\/www.campbellsfoodservice.ca\/fr\/tips-trends\/product-versatility\/\" \/>\n<meta property=\"og:locale\" content=\"fr_FR\" \/>\n<meta property=\"og:type\" content=\"article\" \/>\n<meta property=\"og:title\" content=\"POLYVALENCE DES PRODUITS - Campbells Food Service Canada\" \/>\n<meta property=\"og:description\" content=\"Que vous cherchiez \u00e0 exprimer votre cr\u00e9ativit\u00e9 culinaire ou \u00e0 obtenir le meilleur rendement de votre investissement, la polyvalence des produits que propose le Service alimentaire de Campbell\u2019s vous soutiendra tous les jours. Vous pouvez imaginer de nouvelles fa\u00e7ons d\u2019utiliser nos produits ou cr\u00e9er des combinaisons auxquelles vous n\u2019aviez jamais pens\u00e9.\" \/>\n<meta property=\"og:url\" content=\"https:\/\/www.campbellsfoodservice.ca\/fr\/tips-trends\/product-versatility\/\" \/>\n<meta property=\"og:site_name\" content=\"Campbells Food Service Canada\" \/>\n<meta property=\"article:modified_time\" content=\"2017-05-22T14:12:32+00:00\" \/>\n<meta name=\"twitter:card\" content=\"summary_large_image\" \/>\n<script type=\"application\/ld+json\" class=\"yoast-schema-graph\">{\"@context\":\"https:\/\/schema.org\",\"@graph\":[{\"@type\":\"WebPage\",\"@id\":\"https:\/\/www.campbellsfoodservice.ca\/fr\/tips-trends\/product-versatility\/\",\"url\":\"https:\/\/www.campbellsfoodservice.ca\/fr\/tips-trends\/product-versatility\/\",\"name\":\"POLYVALENCE DES PRODUITS - Campbells Food Service Canada\",\"isPartOf\":{\"@id\":\"https:\/\/www.campbellsfoodservice.ca\/fr\/#website\"},\"datePublished\":\"2016-01-04T17:01:17+00:00\",\"dateModified\":\"2017-05-22T14:12:32+00:00\",\"breadcrumb\":{\"@id\":\"https:\/\/www.campbellsfoodservice.ca\/fr\/tips-trends\/product-versatility\/#breadcrumb\"},\"inLanguage\":\"fr-FR\",\"potentialAction\":[{\"@type\":\"ReadAction\",\"target\":[\"https:\/\/www.campbellsfoodservice.ca\/fr\/tips-trends\/product-versatility\/\"]}]},{\"@type\":\"BreadcrumbList\",\"@id\":\"https:\/\/www.campbellsfoodservice.ca\/fr\/tips-trends\/product-versatility\/#breadcrumb\",\"itemListElement\":[{\"@type\":\"ListItem\",\"position\":1,\"name\":\"Home\",\"item\":\"https:\/\/www.campbellsfoodservice.ca\/fr\/\"},{\"@type\":\"ListItem\",\"position\":2,\"name\":\"CONSEILS ET TENDANCES\",\"item\":\"https:\/\/www.campbellsfoodservice.ca\/fr\/tips-trends\/\"},{\"@type\":\"ListItem\",\"position\":3,\"name\":\"POLYVALENCE DES PRODUITS\"}]},{\"@type\":\"WebSite\",\"@id\":\"https:\/\/www.campbellsfoodservice.ca\/fr\/#website\",\"url\":\"https:\/\/www.campbellsfoodservice.ca\/fr\/\",\"name\":\"Campbells Food Service Canada\",\"description\":\"\",\"potentialAction\":[{\"@type\":\"SearchAction\",\"target\":{\"@type\":\"EntryPoint\",\"urlTemplate\":\"https:\/\/www.campbellsfoodservice.ca\/fr\/?s={search_term_string}\"},\"query-input\":\"required name=search_term_string\"}],\"inLanguage\":\"fr-FR\"}]}<\/script>\n<!-- \/ Yoast SEO plugin. -->","yoast_head_json":{"title":"POLYVALENCE DES PRODUITS - Campbells Food Service Canada","robots":{"index":"index","follow":"follow","max-snippet":"max-snippet:-1","max-image-preview":"max-image-preview:large","max-video-preview":"max-video-preview:-1"},"canonical":"https:\/\/www.campbellsfoodservice.ca\/fr\/tips-trends\/product-versatility\/","og_locale":"fr_FR","og_type":"article","og_title":"POLYVALENCE DES PRODUITS - Campbells Food Service Canada","og_description":"Que vous cherchiez \u00e0 exprimer votre cr\u00e9ativit\u00e9 culinaire ou \u00e0 obtenir le meilleur rendement de votre investissement, la polyvalence des produits que propose le Service alimentaire de Campbell\u2019s vous soutiendra tous les jours. Vous pouvez imaginer de nouvelles fa\u00e7ons d\u2019utiliser nos produits ou cr\u00e9er des combinaisons auxquelles vous n\u2019aviez jamais pens\u00e9.","og_url":"https:\/\/www.campbellsfoodservice.ca\/fr\/tips-trends\/product-versatility\/","og_site_name":"Campbells Food Service Canada","article_modified_time":"2017-05-22T14:12:32+00:00","twitter_card":"summary_large_image","schema":{"@context":"https:\/\/schema.org","@graph":[{"@type":"WebPage","@id":"https:\/\/www.campbellsfoodservice.ca\/fr\/tips-trends\/product-versatility\/","url":"https:\/\/www.campbellsfoodservice.ca\/fr\/tips-trends\/product-versatility\/","name":"POLYVALENCE DES PRODUITS - Campbells Food Service Canada","isPartOf":{"@id":"https:\/\/www.campbellsfoodservice.ca\/fr\/#website"},"datePublished":"2016-01-04T17:01:17+00:00","dateModified":"2017-05-22T14:12:32+00:00","breadcrumb":{"@id":"https:\/\/www.campbellsfoodservice.ca\/fr\/tips-trends\/product-versatility\/#breadcrumb"},"inLanguage":"fr-FR","potentialAction":[{"@type":"ReadAction","target":["https:\/\/www.campbellsfoodservice.ca\/fr\/tips-trends\/product-versatility\/"]}]},{"@type":"BreadcrumbList","@id":"https:\/\/www.campbellsfoodservice.ca\/fr\/tips-trends\/product-versatility\/#breadcrumb","itemListElement":[{"@type":"ListItem","position":1,"name":"Home","item":"https:\/\/www.campbellsfoodservice.ca\/fr\/"},{"@type":"ListItem","position":2,"name":"CONSEILS ET TENDANCES","item":"https:\/\/www.campbellsfoodservice.ca\/fr\/tips-trends\/"},{"@type":"ListItem","position":3,"name":"POLYVALENCE DES PRODUITS"}]},{"@type":"WebSite","@id":"https:\/\/www.campbellsfoodservice.ca\/fr\/#website","url":"https:\/\/www.campbellsfoodservice.ca\/fr\/","name":"Campbells Food Service Canada","description":"","potentialAction":[{"@type":"SearchAction","target":{"@type":"EntryPoint","urlTemplate":"https:\/\/www.campbellsfoodservice.ca\/fr\/?s={search_term_string}"},"query-input":"required name=search_term_string"}],"inLanguage":"fr-FR"}]}},"_links":{"self":[{"href":"https:\/\/www.campbellsfoodservice.ca\/fr\/wp-json\/wp\/v2\/pages\/9948"}],"collection":[{"href":"https:\/\/www.campbellsfoodservice.ca\/fr\/wp-json\/wp\/v2\/pages"}],"about":[{"href":"https:\/\/www.campbellsfoodservice.ca\/fr\/wp-json\/wp\/v2\/types\/page"}],"author":[{"embeddable":true,"href":"https:\/\/www.campbellsfoodservice.ca\/fr\/wp-json\/wp\/v2\/users\/39"}],"replies":[{"embeddable":true,"href":"https:\/\/www.campbellsfoodservice.ca\/fr\/wp-json\/wp\/v2\/comments?post=9948"}],"version-history":[{"count":0,"href":"https:\/\/www.campbellsfoodservice.ca\/fr\/wp-json\/wp\/v2\/pages\/9948\/revisions"}],"up":[{"embeddable":true,"href":"https:\/\/www.campbellsfoodservice.ca\/fr\/wp-json\/wp\/v2\/pages\/9774"}],"wp:attachment":[{"href":"https:\/\/www.campbellsfoodservice.ca\/fr\/wp-json\/wp\/v2\/media?parent=9948"}],"curies":[{"name":"wp","href":"https:\/\/api.w.org\/{rel}","templated":true}]}}