{"id":9933,"date":"2016-01-05T22:19:18","date_gmt":"2016-01-05T22:19:18","guid":{"rendered":"https:\/\/www.campbellsfoodservice.ca\/?page_id=9933\/"},"modified":"2017-05-22T14:27:51","modified_gmt":"2017-05-22T14:27:51","slug":"whats-in-a-name","status":"publish","type":"page","link":"https:\/\/www.campbellsfoodservice.ca\/fr\/tips-trends\/garnishing-presentation\/whats-in-a-name\/","title":{"rendered":"UN NOM QUI DIT TOUT?"},"content":{"rendered":"<p>Le bon nom au menu a le pouvoir d\u2019attirer les clients. Pensez \u00e0 mettre en valeur des ingr\u00e9dients cl\u00e9s pour attirer l\u2019attention sur l\u2019authenticit\u00e9, la fra\u00eecheur et l\u2019attrait r\u00e9gional!<\/p>\n<p>Jetez un coup d\u2019\u0153il \u00e0 ces id\u00e9es de noms pour les soupes Signature de Campbell\u2019s<sup>\u00ae<\/sup>.<\/p>\n<p>Au lieu de <a href=\"https:\/\/www.campbellsfoodservice.ca\/product\/campbells-signature-beef-pot-roast\/\">R\u00f4ti de b\u0153uf brais\u00e9<\/a>, essayez :<\/p>\n<ul>\n<li>Rago\u00fbt de b\u0153uf nourrissant<\/li>\n<li>B\u0153uf et l\u00e9gumes de campagne<\/li>\n<\/ul>\n<p>Au lieu de <a href=\"https:\/\/www.campbellsfoodservice.ca\/product\/campbells-signature-broccoli-cheddar\/\">Brocoli et cheddar<\/a>, essayez :<\/p>\n<ul>\n<li>Brocoli et cheddar explosion de fromage<\/li>\n<li>Cr\u00e8me de brocoli et de cheddar<\/li>\n<\/ul>\n<p>Au lieu de <a href=\"https:\/\/www.campbellsfoodservice.ca\/product\/campbells-signature-buffalo-style-chicken-with-blue-cheese\/\">Poulet style Buffalo avec fromage bleu<\/a>, essayez :<\/p>\n<ul>\n<li>Soupe cr\u00e9meuse au poulet et au fromage bleu<\/li>\n<li>Poulet style Buffalo et l\u00e9gumes<\/li>\n<\/ul>\n<p>Au lieu de <a href=\"https:\/\/www.campbellsfoodservice.ca\/product\/campbells-signature-chicken-corn-chowder-with-sweet-peppers\/\">Chaudr\u00e9e de poulet et de ma\u00efs avec poivrons<\/a>, essayez :<\/p>\n<ul>\n<li>Chaudr\u00e9e du Sud-Ouest au poulet et ma\u00efs<\/li>\n<li>Chaudr\u00e9e Mexi-Cali au poulet et ma\u00efs<\/li>\n<\/ul>\n<p>Au lieu de <a href=\"https:\/\/www.campbellsfoodservice.ca\/product\/campbells-signature-chicken-tortilla\/\">Poulet et tortilla<\/a>, essayez :<\/p>\n<ul>\n<li>Poulet et tortilla Tex-Mex<\/li>\n<li>Soupe aux tortillas avec poulet<\/li>\n<\/ul>\n<p>Au lieu de <a href=\"https:\/\/www.campbellsfoodservice.ca\/product\/campbells-signature-harvest-butternut-squash\/\">Courge musqu\u00e9e de la moisson<\/a>, essayez Bisque \u00e0 la courge musqu\u00e9e.<\/p>\n<p>Au lieu de <a href=\"https:\/\/www.campbellsfoodservice.ca\/product\/campbells-signature-hearty-beef-chili-with-beans\/\">Chili au boeuf nourrissant avec haricots<\/a>, essayez :<\/p>\n<ul>\n<li>Chili au b\u0153uf nourrissant avec haricots de la caserne<\/li>\n<li>Chili au b\u0153uf et aux haricots pour les gros app\u00e9tits<\/li>\n<\/ul>\n<p>Au lieu de <a href=\"https:\/\/www.campbellsfoodservice.ca\/product\/campbells-signature-loaded-baked-potato\/\">Pomme de terre au four toute garnie<\/a>, essayez :<\/p>\n<ul>\n<li>Pomme de terre au four toute garnie avec bacon<\/li>\n<li>Pomme de terre au four sublime<\/li>\n<\/ul>\n<p>Au lieu de <a href=\"https:\/\/www.campbellsfoodservice.ca\/product\/campbells-signature-roasted-chicken-noodle-with-herbs\/\">Poulet r\u00f4ti et nouilles avec fines herbes<\/a>, essayez :<\/p>\n<ul>\n<li>Poulet r\u00f4ti aux fines herbes et nouilles<\/li>\n<li>Poulet et nouilles \u00e0 la campagnarde<\/li>\n<\/ul>\n<p>Au lieu de <a href=\"https:\/\/www.campbellsfoodservice.ca\/product\/campbells-signature-sauted-mushroom-onion-bisque\/\">Bisque aux champignons et aux oignons saut\u00e9s<\/a>, essayez :<\/p>\n<ul>\n<li>Bisque aux champignons et aux oignons saut\u00e9s avec x\u00e9r\u00e8s et fines herbes<\/li>\n<li>Bisque aux trois champignons et aux oignons<\/li>\n<\/ul>\n<p>Au lieu de <a href=\"https:\/\/www.campbellsfoodservice.ca\/product\/campbells-signature-southwestern-vegetarian-chili\/\">Chili v\u00e9g\u00e9tarien du Sud-Ouest<\/a>, essayez :<\/p>\n<ul>\n<li>Chili v\u00e9g\u00e9talien \u00e9pic\u00e9 aux haricots<\/li>\n<li>Chili aux l\u00e9gumes Tex-Mex<\/li>\n<\/ul>\n<p>Au lieu de <a href=\"https:\/\/www.campbellsfoodservice.ca\/product\/campbells-signature-tomato-bisque-with-basil\/\">Bisque aux tomates avec basilic<\/a>, essayez :<\/p>\n<ul>\n<li>Bisque cr\u00e9meuse aux tomates avec basilic<\/li>\n<li>Bisque de tomate campagnarde aux fines herbes<\/li>\n<\/ul>\n<p>Au lieu de <a href=\"https:\/\/www.campbellsfoodservice.ca\/product\/campbells-signature-vegan-vegetable-soup\/\">V\u00e9g\u00e9talienne aux l\u00e9gumes<\/a>, essayez :<\/p>\n<ul>\n<li>Rago\u00fbt de haricots v\u00e9g\u00e9talien<\/li>\n<li>M\u00e9lange maison aux huit l\u00e9gumes et aux haricots<\/li>\n<\/ul>\n","protected":false},"excerpt":{"rendered":"<p>Le bon nom au menu a le pouvoir d\u2019attirer les clients. Pensez \u00e0 mettre en valeur des ingr\u00e9dients cl\u00e9s pour attirer l\u2019attention sur l\u2019authenticit\u00e9, la fra\u00eecheur et l\u2019attrait r\u00e9gional! Jetez un coup d\u2019\u0153il \u00e0 ces id\u00e9es de noms pour les soupes Signature de Campbell\u2019s\u00ae. Au lieu de R\u00f4ti de b\u0153uf brais\u00e9, essayez : Rago\u00fbt de [&hellip;]<\/p>\n","protected":false},"author":39,"featured_media":6651,"parent":9780,"menu_order":0,"comment_status":"closed","ping_status":"closed","template":"page-from-pdf.php","meta":[],"acf":[],"yoast_head":"<!-- This site is optimized with the Yoast SEO plugin v21.5 - https:\/\/yoast.com\/wordpress\/plugins\/seo\/ -->\n<title>UN NOM QUI DIT TOUT? - Campbells Food Service Canada<\/title>\n<meta name=\"robots\" content=\"index, follow, max-snippet:-1, max-image-preview:large, max-video-preview:-1\" \/>\n<link rel=\"canonical\" href=\"https:\/\/www.campbellsfoodservice.ca\/fr\/tips-trends\/garnishing-presentation\/whats-in-a-name\/\" \/>\n<meta property=\"og:locale\" content=\"fr_FR\" \/>\n<meta property=\"og:type\" content=\"article\" \/>\n<meta property=\"og:title\" content=\"UN NOM QUI DIT TOUT? - Campbells Food Service Canada\" \/>\n<meta property=\"og:description\" content=\"Le bon nom au menu a le pouvoir d\u2019attirer les clients. Pensez \u00e0 mettre en valeur des ingr\u00e9dients cl\u00e9s pour attirer l\u2019attention sur l\u2019authenticit\u00e9, la fra\u00eecheur et l\u2019attrait r\u00e9gional! Jetez un coup d\u2019\u0153il \u00e0 ces id\u00e9es de noms pour les soupes Signature de Campbell\u2019s\u00ae. Au lieu de R\u00f4ti de b\u0153uf brais\u00e9, essayez : Rago\u00fbt de [&hellip;]\" \/>\n<meta property=\"og:url\" content=\"https:\/\/www.campbellsfoodservice.ca\/fr\/tips-trends\/garnishing-presentation\/whats-in-a-name\/\" \/>\n<meta property=\"og:site_name\" content=\"Campbells Food Service Canada\" \/>\n<meta property=\"article:modified_time\" content=\"2017-05-22T14:27:51+00:00\" \/>\n<meta property=\"og:image\" content=\"https:\/\/www.campbellsfoodservice.ca\/wp-content\/uploads\/2016\/01\/whats-in-a-name-feature-1.jpg\" \/>\n\t<meta property=\"og:image:width\" content=\"440\" \/>\n\t<meta property=\"og:image:height\" content=\"275\" \/>\n\t<meta property=\"og:image:type\" content=\"image\/jpeg\" \/>\n<meta name=\"twitter:card\" content=\"summary_large_image\" \/>\n<meta name=\"twitter:label1\" content=\"Est. reading time\" \/>\n\t<meta name=\"twitter:data1\" content=\"2 minutes\" \/>\n<script type=\"application\/ld+json\" class=\"yoast-schema-graph\">{\"@context\":\"https:\/\/schema.org\",\"@graph\":[{\"@type\":\"WebPage\",\"@id\":\"https:\/\/www.campbellsfoodservice.ca\/fr\/tips-trends\/garnishing-presentation\/whats-in-a-name\/\",\"url\":\"https:\/\/www.campbellsfoodservice.ca\/fr\/tips-trends\/garnishing-presentation\/whats-in-a-name\/\",\"name\":\"UN NOM QUI DIT TOUT? - Campbells Food Service Canada\",\"isPartOf\":{\"@id\":\"https:\/\/www.campbellsfoodservice.ca\/fr\/#website\"},\"datePublished\":\"2016-01-05T22:19:18+00:00\",\"dateModified\":\"2017-05-22T14:27:51+00:00\",\"breadcrumb\":{\"@id\":\"https:\/\/www.campbellsfoodservice.ca\/fr\/tips-trends\/garnishing-presentation\/whats-in-a-name\/#breadcrumb\"},\"inLanguage\":\"fr-FR\",\"potentialAction\":[{\"@type\":\"ReadAction\",\"target\":[\"https:\/\/www.campbellsfoodservice.ca\/fr\/tips-trends\/garnishing-presentation\/whats-in-a-name\/\"]}]},{\"@type\":\"BreadcrumbList\",\"@id\":\"https:\/\/www.campbellsfoodservice.ca\/fr\/tips-trends\/garnishing-presentation\/whats-in-a-name\/#breadcrumb\",\"itemListElement\":[{\"@type\":\"ListItem\",\"position\":1,\"name\":\"Home\",\"item\":\"https:\/\/www.campbellsfoodservice.ca\/fr\/\"},{\"@type\":\"ListItem\",\"position\":2,\"name\":\"CONSEILS ET TENDANCES\",\"item\":\"https:\/\/www.campbellsfoodservice.ca\/fr\/tips-trends\/\"},{\"@type\":\"ListItem\",\"position\":3,\"name\":\"D\u00c9CORATION ET PR\u00c9SENTATION\",\"item\":\"https:\/\/www.campbellsfoodservice.ca\/fr\/tips-trends\/garnishing-presentation\/\"},{\"@type\":\"ListItem\",\"position\":4,\"name\":\"UN NOM QUI DIT TOUT?\"}]},{\"@type\":\"WebSite\",\"@id\":\"https:\/\/www.campbellsfoodservice.ca\/fr\/#website\",\"url\":\"https:\/\/www.campbellsfoodservice.ca\/fr\/\",\"name\":\"Campbells Food Service Canada\",\"description\":\"\",\"potentialAction\":[{\"@type\":\"SearchAction\",\"target\":{\"@type\":\"EntryPoint\",\"urlTemplate\":\"https:\/\/www.campbellsfoodservice.ca\/fr\/?s={search_term_string}\"},\"query-input\":\"required name=search_term_string\"}],\"inLanguage\":\"fr-FR\"}]}<\/script>\n<!-- \/ Yoast SEO plugin. -->","yoast_head_json":{"title":"UN NOM QUI DIT TOUT? - Campbells Food Service Canada","robots":{"index":"index","follow":"follow","max-snippet":"max-snippet:-1","max-image-preview":"max-image-preview:large","max-video-preview":"max-video-preview:-1"},"canonical":"https:\/\/www.campbellsfoodservice.ca\/fr\/tips-trends\/garnishing-presentation\/whats-in-a-name\/","og_locale":"fr_FR","og_type":"article","og_title":"UN NOM QUI DIT TOUT? - Campbells Food Service Canada","og_description":"Le bon nom au menu a le pouvoir d\u2019attirer les clients. Pensez \u00e0 mettre en valeur des ingr\u00e9dients cl\u00e9s pour attirer l\u2019attention sur l\u2019authenticit\u00e9, la fra\u00eecheur et l\u2019attrait r\u00e9gional! Jetez un coup d\u2019\u0153il \u00e0 ces id\u00e9es de noms pour les soupes Signature de Campbell\u2019s\u00ae. Au lieu de R\u00f4ti de b\u0153uf brais\u00e9, essayez : Rago\u00fbt de [&hellip;]","og_url":"https:\/\/www.campbellsfoodservice.ca\/fr\/tips-trends\/garnishing-presentation\/whats-in-a-name\/","og_site_name":"Campbells Food Service Canada","article_modified_time":"2017-05-22T14:27:51+00:00","og_image":[{"width":440,"height":275,"url":"https:\/\/www.campbellsfoodservice.ca\/wp-content\/uploads\/2016\/01\/whats-in-a-name-feature-1.jpg","type":"image\/jpeg"}],"twitter_card":"summary_large_image","twitter_misc":{"Est. reading time":"2 minutes"},"schema":{"@context":"https:\/\/schema.org","@graph":[{"@type":"WebPage","@id":"https:\/\/www.campbellsfoodservice.ca\/fr\/tips-trends\/garnishing-presentation\/whats-in-a-name\/","url":"https:\/\/www.campbellsfoodservice.ca\/fr\/tips-trends\/garnishing-presentation\/whats-in-a-name\/","name":"UN NOM QUI DIT TOUT? - Campbells Food Service Canada","isPartOf":{"@id":"https:\/\/www.campbellsfoodservice.ca\/fr\/#website"},"datePublished":"2016-01-05T22:19:18+00:00","dateModified":"2017-05-22T14:27:51+00:00","breadcrumb":{"@id":"https:\/\/www.campbellsfoodservice.ca\/fr\/tips-trends\/garnishing-presentation\/whats-in-a-name\/#breadcrumb"},"inLanguage":"fr-FR","potentialAction":[{"@type":"ReadAction","target":["https:\/\/www.campbellsfoodservice.ca\/fr\/tips-trends\/garnishing-presentation\/whats-in-a-name\/"]}]},{"@type":"BreadcrumbList","@id":"https:\/\/www.campbellsfoodservice.ca\/fr\/tips-trends\/garnishing-presentation\/whats-in-a-name\/#breadcrumb","itemListElement":[{"@type":"ListItem","position":1,"name":"Home","item":"https:\/\/www.campbellsfoodservice.ca\/fr\/"},{"@type":"ListItem","position":2,"name":"CONSEILS ET TENDANCES","item":"https:\/\/www.campbellsfoodservice.ca\/fr\/tips-trends\/"},{"@type":"ListItem","position":3,"name":"D\u00c9CORATION ET PR\u00c9SENTATION","item":"https:\/\/www.campbellsfoodservice.ca\/fr\/tips-trends\/garnishing-presentation\/"},{"@type":"ListItem","position":4,"name":"UN NOM QUI DIT TOUT?"}]},{"@type":"WebSite","@id":"https:\/\/www.campbellsfoodservice.ca\/fr\/#website","url":"https:\/\/www.campbellsfoodservice.ca\/fr\/","name":"Campbells Food Service Canada","description":"","potentialAction":[{"@type":"SearchAction","target":{"@type":"EntryPoint","urlTemplate":"https:\/\/www.campbellsfoodservice.ca\/fr\/?s={search_term_string}"},"query-input":"required name=search_term_string"}],"inLanguage":"fr-FR"}]}},"_links":{"self":[{"href":"https:\/\/www.campbellsfoodservice.ca\/fr\/wp-json\/wp\/v2\/pages\/9933"}],"collection":[{"href":"https:\/\/www.campbellsfoodservice.ca\/fr\/wp-json\/wp\/v2\/pages"}],"about":[{"href":"https:\/\/www.campbellsfoodservice.ca\/fr\/wp-json\/wp\/v2\/types\/page"}],"author":[{"embeddable":true,"href":"https:\/\/www.campbellsfoodservice.ca\/fr\/wp-json\/wp\/v2\/users\/39"}],"replies":[{"embeddable":true,"href":"https:\/\/www.campbellsfoodservice.ca\/fr\/wp-json\/wp\/v2\/comments?post=9933"}],"version-history":[{"count":0,"href":"https:\/\/www.campbellsfoodservice.ca\/fr\/wp-json\/wp\/v2\/pages\/9933\/revisions"}],"up":[{"embeddable":true,"href":"https:\/\/www.campbellsfoodservice.ca\/fr\/wp-json\/wp\/v2\/pages\/9780"}],"wp:featuredmedia":[{"embeddable":true,"href":"https:\/\/www.campbellsfoodservice.ca\/fr\/wp-json\/wp\/v2\/media\/6651"}],"wp:attachment":[{"href":"https:\/\/www.campbellsfoodservice.ca\/fr\/wp-json\/wp\/v2\/media?parent=9933"}],"curies":[{"name":"wp","href":"https:\/\/api.w.org\/{rel}","templated":true}]}}