{"id":9932,"date":"2016-01-05T22:18:31","date_gmt":"2016-01-05T22:18:31","guid":{"rendered":"https:\/\/www.campbellsfoodservice.ca\/?page_id=9932\/"},"modified":"2017-05-22T14:28:29","modified_gmt":"2017-05-22T14:28:29","slug":"soup-garnishing-tips","status":"publish","type":"page","link":"https:\/\/www.campbellsfoodservice.ca\/fr\/tips-trends\/garnishing-presentation\/soup-garnishing-tips\/","title":{"rendered":"CONSEILS DE GARNITURE DE SOUPES"},"content":{"rendered":"<h2><strong>UNE MANI\u00c8RE FACILE DE DONNER UN AIR FRAIS \u00c0 VOS SOUPES<\/strong><\/h2>\n<p>La garniture est une fa\u00e7on simple de donner une allure plus fra\u00eeche, plus sophistiqu\u00e9e et plus d\u00e9licieuse aux soupes. Les clients ont en effet l\u2019impression que les soupes garnies ont une plus grande valeur et vous pouvez les vendre jusqu\u2019\u00e0 25 % plus cher!<\/p>\n<h2><strong>REHAUSSEZ VOTRE PR\u00c9SENTATION GR\u00c2CE \u00c0 CES ID\u00c9ES DE GARNITURES DES SOUPES SIGNATURE DE CAMPBELL\u2019S<\/strong><strong><sup>\u00ae<\/sup><\/strong><\/h2>\n<p><strong>R\u00f4ti de b\u0153uf brais\u00e9<\/strong><br \/>\nChangez la texture avec des croustilles \u00e0 l\u2019ail saut\u00e9es, des cro\u00fbtons, des lardons, un a\u00efoli cr\u00e9meux ou du raifort. Parsemez de thym et de marjolaine \u00e9minc\u00e9s pour rehausser la saveur.<\/p>\n<p><strong>Brocoli et cheddar<\/strong><br \/>\nOptez pour le vert et ajoutez des bouquets de brocoli, des oignons verts ou de la ciboulette. Pour vous g\u00e2ter, accompagnez de croustillants au cheddar fort.<\/p>\n<p><strong>Poulet style Buffalo avec fromage bleu<\/strong><br \/>\nGarnissez de cr\u00e8me sure et de ciboulette \u00e9minc\u00e9e ou rendez le plat plus nourrissant en ajoutant des filets de poitrine de poulet tranch\u00e9s, de la sauce piquante et du fromage bleu \u00e9miett\u00e9.<\/p>\n<p><strong>Chaudr\u00e9e de poulet et de ma\u00efs avec poivrons<\/strong><br \/>\nAmplifiez le contraste des couleurs avec des poivrons rouges en d\u00e9s, des grains de ma\u00efs frais ou de la ciboulette hach\u00e9e.<\/p>\n<p><strong>Poulet et tortilla<\/strong><br \/>\nRenforcez le caract\u00e8re authentique avec des lani\u00e8res de tortilla, de la cr\u00e8me sure, du queso fresco ou de l\u2019avocat.<\/p>\n<p><strong>Poulet et nouilles classique<\/strong><br \/>\nGarnissez de persil hach\u00e9 ou d\u2019un brin de persil pour donner au plat un soup\u00e7on de saveur et de couleur. Ajoutez du poulet r\u00f4ti effiloch\u00e9 ou des nouillettes frites pour obtenir une allure recherch\u00e9e.<\/p>\n<p><strong>Courge musqu\u00e9e de la moisson<\/strong><br \/>\nRehaussez la saveur avec des graines de citrouille grill\u00e9es, des frites de courge musqu\u00e9e et une cuiller\u00e9e de cr\u00e8me fra\u00eeche.<\/p>\n<p><strong>Chili au b\u0153uf nourrissant avec haricots<\/strong><br \/>\nFaites contrepoids aux saveurs \u00e9pic\u00e9es avec de la cr\u00e8me sure ou du cheddar r\u00e2p\u00e9. Mettez un peu de couleur dans le bol en ajoutant des \u00e9chalotes, de l\u2019oignon vert ou de la ciboulette.<\/p>\n<p><strong>Pomme de terre au four toute garnie<\/strong><br \/>\nGarnissez une seconde fois de cheddar, de cr\u00e8me sure, de bacon, d\u2019oignons verts, de ciboulette ou de frites gaufr\u00e9es.<\/p>\n<p><strong>Bisque aux champignons et aux oignons saut\u00e9s<\/strong><br \/>\nAjoutez des ingr\u00e9dients tels que des champignons saut\u00e9s, des oignons frits ou en d\u00e9s, ou des poireaux.<\/p>\n<p><strong>Chili v\u00e9g\u00e9tarien du Sud-Ouest<\/strong><br \/>\nGarnissez d\u2019avocat, de lani\u00e8res de tortilla, de cr\u00e8me sure et de coriandre \u00e9minc\u00e9e pour obtenir une saveur authentique.<\/p>\n<p><strong>Bisque aux tomates avec basilic<\/strong><br \/>\nRehaussez le tout de cr\u00e8me sure, d\u2019une concass\u00e9e de tomates ou de basilic frit.<\/p>\n<p><strong>V\u00e9g\u00e9talienne aux l\u00e9gumes<\/strong><br \/>\n\u00c9levez le facteur fra\u00eecheur avec une julienne de carottes, des tomates en d\u00e9s fum\u00e9es ou saut\u00e9es et des poivrons rouges grill\u00e9s dans un sirop de vinaigre balsamique.<\/p>\n","protected":false},"excerpt":{"rendered":"<p>UNE MANI\u00c8RE FACILE DE DONNER UN AIR FRAIS \u00c0 VOS SOUPES La garniture est une fa\u00e7on simple de donner une allure plus fra\u00eeche, plus sophistiqu\u00e9e et plus d\u00e9licieuse aux soupes. Les clients ont en effet l\u2019impression que les soupes garnies ont une plus grande valeur et vous pouvez les vendre jusqu\u2019\u00e0 25 % plus cher! [&hellip;]<\/p>\n","protected":false},"author":39,"featured_media":6650,"parent":9780,"menu_order":0,"comment_status":"closed","ping_status":"closed","template":"page-soup-garnishing.php","meta":[],"acf":[],"yoast_head":"<!-- This site is optimized with the Yoast SEO plugin v21.5 - https:\/\/yoast.com\/wordpress\/plugins\/seo\/ -->\n<title>CONSEILS DE GARNITURE DE SOUPES - Campbells Food Service Canada<\/title>\n<meta name=\"robots\" content=\"index, follow, max-snippet:-1, max-image-preview:large, max-video-preview:-1\" \/>\n<link rel=\"canonical\" href=\"https:\/\/www.campbellsfoodservice.ca\/fr\/tips-trends\/garnishing-presentation\/soup-garnishing-tips\/\" \/>\n<meta property=\"og:locale\" content=\"fr_FR\" \/>\n<meta property=\"og:type\" content=\"article\" \/>\n<meta property=\"og:title\" content=\"CONSEILS DE GARNITURE DE SOUPES - Campbells Food Service Canada\" \/>\n<meta property=\"og:description\" content=\"UNE MANI\u00c8RE FACILE DE DONNER UN AIR FRAIS \u00c0 VOS SOUPES La garniture est une fa\u00e7on simple de donner une allure plus fra\u00eeche, plus sophistiqu\u00e9e et plus d\u00e9licieuse aux soupes. Les clients ont en effet l\u2019impression que les soupes garnies ont une plus grande valeur et vous pouvez les vendre jusqu\u2019\u00e0 25 % plus cher! [&hellip;]\" \/>\n<meta property=\"og:url\" content=\"https:\/\/www.campbellsfoodservice.ca\/fr\/tips-trends\/garnishing-presentation\/soup-garnishing-tips\/\" \/>\n<meta property=\"og:site_name\" content=\"Campbells Food Service Canada\" \/>\n<meta property=\"article:modified_time\" content=\"2017-05-22T14:28:29+00:00\" \/>\n<meta property=\"og:image\" content=\"https:\/\/www.campbellsfoodservice.ca\/wp-content\/uploads\/2016\/01\/soup-garnishing-tips-1.jpg\" \/>\n\t<meta property=\"og:image:width\" content=\"406\" \/>\n\t<meta property=\"og:image:height\" content=\"144\" \/>\n\t<meta property=\"og:image:type\" content=\"image\/jpeg\" \/>\n<meta name=\"twitter:card\" content=\"summary_large_image\" \/>\n<meta name=\"twitter:label1\" content=\"Est. reading time\" \/>\n\t<meta name=\"twitter:data1\" content=\"3 minutes\" \/>\n<script type=\"application\/ld+json\" class=\"yoast-schema-graph\">{\"@context\":\"https:\/\/schema.org\",\"@graph\":[{\"@type\":\"WebPage\",\"@id\":\"https:\/\/www.campbellsfoodservice.ca\/fr\/tips-trends\/garnishing-presentation\/soup-garnishing-tips\/\",\"url\":\"https:\/\/www.campbellsfoodservice.ca\/fr\/tips-trends\/garnishing-presentation\/soup-garnishing-tips\/\",\"name\":\"CONSEILS DE GARNITURE DE SOUPES - Campbells Food Service Canada\",\"isPartOf\":{\"@id\":\"https:\/\/www.campbellsfoodservice.ca\/fr\/#website\"},\"datePublished\":\"2016-01-05T22:18:31+00:00\",\"dateModified\":\"2017-05-22T14:28:29+00:00\",\"breadcrumb\":{\"@id\":\"https:\/\/www.campbellsfoodservice.ca\/fr\/tips-trends\/garnishing-presentation\/soup-garnishing-tips\/#breadcrumb\"},\"inLanguage\":\"fr-FR\",\"potentialAction\":[{\"@type\":\"ReadAction\",\"target\":[\"https:\/\/www.campbellsfoodservice.ca\/fr\/tips-trends\/garnishing-presentation\/soup-garnishing-tips\/\"]}]},{\"@type\":\"BreadcrumbList\",\"@id\":\"https:\/\/www.campbellsfoodservice.ca\/fr\/tips-trends\/garnishing-presentation\/soup-garnishing-tips\/#breadcrumb\",\"itemListElement\":[{\"@type\":\"ListItem\",\"position\":1,\"name\":\"Home\",\"item\":\"https:\/\/www.campbellsfoodservice.ca\/fr\/\"},{\"@type\":\"ListItem\",\"position\":2,\"name\":\"CONSEILS ET TENDANCES\",\"item\":\"https:\/\/www.campbellsfoodservice.ca\/fr\/tips-trends\/\"},{\"@type\":\"ListItem\",\"position\":3,\"name\":\"D\u00c9CORATION ET PR\u00c9SENTATION\",\"item\":\"https:\/\/www.campbellsfoodservice.ca\/fr\/tips-trends\/garnishing-presentation\/\"},{\"@type\":\"ListItem\",\"position\":4,\"name\":\"CONSEILS DE GARNITURE DE SOUPES\"}]},{\"@type\":\"WebSite\",\"@id\":\"https:\/\/www.campbellsfoodservice.ca\/fr\/#website\",\"url\":\"https:\/\/www.campbellsfoodservice.ca\/fr\/\",\"name\":\"Campbells Food Service Canada\",\"description\":\"\",\"potentialAction\":[{\"@type\":\"SearchAction\",\"target\":{\"@type\":\"EntryPoint\",\"urlTemplate\":\"https:\/\/www.campbellsfoodservice.ca\/fr\/?s={search_term_string}\"},\"query-input\":\"required name=search_term_string\"}],\"inLanguage\":\"fr-FR\"}]}<\/script>\n<!-- \/ Yoast SEO plugin. -->","yoast_head_json":{"title":"CONSEILS DE GARNITURE DE SOUPES - Campbells Food Service Canada","robots":{"index":"index","follow":"follow","max-snippet":"max-snippet:-1","max-image-preview":"max-image-preview:large","max-video-preview":"max-video-preview:-1"},"canonical":"https:\/\/www.campbellsfoodservice.ca\/fr\/tips-trends\/garnishing-presentation\/soup-garnishing-tips\/","og_locale":"fr_FR","og_type":"article","og_title":"CONSEILS DE GARNITURE DE SOUPES - Campbells Food Service Canada","og_description":"UNE MANI\u00c8RE FACILE DE DONNER UN AIR FRAIS \u00c0 VOS SOUPES La garniture est une fa\u00e7on simple de donner une allure plus fra\u00eeche, plus sophistiqu\u00e9e et plus d\u00e9licieuse aux soupes. Les clients ont en effet l\u2019impression que les soupes garnies ont une plus grande valeur et vous pouvez les vendre jusqu\u2019\u00e0 25 % plus cher! [&hellip;]","og_url":"https:\/\/www.campbellsfoodservice.ca\/fr\/tips-trends\/garnishing-presentation\/soup-garnishing-tips\/","og_site_name":"Campbells Food Service Canada","article_modified_time":"2017-05-22T14:28:29+00:00","og_image":[{"width":406,"height":144,"url":"https:\/\/www.campbellsfoodservice.ca\/wp-content\/uploads\/2016\/01\/soup-garnishing-tips-1.jpg","type":"image\/jpeg"}],"twitter_card":"summary_large_image","twitter_misc":{"Est. reading time":"3 minutes"},"schema":{"@context":"https:\/\/schema.org","@graph":[{"@type":"WebPage","@id":"https:\/\/www.campbellsfoodservice.ca\/fr\/tips-trends\/garnishing-presentation\/soup-garnishing-tips\/","url":"https:\/\/www.campbellsfoodservice.ca\/fr\/tips-trends\/garnishing-presentation\/soup-garnishing-tips\/","name":"CONSEILS DE GARNITURE DE SOUPES - Campbells Food Service Canada","isPartOf":{"@id":"https:\/\/www.campbellsfoodservice.ca\/fr\/#website"},"datePublished":"2016-01-05T22:18:31+00:00","dateModified":"2017-05-22T14:28:29+00:00","breadcrumb":{"@id":"https:\/\/www.campbellsfoodservice.ca\/fr\/tips-trends\/garnishing-presentation\/soup-garnishing-tips\/#breadcrumb"},"inLanguage":"fr-FR","potentialAction":[{"@type":"ReadAction","target":["https:\/\/www.campbellsfoodservice.ca\/fr\/tips-trends\/garnishing-presentation\/soup-garnishing-tips\/"]}]},{"@type":"BreadcrumbList","@id":"https:\/\/www.campbellsfoodservice.ca\/fr\/tips-trends\/garnishing-presentation\/soup-garnishing-tips\/#breadcrumb","itemListElement":[{"@type":"ListItem","position":1,"name":"Home","item":"https:\/\/www.campbellsfoodservice.ca\/fr\/"},{"@type":"ListItem","position":2,"name":"CONSEILS ET TENDANCES","item":"https:\/\/www.campbellsfoodservice.ca\/fr\/tips-trends\/"},{"@type":"ListItem","position":3,"name":"D\u00c9CORATION ET PR\u00c9SENTATION","item":"https:\/\/www.campbellsfoodservice.ca\/fr\/tips-trends\/garnishing-presentation\/"},{"@type":"ListItem","position":4,"name":"CONSEILS DE GARNITURE DE SOUPES"}]},{"@type":"WebSite","@id":"https:\/\/www.campbellsfoodservice.ca\/fr\/#website","url":"https:\/\/www.campbellsfoodservice.ca\/fr\/","name":"Campbells Food Service Canada","description":"","potentialAction":[{"@type":"SearchAction","target":{"@type":"EntryPoint","urlTemplate":"https:\/\/www.campbellsfoodservice.ca\/fr\/?s={search_term_string}"},"query-input":"required name=search_term_string"}],"inLanguage":"fr-FR"}]}},"_links":{"self":[{"href":"https:\/\/www.campbellsfoodservice.ca\/fr\/wp-json\/wp\/v2\/pages\/9932"}],"collection":[{"href":"https:\/\/www.campbellsfoodservice.ca\/fr\/wp-json\/wp\/v2\/pages"}],"about":[{"href":"https:\/\/www.campbellsfoodservice.ca\/fr\/wp-json\/wp\/v2\/types\/page"}],"author":[{"embeddable":true,"href":"https:\/\/www.campbellsfoodservice.ca\/fr\/wp-json\/wp\/v2\/users\/39"}],"replies":[{"embeddable":true,"href":"https:\/\/www.campbellsfoodservice.ca\/fr\/wp-json\/wp\/v2\/comments?post=9932"}],"version-history":[{"count":0,"href":"https:\/\/www.campbellsfoodservice.ca\/fr\/wp-json\/wp\/v2\/pages\/9932\/revisions"}],"up":[{"embeddable":true,"href":"https:\/\/www.campbellsfoodservice.ca\/fr\/wp-json\/wp\/v2\/pages\/9780"}],"wp:featuredmedia":[{"embeddable":true,"href":"https:\/\/www.campbellsfoodservice.ca\/fr\/wp-json\/wp\/v2\/media\/6650"}],"wp:attachment":[{"href":"https:\/\/www.campbellsfoodservice.ca\/fr\/wp-json\/wp\/v2\/media?parent=9932"}],"curies":[{"name":"wp","href":"https:\/\/api.w.org\/{rel}","templated":true}]}}