{"id":9931,"date":"2016-01-05T22:19:44","date_gmt":"2016-01-05T22:19:44","guid":{"rendered":"https:\/\/www.campbellsfoodservice.ca\/?page_id=9931\/"},"modified":"2024-03-01T13:54:54","modified_gmt":"2024-03-01T13:54:54","slug":"creative-enhancements","status":"publish","type":"page","link":"https:\/\/www.campbellsfoodservice.ca\/fr\/tips-trends\/garnishing-presentation\/creative-enhancements\/","title":{"rendered":"AM\u00c9LIORATIONS CR\u00c9ATIVES"},"content":{"rendered":"<p>Ajoutez de la valeur et de la mise en sc\u00e8ne \u00e0 votre offre de soupes gr\u00e2ce \u00e0 une pr\u00e9sentation cr\u00e9ative, des th\u00e8mes et des personnalisations.<\/p>\n<table class=\"creative-enhancements\">\n<tbody>\n<tr>\n<td><img decoding=\"async\" loading=\"lazy\" class=\"size-full wp-image-868 alignleft\" src=\"\/wp-content\/uploads\/2016\/05\/soup.jpg\" alt=\"soup\" width=\"240\" height=\"293\" \/>\n<div class=\"virt-mid\">\n<h3>PR\u00c9SENTATION<\/h3>\n<p>Servez soigneusement la soupe dans des verres \u00e0 cocktail ou d\u2019autres r\u00e9cipients caract\u00e9ristiques ou servez \u00e0 la table puis ajoutez la d\u00e9coration.<\/p>\n<\/div>\n<\/td>\n<td><img decoding=\"async\" loading=\"lazy\" class=\"size-full wp-image-883 alignleft\" src=\"\/wp-content\/uploads\/2016\/05\/customize.jpg\" alt=\"customize\" width=\"240\" height=\"293\" \/>\n<div class=\"virt-mid\">\n<h3>PERSONNALISATION<\/h3>\n<p>La soupe devient une destination avec la cuisine spectacle. Laissez vos clients choisir parmi une s\u00e9lection de soupes, puis personnalisez leur s\u00e9lection en pr\u00e9parant des ingr\u00e9dients flamb\u00e9s ou grill\u00e9s \u00e0 la table.<\/p>\n<\/div>\n<\/td>\n<\/tr>\n<tr>\n<td><img decoding=\"async\" loading=\"lazy\" class=\"size-full wp-image-882 alignleft\" src=\"\/wp-content\/uploads\/2016\/05\/combine.jpg\" alt=\"combine\" width=\"240\" height=\"293\" \/>\n<div class=\"virt-mid\">\n<h3>COMBINAISON<\/h3>\n<p>Versez deux soupes \u00e9paisses de diff\u00e9rentes couleurs c\u00f4te \u00e0 c\u00f4te devant les clients et m\u00e9langez-les avec un couteau fin ou une broche.<\/p>\n<\/div>\n<\/td>\n<td><img decoding=\"async\" loading=\"lazy\" class=\"size-full wp-image-881 alignleft\" src=\"\/wp-content\/uploads\/2016\/05\/stir-fry.jpg\" alt=\"stir-fry\" width=\"240\" height=\"293\" \/>\n<div class=\"virt-mid\">\n<h3>SAUT\u00c9<\/h3>\n<p>Faites sauter les l\u00e9gumes et les viandes devant les clients, servez-les dans un grand bol asiatique et remplissez avec un bouillon compl\u00e9mentaire.<\/p>\n<\/div>\n<\/td>\n<\/tr>\n<\/tbody>\n<\/table>\n","protected":false},"excerpt":{"rendered":"<p>Ajoutez de la valeur et de la mise en sc\u00e8ne \u00e0 votre offre de soupes gr\u00e2ce \u00e0 une pr\u00e9sentation cr\u00e9ative, des th\u00e8mes et des personnalisations. PR\u00c9SENTATION Servez soigneusement la soupe dans des verres \u00e0 cocktail ou d\u2019autres r\u00e9cipients caract\u00e9ristiques ou servez \u00e0 la table puis ajoutez la d\u00e9coration. PERSONNALISATION La soupe devient une destination avec [&hellip;]<\/p>\n","protected":false},"author":26,"featured_media":6653,"parent":9780,"menu_order":0,"comment_status":"closed","ping_status":"closed","template":"page-content-full-width.php","meta":[],"acf":[],"yoast_head":"<!-- This site is optimized with the Yoast SEO plugin v21.5 - https:\/\/yoast.com\/wordpress\/plugins\/seo\/ -->\n<title>AM\u00c9LIORATIONS CR\u00c9ATIVES - Campbells Food Service Canada<\/title>\n<meta name=\"robots\" content=\"index, follow, max-snippet:-1, max-image-preview:large, max-video-preview:-1\" \/>\n<link rel=\"canonical\" href=\"https:\/\/www.campbellsfoodservice.ca\/fr\/tips-trends\/garnishing-presentation\/creative-enhancements\/\" \/>\n<meta property=\"og:locale\" content=\"fr_FR\" \/>\n<meta property=\"og:type\" content=\"article\" \/>\n<meta property=\"og:title\" content=\"AM\u00c9LIORATIONS CR\u00c9ATIVES - Campbells Food Service Canada\" \/>\n<meta property=\"og:description\" content=\"Ajoutez de la valeur et de la mise en sc\u00e8ne \u00e0 votre offre de soupes gr\u00e2ce \u00e0 une pr\u00e9sentation cr\u00e9ative, des th\u00e8mes et des personnalisations. PR\u00c9SENTATION Servez soigneusement la soupe dans des verres \u00e0 cocktail ou d\u2019autres r\u00e9cipients caract\u00e9ristiques ou servez \u00e0 la table puis ajoutez la d\u00e9coration. PERSONNALISATION La soupe devient une destination avec [&hellip;]\" \/>\n<meta property=\"og:url\" content=\"https:\/\/www.campbellsfoodservice.ca\/fr\/tips-trends\/garnishing-presentation\/creative-enhancements\/\" \/>\n<meta property=\"og:site_name\" content=\"Campbells Food Service Canada\" \/>\n<meta property=\"article:modified_time\" content=\"2024-03-01T13:54:54+00:00\" \/>\n<meta property=\"og:image\" content=\"https:\/\/www.campbellsfoodservice.ca\/wp-content\/uploads\/2016\/01\/creative-enhancements-1.jpg\" \/>\n\t<meta property=\"og:image:width\" content=\"406\" \/>\n\t<meta property=\"og:image:height\" content=\"144\" \/>\n\t<meta property=\"og:image:type\" content=\"image\/jpeg\" \/>\n<meta name=\"twitter:card\" content=\"summary_large_image\" \/>\n<meta name=\"twitter:label1\" content=\"Est. reading time\" \/>\n\t<meta name=\"twitter:data1\" content=\"1 minute\" \/>\n<script type=\"application\/ld+json\" class=\"yoast-schema-graph\">{\"@context\":\"https:\/\/schema.org\",\"@graph\":[{\"@type\":\"WebPage\",\"@id\":\"https:\/\/www.campbellsfoodservice.ca\/fr\/tips-trends\/garnishing-presentation\/creative-enhancements\/\",\"url\":\"https:\/\/www.campbellsfoodservice.ca\/fr\/tips-trends\/garnishing-presentation\/creative-enhancements\/\",\"name\":\"AM\u00c9LIORATIONS CR\u00c9ATIVES - Campbells Food Service Canada\",\"isPartOf\":{\"@id\":\"https:\/\/www.campbellsfoodservice.ca\/fr\/#website\"},\"datePublished\":\"2016-01-05T22:19:44+00:00\",\"dateModified\":\"2024-03-01T13:54:54+00:00\",\"breadcrumb\":{\"@id\":\"https:\/\/www.campbellsfoodservice.ca\/fr\/tips-trends\/garnishing-presentation\/creative-enhancements\/#breadcrumb\"},\"inLanguage\":\"fr-FR\",\"potentialAction\":[{\"@type\":\"ReadAction\",\"target\":[\"https:\/\/www.campbellsfoodservice.ca\/fr\/tips-trends\/garnishing-presentation\/creative-enhancements\/\"]}]},{\"@type\":\"BreadcrumbList\",\"@id\":\"https:\/\/www.campbellsfoodservice.ca\/fr\/tips-trends\/garnishing-presentation\/creative-enhancements\/#breadcrumb\",\"itemListElement\":[{\"@type\":\"ListItem\",\"position\":1,\"name\":\"Home\",\"item\":\"https:\/\/www.campbellsfoodservice.ca\/fr\/\"},{\"@type\":\"ListItem\",\"position\":2,\"name\":\"CONSEILS ET TENDANCES\",\"item\":\"https:\/\/www.campbellsfoodservice.ca\/fr\/tips-trends\/\"},{\"@type\":\"ListItem\",\"position\":3,\"name\":\"D\u00c9CORATION ET PR\u00c9SENTATION\",\"item\":\"https:\/\/www.campbellsfoodservice.ca\/fr\/tips-trends\/garnishing-presentation\/\"},{\"@type\":\"ListItem\",\"position\":4,\"name\":\"AM\u00c9LIORATIONS CR\u00c9ATIVES\"}]},{\"@type\":\"WebSite\",\"@id\":\"https:\/\/www.campbellsfoodservice.ca\/fr\/#website\",\"url\":\"https:\/\/www.campbellsfoodservice.ca\/fr\/\",\"name\":\"Campbells Food Service Canada\",\"description\":\"\",\"potentialAction\":[{\"@type\":\"SearchAction\",\"target\":{\"@type\":\"EntryPoint\",\"urlTemplate\":\"https:\/\/www.campbellsfoodservice.ca\/fr\/?s={search_term_string}\"},\"query-input\":\"required name=search_term_string\"}],\"inLanguage\":\"fr-FR\"}]}<\/script>\n<!-- \/ Yoast SEO plugin. -->","yoast_head_json":{"title":"AM\u00c9LIORATIONS CR\u00c9ATIVES - Campbells Food Service Canada","robots":{"index":"index","follow":"follow","max-snippet":"max-snippet:-1","max-image-preview":"max-image-preview:large","max-video-preview":"max-video-preview:-1"},"canonical":"https:\/\/www.campbellsfoodservice.ca\/fr\/tips-trends\/garnishing-presentation\/creative-enhancements\/","og_locale":"fr_FR","og_type":"article","og_title":"AM\u00c9LIORATIONS CR\u00c9ATIVES - Campbells Food Service Canada","og_description":"Ajoutez de la valeur et de la mise en sc\u00e8ne \u00e0 votre offre de soupes gr\u00e2ce \u00e0 une pr\u00e9sentation cr\u00e9ative, des th\u00e8mes et des personnalisations. PR\u00c9SENTATION Servez soigneusement la soupe dans des verres \u00e0 cocktail ou d\u2019autres r\u00e9cipients caract\u00e9ristiques ou servez \u00e0 la table puis ajoutez la d\u00e9coration. PERSONNALISATION La soupe devient une destination avec [&hellip;]","og_url":"https:\/\/www.campbellsfoodservice.ca\/fr\/tips-trends\/garnishing-presentation\/creative-enhancements\/","og_site_name":"Campbells Food Service Canada","article_modified_time":"2024-03-01T13:54:54+00:00","og_image":[{"width":406,"height":144,"url":"https:\/\/www.campbellsfoodservice.ca\/wp-content\/uploads\/2016\/01\/creative-enhancements-1.jpg","type":"image\/jpeg"}],"twitter_card":"summary_large_image","twitter_misc":{"Est. reading time":"1 minute"},"schema":{"@context":"https:\/\/schema.org","@graph":[{"@type":"WebPage","@id":"https:\/\/www.campbellsfoodservice.ca\/fr\/tips-trends\/garnishing-presentation\/creative-enhancements\/","url":"https:\/\/www.campbellsfoodservice.ca\/fr\/tips-trends\/garnishing-presentation\/creative-enhancements\/","name":"AM\u00c9LIORATIONS CR\u00c9ATIVES - Campbells Food Service Canada","isPartOf":{"@id":"https:\/\/www.campbellsfoodservice.ca\/fr\/#website"},"datePublished":"2016-01-05T22:19:44+00:00","dateModified":"2024-03-01T13:54:54+00:00","breadcrumb":{"@id":"https:\/\/www.campbellsfoodservice.ca\/fr\/tips-trends\/garnishing-presentation\/creative-enhancements\/#breadcrumb"},"inLanguage":"fr-FR","potentialAction":[{"@type":"ReadAction","target":["https:\/\/www.campbellsfoodservice.ca\/fr\/tips-trends\/garnishing-presentation\/creative-enhancements\/"]}]},{"@type":"BreadcrumbList","@id":"https:\/\/www.campbellsfoodservice.ca\/fr\/tips-trends\/garnishing-presentation\/creative-enhancements\/#breadcrumb","itemListElement":[{"@type":"ListItem","position":1,"name":"Home","item":"https:\/\/www.campbellsfoodservice.ca\/fr\/"},{"@type":"ListItem","position":2,"name":"CONSEILS ET TENDANCES","item":"https:\/\/www.campbellsfoodservice.ca\/fr\/tips-trends\/"},{"@type":"ListItem","position":3,"name":"D\u00c9CORATION ET PR\u00c9SENTATION","item":"https:\/\/www.campbellsfoodservice.ca\/fr\/tips-trends\/garnishing-presentation\/"},{"@type":"ListItem","position":4,"name":"AM\u00c9LIORATIONS CR\u00c9ATIVES"}]},{"@type":"WebSite","@id":"https:\/\/www.campbellsfoodservice.ca\/fr\/#website","url":"https:\/\/www.campbellsfoodservice.ca\/fr\/","name":"Campbells Food Service Canada","description":"","potentialAction":[{"@type":"SearchAction","target":{"@type":"EntryPoint","urlTemplate":"https:\/\/www.campbellsfoodservice.ca\/fr\/?s={search_term_string}"},"query-input":"required name=search_term_string"}],"inLanguage":"fr-FR"}]}},"_links":{"self":[{"href":"https:\/\/www.campbellsfoodservice.ca\/fr\/wp-json\/wp\/v2\/pages\/9931"}],"collection":[{"href":"https:\/\/www.campbellsfoodservice.ca\/fr\/wp-json\/wp\/v2\/pages"}],"about":[{"href":"https:\/\/www.campbellsfoodservice.ca\/fr\/wp-json\/wp\/v2\/types\/page"}],"author":[{"embeddable":true,"href":"https:\/\/www.campbellsfoodservice.ca\/fr\/wp-json\/wp\/v2\/users\/26"}],"replies":[{"embeddable":true,"href":"https:\/\/www.campbellsfoodservice.ca\/fr\/wp-json\/wp\/v2\/comments?post=9931"}],"version-history":[{"count":0,"href":"https:\/\/www.campbellsfoodservice.ca\/fr\/wp-json\/wp\/v2\/pages\/9931\/revisions"}],"up":[{"embeddable":true,"href":"https:\/\/www.campbellsfoodservice.ca\/fr\/wp-json\/wp\/v2\/pages\/9780"}],"wp:featuredmedia":[{"embeddable":true,"href":"https:\/\/www.campbellsfoodservice.ca\/fr\/wp-json\/wp\/v2\/media\/6653"}],"wp:attachment":[{"href":"https:\/\/www.campbellsfoodservice.ca\/fr\/wp-json\/wp\/v2\/media?parent=9931"}],"curies":[{"name":"wp","href":"https:\/\/api.w.org\/{rel}","templated":true}]}}