{"id":9928,"date":"2016-03-05T13:13:58","date_gmt":"2016-03-05T13:13:58","guid":{"rendered":"https:\/\/www.campbellsfoodservice.ca\/?page_id=9928\/"},"modified":"2017-05-22T14:29:18","modified_gmt":"2017-05-22T14:29:18","slug":"chef-series-garnishing-ideas","status":"publish","type":"page","link":"https:\/\/www.campbellsfoodservice.ca\/fr\/tips-trends\/garnishing-presentation\/chef-series-garnishing-ideas\/","title":{"rendered":"ID\u00c9ES DE GARNITURE DE LA S\u00c9RIE DES CHEFS"},"content":{"rendered":"<p>D\u00e9corez vos soupes comme un pro! Campbell\u2019s s\u2019est associ\u00e9e au c\u00e9l\u00e8bre chef Massimo Capra pour vous offrir des id\u00e9es de garniture et de pr\u00e9sentation simples et plus complexes. M\u00eame les d\u00e9corations complexes sont faciles \u00e0 reproduire et vous permettent d\u2019am\u00e9liorer vos soupes au menu et de mettre en avant vos talents culinaires.<\/p>\n<h2>CR\u00c9EZ VOTRE PROPRE CHEZ-D\u2019\u0152UVRE AVEC CAMPBELL\u2019s<\/h2>\n<p>Maximisez vos profits et distinguez votre \u00e9tablissement de celui des concurrents en cr\u00e9ant un spectacle de soupes dont vos clients parleront. M\u00eame la garniture la plus simple vous permettra de demander des prix sup\u00e9rieurs et rendra vos pr\u00e9sentations de soupe inoubliables! De notre bisque de homard Verve de qualit\u00e9 avec vrais morceaux de homard, cr\u00e8me et vin, \u00e0 la soupe Noces \u00e0 l\u2019italienne toujours populaire en passant par le bouillon pho aux l\u00e9gumes Mai Pham tendance et authentique, Campbell comprend que vous devez enchanter vos clients et les fid\u00e9liser. Vous pouvez faire confiance \u00e0 Campbell\u2019s pour vous fournir les connaissances, l\u2019innovation et les ingr\u00e9dients de qualit\u00e9 assurant que votre offre de soupes soit l\u2019exp\u00e9rience ultime.<\/p>\n","protected":false},"excerpt":{"rendered":"<p>D\u00e9corez vos soupes comme un pro! Campbell\u2019s s\u2019est associ\u00e9e au c\u00e9l\u00e8bre chef Massimo Capra pour vous offrir des id\u00e9es de garniture et de pr\u00e9sentation simples et plus complexes. M\u00eame les d\u00e9corations complexes sont faciles \u00e0 reproduire et vous permettent d\u2019am\u00e9liorer vos soupes au menu et de mettre en avant vos talents culinaires. CR\u00c9EZ VOTRE PROPRE [&hellip;]<\/p>\n","protected":false},"author":39,"featured_media":6655,"parent":9780,"menu_order":0,"comment_status":"closed","ping_status":"closed","template":"page-from-pdf.php","meta":[],"acf":[],"yoast_head":"<!-- This site is optimized with the Yoast SEO plugin v21.5 - https:\/\/yoast.com\/wordpress\/plugins\/seo\/ -->\n<title>ID\u00c9ES DE GARNITURE DE LA S\u00c9RIE DES CHEFS - Campbells Food Service Canada<\/title>\n<meta name=\"robots\" content=\"index, follow, max-snippet:-1, max-image-preview:large, max-video-preview:-1\" \/>\n<link rel=\"canonical\" href=\"https:\/\/www.campbellsfoodservice.ca\/fr\/tips-trends\/garnishing-presentation\/chef-series-garnishing-ideas\/\" \/>\n<meta property=\"og:locale\" content=\"fr_FR\" \/>\n<meta property=\"og:type\" content=\"article\" \/>\n<meta property=\"og:title\" content=\"ID\u00c9ES DE GARNITURE DE LA S\u00c9RIE DES CHEFS - Campbells Food Service Canada\" \/>\n<meta property=\"og:description\" content=\"D\u00e9corez vos soupes comme un pro! Campbell\u2019s s\u2019est associ\u00e9e au c\u00e9l\u00e8bre chef Massimo Capra pour vous offrir des id\u00e9es de garniture et de pr\u00e9sentation simples et plus complexes. M\u00eame les d\u00e9corations complexes sont faciles \u00e0 reproduire et vous permettent d\u2019am\u00e9liorer vos soupes au menu et de mettre en avant vos talents culinaires. CR\u00c9EZ VOTRE PROPRE [&hellip;]\" \/>\n<meta property=\"og:url\" content=\"https:\/\/www.campbellsfoodservice.ca\/fr\/tips-trends\/garnishing-presentation\/chef-series-garnishing-ideas\/\" \/>\n<meta property=\"og:site_name\" content=\"Campbells Food Service Canada\" \/>\n<meta property=\"article:modified_time\" content=\"2017-05-22T14:29:18+00:00\" \/>\n<meta property=\"og:image\" content=\"https:\/\/www.campbellsfoodservice.ca\/wp-content\/uploads\/2016\/03\/garnishing-ideas-1.jpg\" \/>\n\t<meta property=\"og:image:width\" content=\"440\" \/>\n\t<meta property=\"og:image:height\" content=\"275\" \/>\n\t<meta property=\"og:image:type\" content=\"image\/jpeg\" \/>\n<meta name=\"twitter:card\" content=\"summary_large_image\" \/>\n<meta name=\"twitter:label1\" content=\"Est. reading time\" \/>\n\t<meta name=\"twitter:data1\" content=\"1 minute\" \/>\n<script type=\"application\/ld+json\" class=\"yoast-schema-graph\">{\"@context\":\"https:\/\/schema.org\",\"@graph\":[{\"@type\":\"WebPage\",\"@id\":\"https:\/\/www.campbellsfoodservice.ca\/fr\/tips-trends\/garnishing-presentation\/chef-series-garnishing-ideas\/\",\"url\":\"https:\/\/www.campbellsfoodservice.ca\/fr\/tips-trends\/garnishing-presentation\/chef-series-garnishing-ideas\/\",\"name\":\"ID\u00c9ES DE GARNITURE DE LA S\u00c9RIE DES CHEFS - Campbells Food Service Canada\",\"isPartOf\":{\"@id\":\"https:\/\/www.campbellsfoodservice.ca\/fr\/#website\"},\"datePublished\":\"2016-03-05T13:13:58+00:00\",\"dateModified\":\"2017-05-22T14:29:18+00:00\",\"breadcrumb\":{\"@id\":\"https:\/\/www.campbellsfoodservice.ca\/fr\/tips-trends\/garnishing-presentation\/chef-series-garnishing-ideas\/#breadcrumb\"},\"inLanguage\":\"fr-FR\",\"potentialAction\":[{\"@type\":\"ReadAction\",\"target\":[\"https:\/\/www.campbellsfoodservice.ca\/fr\/tips-trends\/garnishing-presentation\/chef-series-garnishing-ideas\/\"]}]},{\"@type\":\"BreadcrumbList\",\"@id\":\"https:\/\/www.campbellsfoodservice.ca\/fr\/tips-trends\/garnishing-presentation\/chef-series-garnishing-ideas\/#breadcrumb\",\"itemListElement\":[{\"@type\":\"ListItem\",\"position\":1,\"name\":\"Home\",\"item\":\"https:\/\/www.campbellsfoodservice.ca\/fr\/\"},{\"@type\":\"ListItem\",\"position\":2,\"name\":\"CONSEILS ET TENDANCES\",\"item\":\"https:\/\/www.campbellsfoodservice.ca\/fr\/tips-trends\/\"},{\"@type\":\"ListItem\",\"position\":3,\"name\":\"D\u00c9CORATION ET PR\u00c9SENTATION\",\"item\":\"https:\/\/www.campbellsfoodservice.ca\/fr\/tips-trends\/garnishing-presentation\/\"},{\"@type\":\"ListItem\",\"position\":4,\"name\":\"ID\u00c9ES DE GARNITURE DE LA S\u00c9RIE DES CHEFS\"}]},{\"@type\":\"WebSite\",\"@id\":\"https:\/\/www.campbellsfoodservice.ca\/fr\/#website\",\"url\":\"https:\/\/www.campbellsfoodservice.ca\/fr\/\",\"name\":\"Campbells Food Service Canada\",\"description\":\"\",\"potentialAction\":[{\"@type\":\"SearchAction\",\"target\":{\"@type\":\"EntryPoint\",\"urlTemplate\":\"https:\/\/www.campbellsfoodservice.ca\/fr\/?s={search_term_string}\"},\"query-input\":\"required name=search_term_string\"}],\"inLanguage\":\"fr-FR\"}]}<\/script>\n<!-- \/ Yoast SEO plugin. -->","yoast_head_json":{"title":"ID\u00c9ES DE GARNITURE DE LA S\u00c9RIE DES CHEFS - Campbells Food Service Canada","robots":{"index":"index","follow":"follow","max-snippet":"max-snippet:-1","max-image-preview":"max-image-preview:large","max-video-preview":"max-video-preview:-1"},"canonical":"https:\/\/www.campbellsfoodservice.ca\/fr\/tips-trends\/garnishing-presentation\/chef-series-garnishing-ideas\/","og_locale":"fr_FR","og_type":"article","og_title":"ID\u00c9ES DE GARNITURE DE LA S\u00c9RIE DES CHEFS - Campbells Food Service Canada","og_description":"D\u00e9corez vos soupes comme un pro! Campbell\u2019s s\u2019est associ\u00e9e au c\u00e9l\u00e8bre chef Massimo Capra pour vous offrir des id\u00e9es de garniture et de pr\u00e9sentation simples et plus complexes. M\u00eame les d\u00e9corations complexes sont faciles \u00e0 reproduire et vous permettent d\u2019am\u00e9liorer vos soupes au menu et de mettre en avant vos talents culinaires. CR\u00c9EZ VOTRE PROPRE [&hellip;]","og_url":"https:\/\/www.campbellsfoodservice.ca\/fr\/tips-trends\/garnishing-presentation\/chef-series-garnishing-ideas\/","og_site_name":"Campbells Food Service Canada","article_modified_time":"2017-05-22T14:29:18+00:00","og_image":[{"width":440,"height":275,"url":"https:\/\/www.campbellsfoodservice.ca\/wp-content\/uploads\/2016\/03\/garnishing-ideas-1.jpg","type":"image\/jpeg"}],"twitter_card":"summary_large_image","twitter_misc":{"Est. reading time":"1 minute"},"schema":{"@context":"https:\/\/schema.org","@graph":[{"@type":"WebPage","@id":"https:\/\/www.campbellsfoodservice.ca\/fr\/tips-trends\/garnishing-presentation\/chef-series-garnishing-ideas\/","url":"https:\/\/www.campbellsfoodservice.ca\/fr\/tips-trends\/garnishing-presentation\/chef-series-garnishing-ideas\/","name":"ID\u00c9ES DE GARNITURE DE LA S\u00c9RIE DES CHEFS - Campbells Food Service Canada","isPartOf":{"@id":"https:\/\/www.campbellsfoodservice.ca\/fr\/#website"},"datePublished":"2016-03-05T13:13:58+00:00","dateModified":"2017-05-22T14:29:18+00:00","breadcrumb":{"@id":"https:\/\/www.campbellsfoodservice.ca\/fr\/tips-trends\/garnishing-presentation\/chef-series-garnishing-ideas\/#breadcrumb"},"inLanguage":"fr-FR","potentialAction":[{"@type":"ReadAction","target":["https:\/\/www.campbellsfoodservice.ca\/fr\/tips-trends\/garnishing-presentation\/chef-series-garnishing-ideas\/"]}]},{"@type":"BreadcrumbList","@id":"https:\/\/www.campbellsfoodservice.ca\/fr\/tips-trends\/garnishing-presentation\/chef-series-garnishing-ideas\/#breadcrumb","itemListElement":[{"@type":"ListItem","position":1,"name":"Home","item":"https:\/\/www.campbellsfoodservice.ca\/fr\/"},{"@type":"ListItem","position":2,"name":"CONSEILS ET TENDANCES","item":"https:\/\/www.campbellsfoodservice.ca\/fr\/tips-trends\/"},{"@type":"ListItem","position":3,"name":"D\u00c9CORATION ET PR\u00c9SENTATION","item":"https:\/\/www.campbellsfoodservice.ca\/fr\/tips-trends\/garnishing-presentation\/"},{"@type":"ListItem","position":4,"name":"ID\u00c9ES DE GARNITURE DE LA S\u00c9RIE DES CHEFS"}]},{"@type":"WebSite","@id":"https:\/\/www.campbellsfoodservice.ca\/fr\/#website","url":"https:\/\/www.campbellsfoodservice.ca\/fr\/","name":"Campbells Food Service Canada","description":"","potentialAction":[{"@type":"SearchAction","target":{"@type":"EntryPoint","urlTemplate":"https:\/\/www.campbellsfoodservice.ca\/fr\/?s={search_term_string}"},"query-input":"required name=search_term_string"}],"inLanguage":"fr-FR"}]}},"_links":{"self":[{"href":"https:\/\/www.campbellsfoodservice.ca\/fr\/wp-json\/wp\/v2\/pages\/9928"}],"collection":[{"href":"https:\/\/www.campbellsfoodservice.ca\/fr\/wp-json\/wp\/v2\/pages"}],"about":[{"href":"https:\/\/www.campbellsfoodservice.ca\/fr\/wp-json\/wp\/v2\/types\/page"}],"author":[{"embeddable":true,"href":"https:\/\/www.campbellsfoodservice.ca\/fr\/wp-json\/wp\/v2\/users\/39"}],"replies":[{"embeddable":true,"href":"https:\/\/www.campbellsfoodservice.ca\/fr\/wp-json\/wp\/v2\/comments?post=9928"}],"version-history":[{"count":0,"href":"https:\/\/www.campbellsfoodservice.ca\/fr\/wp-json\/wp\/v2\/pages\/9928\/revisions"}],"up":[{"embeddable":true,"href":"https:\/\/www.campbellsfoodservice.ca\/fr\/wp-json\/wp\/v2\/pages\/9780"}],"wp:featuredmedia":[{"embeddable":true,"href":"https:\/\/www.campbellsfoodservice.ca\/fr\/wp-json\/wp\/v2\/media\/6655"}],"wp:attachment":[{"href":"https:\/\/www.campbellsfoodservice.ca\/fr\/wp-json\/wp\/v2\/media?parent=9928"}],"curies":[{"name":"wp","href":"https:\/\/api.w.org\/{rel}","templated":true}]}}