{"id":9778,"date":"2016-03-05T14:16:36","date_gmt":"2016-03-05T14:16:36","guid":{"rendered":"https:\/\/www.campbellsfoodservice.ca\/?page_id=9778\/"},"modified":"2017-04-24T16:49:34","modified_gmt":"2017-04-24T16:49:34","slug":"flavours-of-summer","status":"publish","type":"page","link":"https:\/\/www.campbellsfoodservice.ca\/fr\/flavours-of-summer\/","title":{"rendered":"SAVEURS ESTIVALES"},"content":{"rendered":"<p>Soulignez les saveurs saisonni\u00e8res pour maintenir votre menu de soupes au go\u00fbt du jour. Nos solutions de menu simples vous aident \u00e0 satisfaire les clients et \u00e0 accro\u00eetre le montant moyen des additions.<\/p>\n<p><strong>Aper\u00e7u des tendances estivales<\/strong><\/p>\n<ul>\n<li>43 % des grands consommateurs de soupes disent qu\u2019ils aimeraient essayer des soupes froides.\n<ul>\n<li>Proposez notre gaspacho aux crevettes \u00e0 la toscane ou notre soupe d\u2019\u00e9t\u00e9 fra\u00eeche aux l\u00e9gumes pour conf\u00e9rer une allure saisonni\u00e8re \u00e0 votre menu.<\/li>\n<\/ul>\n<\/li>\n<li>L\u2019\u00e9t\u00e9, on mange plus l\u00e9ger.\n<ul>\n<li>Proposez des menus \u00e0 \u00ab 500 calories \u00bb chaque semaine compos\u00e9s des recettes les plus populaires de l\u2019\u00e9t\u00e9.<\/li>\n<\/ul>\n<\/li>\n<li>64 % des consommateurs sont plus enclins \u00e0 acheter une soupe compos\u00e9e d\u2019ingr\u00e9dients saisonniers.\n<ul>\n<li>Garnissez les soupes d\u2019ingr\u00e9dients estivaux, comme le bl\u00e9 d\u2019Inde ou la courge d\u2019\u00e9t\u00e9 pour accro\u00eetre les ventes.<\/li>\n<\/ul>\n<\/li>\n<\/ul>\n<p><em>Technomic Consumer Trend Report 2012.<\/em><\/p>\n<p>\u00ab Ne vous inqui\u00e9tez pas du temps, car les soupes peuvent facilement devenir des sauces et des trempettes, offrant des fa\u00e7ons pleines de saveurs d\u2019appr\u00e9cier les plaisirs grill\u00e9s de l\u2019\u00e9t\u00e9. \u00bb<br \/>\n\u2013 Isaac Frerichs, cuisinier principal en recherche et d\u00e9veloppement chez Campbell\u2019s<\/p>\n<p><strong>Lancement des sauces estivales<\/strong><br \/>\nApportez une touche estivale \u00e0 votre menu en associant les viandes et l\u00e9gumes grill\u00e9s \u00e0 des sauces acidul\u00e9es et audacieuses. Essayez d\u2019utiliser nos soupes pour cr\u00e9er ces recettes estivales simples et assurer la fid\u00e9lit\u00e9 de vos clients.<\/p>\n<p><strong>Vari\u00e9t\u00e9s incontournables<\/strong><br \/>\nLes clients veulent une bisque plus l\u00e9g\u00e8re ou un bouillon au cours des mois d\u2019\u00e9t\u00e9. Ajoutez ces trois saveurs \u00e0 votre rotation de soupes pour conf\u00e9rer un air saisonnier \u00e0 votre menu cet \u00e9t\u00e9.<\/p>\n<ul>\n<li><a href=\"https:\/\/www.campbellsfoodservice.ca\/product\/campbells-signature-tomato-bisque-with-basil\/\">Bisque aux tomates avec basilic Signature de Campbell\u2019s<\/a><\/li>\n<li><a href=\"https:\/\/www.campbellsfoodservice.ca\/product\/campbells-signature-french-onion\/\">Soupe \u00e0 l\u2019oignon avec marsala Signature de Campbell\u2019s<\/a><\/li>\n<li><a href=\"https:\/\/www.campbellsfoodservice.ca\/product\/campbells-signature-new-england-clam-chowder-new\/\">Chaudr\u00e9e de palourdes du Maine Signature de Campbell\u2019s<\/a><\/li>\n<\/ul>\n<p><strong>Id\u00e9es d\u2019application<\/strong><br \/>\nUtilisez une soupe comme ingr\u00e9dient ou sauce pour donner une touche saisonni\u00e8re \u00e0 vos plats cuisin\u00e9s.<\/p>\n<p><a href=\"https:\/\/www.campbellsfoodservice.ca\/recipe\/tuscan-gazpacho\/\">Gaspacho aux crevettes \u00e0 la toscane<\/a> confectionn\u00e9e \u00e0 partir de la bisque aux tomates avec basilic Signature de Campbell\u2019s\u00ae<\/p>\n","protected":false},"excerpt":{"rendered":"<p>Soulignez les saveurs saisonni\u00e8res pour maintenir votre menu de soupes au go\u00fbt du jour. Nos solutions de menu simples vous aident \u00e0 satisfaire les clients et \u00e0 accro\u00eetre le montant moyen des additions. Aper\u00e7u des tendances estivales 43 % des grands consommateurs de soupes disent qu\u2019ils aimeraient essayer des soupes froides. Proposez notre gaspacho aux [&hellip;]<\/p>\n","protected":false},"author":39,"featured_media":412887,"parent":0,"menu_order":0,"comment_status":"closed","ping_status":"closed","template":"page-from-pdf.php","meta":[],"acf":[],"yoast_head":"<!-- This site is optimized with the Yoast SEO plugin v21.5 - https:\/\/yoast.com\/wordpress\/plugins\/seo\/ -->\n<title>SAVEURS ESTIVALES - Campbells Food Service Canada<\/title>\n<meta name=\"robots\" content=\"index, follow, max-snippet:-1, max-image-preview:large, max-video-preview:-1\" \/>\n<link rel=\"canonical\" href=\"https:\/\/www.campbellsfoodservice.ca\/fr\/flavours-of-summer\/\" \/>\n<meta property=\"og:locale\" content=\"fr_FR\" \/>\n<meta property=\"og:type\" content=\"article\" \/>\n<meta property=\"og:title\" content=\"SAVEURS ESTIVALES - Campbells Food Service Canada\" \/>\n<meta property=\"og:description\" content=\"Soulignez les saveurs saisonni\u00e8res pour maintenir votre menu de soupes au go\u00fbt du jour. Nos solutions de menu simples vous aident \u00e0 satisfaire les clients et \u00e0 accro\u00eetre le montant moyen des additions. Aper\u00e7u des tendances estivales 43 % des grands consommateurs de soupes disent qu\u2019ils aimeraient essayer des soupes froides. Proposez notre gaspacho aux [&hellip;]\" \/>\n<meta property=\"og:url\" content=\"https:\/\/www.campbellsfoodservice.ca\/fr\/flavours-of-summer\/\" \/>\n<meta property=\"og:site_name\" content=\"Campbells Food Service Canada\" \/>\n<meta property=\"article:modified_time\" content=\"2017-04-24T16:49:34+00:00\" \/>\n<meta property=\"og:image\" content=\"https:\/\/www.campbellsfoodservice.ca\/wp-content\/uploads\/2016\/03\/flavours-of-summer-1.jpg\" \/>\n\t<meta property=\"og:image:width\" content=\"440\" \/>\n\t<meta property=\"og:image:height\" content=\"275\" \/>\n\t<meta property=\"og:image:type\" content=\"image\/jpeg\" \/>\n<meta name=\"twitter:card\" content=\"summary_large_image\" \/>\n<meta name=\"twitter:label1\" content=\"Est. reading time\" \/>\n\t<meta name=\"twitter:data1\" content=\"2 minutes\" \/>\n<script type=\"application\/ld+json\" class=\"yoast-schema-graph\">{\"@context\":\"https:\/\/schema.org\",\"@graph\":[{\"@type\":\"WebPage\",\"@id\":\"https:\/\/www.campbellsfoodservice.ca\/fr\/flavours-of-summer\/\",\"url\":\"https:\/\/www.campbellsfoodservice.ca\/fr\/flavours-of-summer\/\",\"name\":\"SAVEURS ESTIVALES - Campbells Food Service Canada\",\"isPartOf\":{\"@id\":\"https:\/\/www.campbellsfoodservice.ca\/fr\/#website\"},\"datePublished\":\"2016-03-05T14:16:36+00:00\",\"dateModified\":\"2017-04-24T16:49:34+00:00\",\"breadcrumb\":{\"@id\":\"https:\/\/www.campbellsfoodservice.ca\/fr\/flavours-of-summer\/#breadcrumb\"},\"inLanguage\":\"fr-FR\",\"potentialAction\":[{\"@type\":\"ReadAction\",\"target\":[\"https:\/\/www.campbellsfoodservice.ca\/fr\/flavours-of-summer\/\"]}]},{\"@type\":\"BreadcrumbList\",\"@id\":\"https:\/\/www.campbellsfoodservice.ca\/fr\/flavours-of-summer\/#breadcrumb\",\"itemListElement\":[{\"@type\":\"ListItem\",\"position\":1,\"name\":\"Home\",\"item\":\"https:\/\/www.campbellsfoodservice.ca\/fr\/\"},{\"@type\":\"ListItem\",\"position\":2,\"name\":\"SAVEURS ESTIVALES\"}]},{\"@type\":\"WebSite\",\"@id\":\"https:\/\/www.campbellsfoodservice.ca\/fr\/#website\",\"url\":\"https:\/\/www.campbellsfoodservice.ca\/fr\/\",\"name\":\"Campbells Food Service Canada\",\"description\":\"\",\"potentialAction\":[{\"@type\":\"SearchAction\",\"target\":{\"@type\":\"EntryPoint\",\"urlTemplate\":\"https:\/\/www.campbellsfoodservice.ca\/fr\/?s={search_term_string}\"},\"query-input\":\"required name=search_term_string\"}],\"inLanguage\":\"fr-FR\"}]}<\/script>\n<!-- \/ Yoast SEO plugin. -->","yoast_head_json":{"title":"SAVEURS ESTIVALES - Campbells Food Service Canada","robots":{"index":"index","follow":"follow","max-snippet":"max-snippet:-1","max-image-preview":"max-image-preview:large","max-video-preview":"max-video-preview:-1"},"canonical":"https:\/\/www.campbellsfoodservice.ca\/fr\/flavours-of-summer\/","og_locale":"fr_FR","og_type":"article","og_title":"SAVEURS ESTIVALES - Campbells Food Service Canada","og_description":"Soulignez les saveurs saisonni\u00e8res pour maintenir votre menu de soupes au go\u00fbt du jour. Nos solutions de menu simples vous aident \u00e0 satisfaire les clients et \u00e0 accro\u00eetre le montant moyen des additions. Aper\u00e7u des tendances estivales 43 % des grands consommateurs de soupes disent qu\u2019ils aimeraient essayer des soupes froides. Proposez notre gaspacho aux [&hellip;]","og_url":"https:\/\/www.campbellsfoodservice.ca\/fr\/flavours-of-summer\/","og_site_name":"Campbells Food Service Canada","article_modified_time":"2017-04-24T16:49:34+00:00","og_image":[{"width":440,"height":275,"url":"https:\/\/www.campbellsfoodservice.ca\/wp-content\/uploads\/2016\/03\/flavours-of-summer-1.jpg","type":"image\/jpeg"}],"twitter_card":"summary_large_image","twitter_misc":{"Est. reading time":"2 minutes"},"schema":{"@context":"https:\/\/schema.org","@graph":[{"@type":"WebPage","@id":"https:\/\/www.campbellsfoodservice.ca\/fr\/flavours-of-summer\/","url":"https:\/\/www.campbellsfoodservice.ca\/fr\/flavours-of-summer\/","name":"SAVEURS ESTIVALES - Campbells Food Service Canada","isPartOf":{"@id":"https:\/\/www.campbellsfoodservice.ca\/fr\/#website"},"datePublished":"2016-03-05T14:16:36+00:00","dateModified":"2017-04-24T16:49:34+00:00","breadcrumb":{"@id":"https:\/\/www.campbellsfoodservice.ca\/fr\/flavours-of-summer\/#breadcrumb"},"inLanguage":"fr-FR","potentialAction":[{"@type":"ReadAction","target":["https:\/\/www.campbellsfoodservice.ca\/fr\/flavours-of-summer\/"]}]},{"@type":"BreadcrumbList","@id":"https:\/\/www.campbellsfoodservice.ca\/fr\/flavours-of-summer\/#breadcrumb","itemListElement":[{"@type":"ListItem","position":1,"name":"Home","item":"https:\/\/www.campbellsfoodservice.ca\/fr\/"},{"@type":"ListItem","position":2,"name":"SAVEURS ESTIVALES"}]},{"@type":"WebSite","@id":"https:\/\/www.campbellsfoodservice.ca\/fr\/#website","url":"https:\/\/www.campbellsfoodservice.ca\/fr\/","name":"Campbells Food Service Canada","description":"","potentialAction":[{"@type":"SearchAction","target":{"@type":"EntryPoint","urlTemplate":"https:\/\/www.campbellsfoodservice.ca\/fr\/?s={search_term_string}"},"query-input":"required name=search_term_string"}],"inLanguage":"fr-FR"}]}},"_links":{"self":[{"href":"https:\/\/www.campbellsfoodservice.ca\/fr\/wp-json\/wp\/v2\/pages\/9778"}],"collection":[{"href":"https:\/\/www.campbellsfoodservice.ca\/fr\/wp-json\/wp\/v2\/pages"}],"about":[{"href":"https:\/\/www.campbellsfoodservice.ca\/fr\/wp-json\/wp\/v2\/types\/page"}],"author":[{"embeddable":true,"href":"https:\/\/www.campbellsfoodservice.ca\/fr\/wp-json\/wp\/v2\/users\/39"}],"replies":[{"embeddable":true,"href":"https:\/\/www.campbellsfoodservice.ca\/fr\/wp-json\/wp\/v2\/comments?post=9778"}],"version-history":[{"count":0,"href":"https:\/\/www.campbellsfoodservice.ca\/fr\/wp-json\/wp\/v2\/pages\/9778\/revisions"}],"wp:featuredmedia":[{"embeddable":true,"href":"https:\/\/www.campbellsfoodservice.ca\/fr\/wp-json\/wp\/v2\/media\/412887"}],"wp:attachment":[{"href":"https:\/\/www.campbellsfoodservice.ca\/fr\/wp-json\/wp\/v2\/media?parent=9778"}],"curies":[{"name":"wp","href":"https:\/\/api.w.org\/{rel}","templated":true}]}}