{"id":9770,"date":"2016-01-05T22:10:31","date_gmt":"2016-01-05T22:10:31","guid":{"rendered":"https:\/\/www.campbellsfoodservice.ca\/?page_id=9770\/"},"modified":"2017-04-24T16:30:39","modified_gmt":"2017-04-24T16:30:39","slug":"pantry-101","status":"publish","type":"page","link":"https:\/\/www.campbellsfoodservice.ca\/fr\/solutions\/tools\/pantry-101\/","title":{"rendered":"AIDE SUR LE GARDE-MANGER"},"content":{"rendered":"<p>D\u00e9couvrez l\u2019excellent nouvel outil con\u00e7u par des chefs de file du secteur pour les professionnels des services alimentaires.<\/p>\n<h2>\u00c9TAPE 1 : INSCRIPTION ET CONNEXION<\/h2>\n<p>Si vous ne l\u2019avez pas d\u00e9j\u00e0 fait, inscrivez-vous d\u00e8s aujourd\u2019hui! Une fois inscrits, vous pourrez acc\u00e9der instantan\u00e9ment \u00e0 toutes les fonctionnalit\u00e9s et tous les avantages de MonGarde-Manger.<\/p>\n<p>Une fois votre compte cr\u00e9\u00e9, vous pourrez utiliser les liens figurant en haut et en bas de chaque page du site pour vous connecter ou vous d\u00e9connecter, acc\u00e9der \u00e0 votre Garde-manger ou acc\u00e9der rapidement aux articles ajout\u00e9s r\u00e9cemment. Si vous oubliez d\u2019ouvrir une session lors de votre prochaine visite, nous vous rappellerons de le faire lorsque vous tenterez d\u2019enregistrer des articles dans votre Garde-Manger.<\/p>\n<h2>\u00c9TAPE 2 : PARCOURS DU SITE<\/h2>\n<p>Une fois votre session ouverte, vous pouvez naviguer sur le site Web normalement. Chaque fois que figurent des ic\u00f4nes MonGarde-Manger sur une page ou dans une fen\u00eatre, vous pouvez ajouter l\u2019article \u00e0 votre Garde-manger simplement en cliquant sur la petite toque de cuisinier. S\u2019il y a d\u00e9j\u00e0 \u00e9t\u00e9 ajout\u00e9, l\u2019ic\u00f4ne s\u2019affichera en rouge \u00e0 titre de rappel.<\/p>\n<p>N\u2019h\u00e9sitez pas, cliquez sur tout ce qui attire votre regard! Vous pouvez supprimer les articles de votre Garde-manger ult\u00e9rieurement, si vous d\u00e9cidez que vous n\u2019en avez plus besoin.<\/p>\n<h2>\u00c9TAPE 3 : CONSULTATION DU GARDE-MANGER<\/h2>\n<p>En suivant les liens figurant en haut et en bas de chaque page, vous pouvez afficher le tableau de bord de votre Garde-manger pour obtenir un aper\u00e7u de tous les articles enregistr\u00e9s. Tout est organis\u00e9 en sections simples vous permettant de v\u00e9rifier facilement les produits, recettes, solutions ainsi que les conseils et les tendances enregistr\u00e9s.<\/p>\n<p>Pour chacune de ces sections, vous pouvez ainsi voir le nombre d\u2019articles enregistr\u00e9s, les articles les plus r\u00e9cemment enregistr\u00e9s dans chaque cat\u00e9gorie et un article recommand\u00e9 pour chacune d\u2019entre elles. Cliquez sur une cat\u00e9gorie pour retrouver tous les articles enregistr\u00e9s dans cette cat\u00e9gorie. Vous pouvez alors trouver de rapides d\u00e9tails sur chaque article, acc\u00e9der facilement au d\u00e9tail complet et \u00e0 de nombreuses autres options vous permettant de trier et de modifier votre liste.<\/p>\n<p>Nous avons int\u00e9gr\u00e9 par d\u00e9faut nos calculatrices de rentabilit\u00e9 ainsi que ce guide pratique \u00e0 votre Garde-manger pour que vous puissiez vous y r\u00e9f\u00e9rer.<\/p>\n<h2>\u00c9TAPE 4 : EXPLORATION PLUS POUSS\u00c9E<\/h2>\n<p>Peut-\u00eatre remarquerez-vous quelques autres options en naviguant dans votre Garde-manger. Vous pouvez, tout d\u2019abord, lire, modifier ou ajouter des notes \u00e0 tous vos produits et recettes. Cette fonctionnalit\u00e9 peut vous aider \u00e0 vous d\u00e9barrasser de certains de ces feuillets autoadh\u00e9sifs embarrassants sur votre bureau et vos livres de recettes.<\/p>\n<p>Une autre fonctionnalit\u00e9 exclusive pour les utilisateurs de MonGarde-manger est Mes Menus. Cet outil vous permet de cr\u00e9er vos propres menus personnalis\u00e9s en utilisant l\u2019une des bases de donn\u00e9es de recettes les plus vastes du secteur. Vous pouvez cr\u00e9er de nouveaux menus \u00e0 partir du Garde-manger ou en parcourant nos recettes. Une fois des recettes ajout\u00e9es \u00e0 votre menu, vous pouvez les modifier, les trier et les afficher au format imprimable en fonction des besoins des divers membres de votre \u00e9quipe.<\/p>\n<h2>\u00c9TAPE 5 : MISES \u00c0 JOUR R\u00c9GULI\u00c8RES<\/h2>\n<p>La meilleure mani\u00e8re de profiter des avantages de MonGarde-manger est de le consulter r\u00e9guli\u00e8rement. Nous continuons \u00e0 \u00e9laborer de nouvelles recettes, \u00e0 lancer de nouveaux produits innovants et \u00e0 cr\u00e9er des solutions culinaires et op\u00e9rationnelles utiles pour vous aider dans vos activit\u00e9s.<\/p>\n<p>Trouvez tous les renseignements les plus r\u00e9cents et les plus pertinents dans notre Garde-manger libre qui propose de nombreuses recommandations provenant directement de notre \u00e9quipe.<\/p>\n<p>Communiquez avec nous d\u00e8s aujourd\u2019hui si vous avez des questions ou des suggestions d\u2019am\u00e9liorations futures!<\/p>\n","protected":false},"excerpt":{"rendered":"<p>D\u00e9couvrez l\u2019excellent nouvel outil con\u00e7u par des chefs de file du secteur pour les professionnels des services alimentaires. \u00c9TAPE 1 : INSCRIPTION ET CONNEXION Si vous ne l\u2019avez pas d\u00e9j\u00e0 fait, inscrivez-vous d\u00e8s aujourd\u2019hui! Une fois inscrits, vous pourrez acc\u00e9der instantan\u00e9ment \u00e0 toutes les fonctionnalit\u00e9s et tous les avantages de MonGarde-Manger. Une fois votre compte [&hellip;]<\/p>\n","protected":false},"author":39,"featured_media":6631,"parent":9768,"menu_order":0,"comment_status":"closed","ping_status":"closed","template":"page-from-pdf.php","meta":[],"acf":[],"yoast_head":"<!-- This site is optimized with the Yoast SEO plugin v21.5 - https:\/\/yoast.com\/wordpress\/plugins\/seo\/ -->\n<title>AIDE SUR LE GARDE-MANGER - Campbells Food Service Canada<\/title>\n<meta name=\"robots\" content=\"index, follow, max-snippet:-1, max-image-preview:large, max-video-preview:-1\" \/>\n<link rel=\"canonical\" href=\"https:\/\/www.campbellsfoodservice.ca\/fr\/solutions\/tools\/pantry-101\/\" \/>\n<meta property=\"og:locale\" content=\"fr_FR\" \/>\n<meta property=\"og:type\" content=\"article\" \/>\n<meta property=\"og:title\" content=\"AIDE SUR LE GARDE-MANGER - Campbells Food Service Canada\" \/>\n<meta property=\"og:description\" content=\"D\u00e9couvrez l\u2019excellent nouvel outil con\u00e7u par des chefs de file du secteur pour les professionnels des services alimentaires. \u00c9TAPE 1 : INSCRIPTION ET CONNEXION Si vous ne l\u2019avez pas d\u00e9j\u00e0 fait, inscrivez-vous d\u00e8s aujourd\u2019hui! Une fois inscrits, vous pourrez acc\u00e9der instantan\u00e9ment \u00e0 toutes les fonctionnalit\u00e9s et tous les avantages de MonGarde-Manger. Une fois votre compte [&hellip;]\" \/>\n<meta property=\"og:url\" content=\"https:\/\/www.campbellsfoodservice.ca\/fr\/solutions\/tools\/pantry-101\/\" \/>\n<meta property=\"og:site_name\" content=\"Campbells Food Service Canada\" \/>\n<meta property=\"article:modified_time\" content=\"2017-04-24T16:30:39+00:00\" \/>\n<meta property=\"og:image\" content=\"https:\/\/www.campbellsfoodservice.ca\/wp-content\/uploads\/2016\/01\/pantry-101-1.jpg\" \/>\n\t<meta property=\"og:image:width\" content=\"440\" \/>\n\t<meta property=\"og:image:height\" content=\"275\" \/>\n\t<meta property=\"og:image:type\" content=\"image\/jpeg\" \/>\n<meta name=\"twitter:card\" content=\"summary_large_image\" \/>\n<meta name=\"twitter:label1\" content=\"Est. reading time\" \/>\n\t<meta name=\"twitter:data1\" content=\"3 minutes\" \/>\n<script type=\"application\/ld+json\" class=\"yoast-schema-graph\">{\"@context\":\"https:\/\/schema.org\",\"@graph\":[{\"@type\":\"WebPage\",\"@id\":\"https:\/\/www.campbellsfoodservice.ca\/fr\/solutions\/tools\/pantry-101\/\",\"url\":\"https:\/\/www.campbellsfoodservice.ca\/fr\/solutions\/tools\/pantry-101\/\",\"name\":\"AIDE SUR LE GARDE-MANGER - Campbells Food Service Canada\",\"isPartOf\":{\"@id\":\"https:\/\/www.campbellsfoodservice.ca\/fr\/#website\"},\"datePublished\":\"2016-01-05T22:10:31+00:00\",\"dateModified\":\"2017-04-24T16:30:39+00:00\",\"breadcrumb\":{\"@id\":\"https:\/\/www.campbellsfoodservice.ca\/fr\/solutions\/tools\/pantry-101\/#breadcrumb\"},\"inLanguage\":\"fr-FR\",\"potentialAction\":[{\"@type\":\"ReadAction\",\"target\":[\"https:\/\/www.campbellsfoodservice.ca\/fr\/solutions\/tools\/pantry-101\/\"]}]},{\"@type\":\"BreadcrumbList\",\"@id\":\"https:\/\/www.campbellsfoodservice.ca\/fr\/solutions\/tools\/pantry-101\/#breadcrumb\",\"itemListElement\":[{\"@type\":\"ListItem\",\"position\":1,\"name\":\"Home\",\"item\":\"https:\/\/www.campbellsfoodservice.ca\/fr\/\"},{\"@type\":\"ListItem\",\"position\":2,\"name\":\"SOLUTIONS\",\"item\":\"https:\/\/www.campbellsfoodservice.ca\/fr\/solutions\/\"},{\"@type\":\"ListItem\",\"position\":3,\"name\":\"OUTILS\",\"item\":\"https:\/\/www.campbellsfoodservice.ca\/fr\/solutions\/tools\/\"},{\"@type\":\"ListItem\",\"position\":4,\"name\":\"AIDE SUR LE GARDE-MANGER\"}]},{\"@type\":\"WebSite\",\"@id\":\"https:\/\/www.campbellsfoodservice.ca\/fr\/#website\",\"url\":\"https:\/\/www.campbellsfoodservice.ca\/fr\/\",\"name\":\"Campbells Food Service Canada\",\"description\":\"\",\"potentialAction\":[{\"@type\":\"SearchAction\",\"target\":{\"@type\":\"EntryPoint\",\"urlTemplate\":\"https:\/\/www.campbellsfoodservice.ca\/fr\/?s={search_term_string}\"},\"query-input\":\"required name=search_term_string\"}],\"inLanguage\":\"fr-FR\"}]}<\/script>\n<!-- \/ Yoast SEO plugin. -->","yoast_head_json":{"title":"AIDE SUR LE GARDE-MANGER - Campbells Food Service Canada","robots":{"index":"index","follow":"follow","max-snippet":"max-snippet:-1","max-image-preview":"max-image-preview:large","max-video-preview":"max-video-preview:-1"},"canonical":"https:\/\/www.campbellsfoodservice.ca\/fr\/solutions\/tools\/pantry-101\/","og_locale":"fr_FR","og_type":"article","og_title":"AIDE SUR LE GARDE-MANGER - Campbells Food Service Canada","og_description":"D\u00e9couvrez l\u2019excellent nouvel outil con\u00e7u par des chefs de file du secteur pour les professionnels des services alimentaires. \u00c9TAPE 1 : INSCRIPTION ET CONNEXION Si vous ne l\u2019avez pas d\u00e9j\u00e0 fait, inscrivez-vous d\u00e8s aujourd\u2019hui! Une fois inscrits, vous pourrez acc\u00e9der instantan\u00e9ment \u00e0 toutes les fonctionnalit\u00e9s et tous les avantages de MonGarde-Manger. Une fois votre compte [&hellip;]","og_url":"https:\/\/www.campbellsfoodservice.ca\/fr\/solutions\/tools\/pantry-101\/","og_site_name":"Campbells Food Service Canada","article_modified_time":"2017-04-24T16:30:39+00:00","og_image":[{"width":440,"height":275,"url":"https:\/\/www.campbellsfoodservice.ca\/wp-content\/uploads\/2016\/01\/pantry-101-1.jpg","type":"image\/jpeg"}],"twitter_card":"summary_large_image","twitter_misc":{"Est. reading time":"3 minutes"},"schema":{"@context":"https:\/\/schema.org","@graph":[{"@type":"WebPage","@id":"https:\/\/www.campbellsfoodservice.ca\/fr\/solutions\/tools\/pantry-101\/","url":"https:\/\/www.campbellsfoodservice.ca\/fr\/solutions\/tools\/pantry-101\/","name":"AIDE SUR LE GARDE-MANGER - Campbells Food Service Canada","isPartOf":{"@id":"https:\/\/www.campbellsfoodservice.ca\/fr\/#website"},"datePublished":"2016-01-05T22:10:31+00:00","dateModified":"2017-04-24T16:30:39+00:00","breadcrumb":{"@id":"https:\/\/www.campbellsfoodservice.ca\/fr\/solutions\/tools\/pantry-101\/#breadcrumb"},"inLanguage":"fr-FR","potentialAction":[{"@type":"ReadAction","target":["https:\/\/www.campbellsfoodservice.ca\/fr\/solutions\/tools\/pantry-101\/"]}]},{"@type":"BreadcrumbList","@id":"https:\/\/www.campbellsfoodservice.ca\/fr\/solutions\/tools\/pantry-101\/#breadcrumb","itemListElement":[{"@type":"ListItem","position":1,"name":"Home","item":"https:\/\/www.campbellsfoodservice.ca\/fr\/"},{"@type":"ListItem","position":2,"name":"SOLUTIONS","item":"https:\/\/www.campbellsfoodservice.ca\/fr\/solutions\/"},{"@type":"ListItem","position":3,"name":"OUTILS","item":"https:\/\/www.campbellsfoodservice.ca\/fr\/solutions\/tools\/"},{"@type":"ListItem","position":4,"name":"AIDE SUR LE GARDE-MANGER"}]},{"@type":"WebSite","@id":"https:\/\/www.campbellsfoodservice.ca\/fr\/#website","url":"https:\/\/www.campbellsfoodservice.ca\/fr\/","name":"Campbells Food Service Canada","description":"","potentialAction":[{"@type":"SearchAction","target":{"@type":"EntryPoint","urlTemplate":"https:\/\/www.campbellsfoodservice.ca\/fr\/?s={search_term_string}"},"query-input":"required name=search_term_string"}],"inLanguage":"fr-FR"}]}},"_links":{"self":[{"href":"https:\/\/www.campbellsfoodservice.ca\/fr\/wp-json\/wp\/v2\/pages\/9770"}],"collection":[{"href":"https:\/\/www.campbellsfoodservice.ca\/fr\/wp-json\/wp\/v2\/pages"}],"about":[{"href":"https:\/\/www.campbellsfoodservice.ca\/fr\/wp-json\/wp\/v2\/types\/page"}],"author":[{"embeddable":true,"href":"https:\/\/www.campbellsfoodservice.ca\/fr\/wp-json\/wp\/v2\/users\/39"}],"replies":[{"embeddable":true,"href":"https:\/\/www.campbellsfoodservice.ca\/fr\/wp-json\/wp\/v2\/comments?post=9770"}],"version-history":[{"count":0,"href":"https:\/\/www.campbellsfoodservice.ca\/fr\/wp-json\/wp\/v2\/pages\/9770\/revisions"}],"up":[{"embeddable":true,"href":"https:\/\/www.campbellsfoodservice.ca\/fr\/wp-json\/wp\/v2\/pages\/9768"}],"wp:featuredmedia":[{"embeddable":true,"href":"https:\/\/www.campbellsfoodservice.ca\/fr\/wp-json\/wp\/v2\/media\/6631"}],"wp:attachment":[{"href":"https:\/\/www.campbellsfoodservice.ca\/fr\/wp-json\/wp\/v2\/media?parent=9770"}],"curies":[{"name":"wp","href":"https:\/\/api.w.org\/{rel}","templated":true}]}}