{"id":9766,"date":"2016-01-05T22:12:53","date_gmt":"2016-01-05T22:12:53","guid":{"rendered":"https:\/\/www.campbellsfoodservice.ca\/?page_id=9766\/"},"modified":"2024-02-21T19:00:35","modified_gmt":"2024-02-21T19:00:35","slug":"full-service-restaurant","status":"publish","type":"page","link":"https:\/\/www.campbellsfoodservice.ca\/fr\/solutions\/solutions-by-segment\/full-service-restaurant\/","title":{"rendered":"RESTAURANT \u00c0 SERVICE COMPLET"},"content":{"rendered":"<h2>NOUS NOUS OCCUPONS COMPL\u00c8TEMENT DU SERVICE COMPLET<\/h2>\n<p>Nos offres inspir\u00e9es de cuisiniers vous aident \u00e0 offrir \u00e0 vos clients les plats vari\u00e9s et authentiques dont ils ont envie, tout au long de la journ\u00e9e. Nous proposons des produits polyvalents de qualit\u00e9 qui satisferont et d\u00e9passeront \u00e0 coup s\u00fbr les attentes culinaires de vos clients.<\/p>\n<hr \/>\n<h2>R\u00e9pondez \u00e0 la demande croissante pour le ramassage \u00e0 l\u2019auto et la livraison sans contact.<\/h2>\n<p>Les consommateurs sont plus satisfaits quand les repas comprennent une soupe, alors faites en sorte que la soupe soit bien en vue dans vos menus de livraison et de ramassage. Il faut savoir que, quand la soupe est comprise dans un repas, l\u2019addition du consommateur augmente de 42%<sup>1<\/sup>.<\/p>\n<p>La soupe se transporte bien, est aussi bonne r\u00e9chauff\u00e9e et permet d\u2019\u00e9largir facilement la vari\u00e9t\u00e9 offerte aux clients. Trente-quatre pour cent (34%) de la croissance de l\u2019industrie est attribuable \u00e0 la livraison<sup>2<\/sup>. Alors, comment tirer le maximum de la soupe avec votre menu de livraison?<\/p>\n<div class=\"row\" style=\"width: 100%; margin: auto; text-align: center !important; margin-top: 15px; margin-bottom: 0;\">\n<div class=\"col-md-6 col-12\" style=\"text-align: center; margin: 10px auto 20px auto;\"><img decoding=\"async\" style=\"width: 100%; max-width: 390px; margin: 0 auto !important;\" src=\"\/wp-content\/uploads\/2021\/03\/combo-meal-fr.jpg\" alt=\"Offrez de la soupe dans un combo repas.\" \/><\/div>\n<div class=\"col-md-6 col-12\" style=\"text-align: center; margin: 10px auto 20px auto;\"><img decoding=\"async\" style=\"width: 100%; max-width: 390px; margin: 0 auto !important;\" src=\"\/wp-content\/uploads\/2021\/03\/seeking-comfort-fr.jpg\" alt=\"Les consommateurs cherchent de la chaleur et du r\u00e9confort, et la soupe peut vous aider \u00e0 r\u00e9pondre \u00e0 ces besoins.\" \/><\/div>\n<\/div>\n<div class=\"row\" style=\"width: 100%; margin: auto; text-align: center !important; margin-top: 15px; margin-bottom: 0;\">\n<div class=\"col-md-6 col-12\" style=\"text-align: center; margin: 10px auto 20px auto;\"><img decoding=\"async\" style=\"width: 100%; max-width: 390px; margin: 0 auto !important;\" src=\"\/wp-content\/uploads\/2021\/03\/meal-bundles-fr.jpg\" alt=\"\u00c9largissez votre offre en y incluant des repas de type familial.\" \/><\/div>\n<div class=\"col-md-6 col-12\" style=\"text-align: center; margin: 10px auto 20px auto;\"><img decoding=\"async\" style=\"width: 100%; max-width: 390px; margin: 0 auto !important;\" src=\"\/wp-content\/uploads\/2021\/03\/tamper-proof-fr.jpg\" alt=\"Ajoutez un autocollant inviolable pour donner plus de tranquillit\u00e9 d\u2019esprit \u00e0 vos clients.\" \/><\/div>\n<\/div>\n<p style=\"text-align: left; font-size: 1.2rem !important; margin-top: 10px; margin-bottom: 50px; color: #aaa;\">Sources : <sup>1<\/sup> NPD Group, f\u00e9vrier 2020; <sup>2<\/sup> NPD Group, 2020<\/p>\n<hr \/>\n<h2>MENU ENTIER DE SOLUTIONS \u00c0 SERVICE COMPLET<\/h2>\n<p>Vous avez besoin de salsa pour les burritos du d\u00e9jeuner? De soupes tendance pour le d\u00eener? De sauces pratiques pour accompagner les p\u00e2tes au souper? Campbell\u2019s propose une grande vari\u00e9t\u00e9 de produits polyvalents qui rendent vos activit\u00e9s plus rentables. De produits de p\u00e2tisserie de premier ordre en format surgel\u00e9 aux plats cuisin\u00e9s de qualit\u00e9 exceptionnelle sur plaques pr\u00eates pour le four, nos solutions de menu \u00e0 service complet saura accro\u00eetre votre efficacit\u00e9 op\u00e9rationnelle.<\/p>\n","protected":false},"excerpt":{"rendered":"<p>NOUS NOUS OCCUPONS COMPL\u00c8TEMENT DU SERVICE&#8230;<\/p>\n","protected":false},"author":4,"featured_media":412803,"parent":9761,"menu_order":0,"comment_status":"closed","ping_status":"closed","template":"page-solutions-detail.php","meta":[],"acf":[],"yoast_head":"<!-- This site is optimized with the Yoast SEO plugin v21.5 - https:\/\/yoast.com\/wordpress\/plugins\/seo\/ -->\n<title>RESTAURANT \u00c0 SERVICE COMPLET - Campbells Food Service Canada<\/title>\n<meta name=\"robots\" content=\"index, follow, max-snippet:-1, max-image-preview:large, max-video-preview:-1\" \/>\n<link rel=\"canonical\" href=\"https:\/\/www.campbellsfoodservice.ca\/fr\/solutions\/solutions-by-segment\/full-service-restaurant\/\" \/>\n<meta property=\"og:locale\" content=\"fr_FR\" \/>\n<meta property=\"og:type\" content=\"article\" \/>\n<meta property=\"og:title\" content=\"RESTAURANT \u00c0 SERVICE COMPLET - Campbells Food Service Canada\" \/>\n<meta property=\"og:description\" content=\"NOUS NOUS OCCUPONS COMPL\u00c8TEMENT DU SERVICE...\" \/>\n<meta property=\"og:url\" content=\"https:\/\/www.campbellsfoodservice.ca\/fr\/solutions\/solutions-by-segment\/full-service-restaurant\/\" \/>\n<meta property=\"og:site_name\" content=\"Campbells Food Service Canada\" \/>\n<meta property=\"article:modified_time\" content=\"2024-02-21T19:00:35+00:00\" \/>\n<meta property=\"og:image\" content=\"https:\/\/www.campbellsfoodservice.ca\/wp-content\/uploads\/2016\/03\/solution-full-serve-featured-image-1.jpg\" \/>\n\t<meta property=\"og:image:width\" content=\"1280\" \/>\n\t<meta property=\"og:image:height\" content=\"460\" \/>\n\t<meta property=\"og:image:type\" content=\"image\/jpeg\" \/>\n<meta name=\"twitter:card\" content=\"summary_large_image\" \/>\n<meta name=\"twitter:label1\" content=\"Est. reading time\" \/>\n\t<meta name=\"twitter:data1\" content=\"1 minute\" \/>\n<script type=\"application\/ld+json\" class=\"yoast-schema-graph\">{\"@context\":\"https:\/\/schema.org\",\"@graph\":[{\"@type\":\"WebPage\",\"@id\":\"https:\/\/www.campbellsfoodservice.ca\/fr\/solutions\/solutions-by-segment\/full-service-restaurant\/\",\"url\":\"https:\/\/www.campbellsfoodservice.ca\/fr\/solutions\/solutions-by-segment\/full-service-restaurant\/\",\"name\":\"RESTAURANT \u00c0 SERVICE COMPLET - Campbells Food Service Canada\",\"isPartOf\":{\"@id\":\"https:\/\/www.campbellsfoodservice.ca\/fr\/#website\"},\"datePublished\":\"2016-01-05T22:12:53+00:00\",\"dateModified\":\"2024-02-21T19:00:35+00:00\",\"breadcrumb\":{\"@id\":\"https:\/\/www.campbellsfoodservice.ca\/fr\/solutions\/solutions-by-segment\/full-service-restaurant\/#breadcrumb\"},\"inLanguage\":\"fr-FR\",\"potentialAction\":[{\"@type\":\"ReadAction\",\"target\":[\"https:\/\/www.campbellsfoodservice.ca\/fr\/solutions\/solutions-by-segment\/full-service-restaurant\/\"]}]},{\"@type\":\"BreadcrumbList\",\"@id\":\"https:\/\/www.campbellsfoodservice.ca\/fr\/solutions\/solutions-by-segment\/full-service-restaurant\/#breadcrumb\",\"itemListElement\":[{\"@type\":\"ListItem\",\"position\":1,\"name\":\"Home\",\"item\":\"https:\/\/www.campbellsfoodservice.ca\/fr\/\"},{\"@type\":\"ListItem\",\"position\":2,\"name\":\"SOLUTIONS\",\"item\":\"https:\/\/www.campbellsfoodservice.ca\/fr\/solutions\/\"},{\"@type\":\"ListItem\",\"position\":3,\"name\":\"SOLUTIONS PAR SEGMENT\",\"item\":\"https:\/\/www.campbellsfoodservice.ca\/fr\/solutions\/solutions-by-segment\/\"},{\"@type\":\"ListItem\",\"position\":4,\"name\":\"RESTAURANT \u00c0 SERVICE COMPLET\"}]},{\"@type\":\"WebSite\",\"@id\":\"https:\/\/www.campbellsfoodservice.ca\/fr\/#website\",\"url\":\"https:\/\/www.campbellsfoodservice.ca\/fr\/\",\"name\":\"Campbells Food Service Canada\",\"description\":\"\",\"potentialAction\":[{\"@type\":\"SearchAction\",\"target\":{\"@type\":\"EntryPoint\",\"urlTemplate\":\"https:\/\/www.campbellsfoodservice.ca\/fr\/?s={search_term_string}\"},\"query-input\":\"required name=search_term_string\"}],\"inLanguage\":\"fr-FR\"}]}<\/script>\n<!-- \/ Yoast SEO plugin. -->","yoast_head_json":{"title":"RESTAURANT \u00c0 SERVICE COMPLET - Campbells Food Service Canada","robots":{"index":"index","follow":"follow","max-snippet":"max-snippet:-1","max-image-preview":"max-image-preview:large","max-video-preview":"max-video-preview:-1"},"canonical":"https:\/\/www.campbellsfoodservice.ca\/fr\/solutions\/solutions-by-segment\/full-service-restaurant\/","og_locale":"fr_FR","og_type":"article","og_title":"RESTAURANT \u00c0 SERVICE COMPLET - Campbells Food Service Canada","og_description":"NOUS NOUS OCCUPONS COMPL\u00c8TEMENT DU SERVICE...","og_url":"https:\/\/www.campbellsfoodservice.ca\/fr\/solutions\/solutions-by-segment\/full-service-restaurant\/","og_site_name":"Campbells Food Service Canada","article_modified_time":"2024-02-21T19:00:35+00:00","og_image":[{"width":1280,"height":460,"url":"https:\/\/www.campbellsfoodservice.ca\/wp-content\/uploads\/2016\/03\/solution-full-serve-featured-image-1.jpg","type":"image\/jpeg"}],"twitter_card":"summary_large_image","twitter_misc":{"Est. reading time":"1 minute"},"schema":{"@context":"https:\/\/schema.org","@graph":[{"@type":"WebPage","@id":"https:\/\/www.campbellsfoodservice.ca\/fr\/solutions\/solutions-by-segment\/full-service-restaurant\/","url":"https:\/\/www.campbellsfoodservice.ca\/fr\/solutions\/solutions-by-segment\/full-service-restaurant\/","name":"RESTAURANT \u00c0 SERVICE COMPLET - Campbells Food Service Canada","isPartOf":{"@id":"https:\/\/www.campbellsfoodservice.ca\/fr\/#website"},"datePublished":"2016-01-05T22:12:53+00:00","dateModified":"2024-02-21T19:00:35+00:00","breadcrumb":{"@id":"https:\/\/www.campbellsfoodservice.ca\/fr\/solutions\/solutions-by-segment\/full-service-restaurant\/#breadcrumb"},"inLanguage":"fr-FR","potentialAction":[{"@type":"ReadAction","target":["https:\/\/www.campbellsfoodservice.ca\/fr\/solutions\/solutions-by-segment\/full-service-restaurant\/"]}]},{"@type":"BreadcrumbList","@id":"https:\/\/www.campbellsfoodservice.ca\/fr\/solutions\/solutions-by-segment\/full-service-restaurant\/#breadcrumb","itemListElement":[{"@type":"ListItem","position":1,"name":"Home","item":"https:\/\/www.campbellsfoodservice.ca\/fr\/"},{"@type":"ListItem","position":2,"name":"SOLUTIONS","item":"https:\/\/www.campbellsfoodservice.ca\/fr\/solutions\/"},{"@type":"ListItem","position":3,"name":"SOLUTIONS PAR SEGMENT","item":"https:\/\/www.campbellsfoodservice.ca\/fr\/solutions\/solutions-by-segment\/"},{"@type":"ListItem","position":4,"name":"RESTAURANT \u00c0 SERVICE COMPLET"}]},{"@type":"WebSite","@id":"https:\/\/www.campbellsfoodservice.ca\/fr\/#website","url":"https:\/\/www.campbellsfoodservice.ca\/fr\/","name":"Campbells Food Service Canada","description":"","potentialAction":[{"@type":"SearchAction","target":{"@type":"EntryPoint","urlTemplate":"https:\/\/www.campbellsfoodservice.ca\/fr\/?s={search_term_string}"},"query-input":"required name=search_term_string"}],"inLanguage":"fr-FR"}]}},"_links":{"self":[{"href":"https:\/\/www.campbellsfoodservice.ca\/fr\/wp-json\/wp\/v2\/pages\/9766"}],"collection":[{"href":"https:\/\/www.campbellsfoodservice.ca\/fr\/wp-json\/wp\/v2\/pages"}],"about":[{"href":"https:\/\/www.campbellsfoodservice.ca\/fr\/wp-json\/wp\/v2\/types\/page"}],"author":[{"embeddable":true,"href":"https:\/\/www.campbellsfoodservice.ca\/fr\/wp-json\/wp\/v2\/users\/4"}],"replies":[{"embeddable":true,"href":"https:\/\/www.campbellsfoodservice.ca\/fr\/wp-json\/wp\/v2\/comments?post=9766"}],"version-history":[{"count":0,"href":"https:\/\/www.campbellsfoodservice.ca\/fr\/wp-json\/wp\/v2\/pages\/9766\/revisions"}],"up":[{"embeddable":true,"href":"https:\/\/www.campbellsfoodservice.ca\/fr\/wp-json\/wp\/v2\/pages\/9761"}],"wp:featuredmedia":[{"embeddable":true,"href":"https:\/\/www.campbellsfoodservice.ca\/fr\/wp-json\/wp\/v2\/media\/412803"}],"wp:attachment":[{"href":"https:\/\/www.campbellsfoodservice.ca\/fr\/wp-json\/wp\/v2\/media?parent=9766"}],"curies":[{"name":"wp","href":"https:\/\/api.w.org\/{rel}","templated":true}]}}