{"id":9765,"date":"2016-01-05T22:12:10","date_gmt":"2016-01-05T22:12:10","guid":{"rendered":"https:\/\/www.campbellsfoodservice.ca\/?page_id=9765\/"},"modified":"2024-02-21T19:21:54","modified_gmt":"2024-02-21T19:21:54","slug":"fine-dining","status":"publish","type":"page","link":"https:\/\/www.campbellsfoodservice.ca\/fr\/solutions\/solutions-by-segment\/fine-dining\/","title":{"rendered":"GASTRONOMIE"},"content":{"rendered":"<h2>D\u00c9COUVREZ VOS NOUVEAUX INGR\u00c9DIENTS SECRETS<\/h2>\n<p>Campbell\u2019s est en activit\u00e9 depuis plus de 130 ans. Nous connaissons la cuisine maison ainsi que la cuisine gastronomique. Laissez nos exceptionnels produits cr\u00e9atifs faire le travail pour vous, dans l\u2019assiette ou comme ingr\u00e9dient en cuisine.<\/p>\n<hr \/>\n<h2>R\u00e9pondez \u00e0 la demande croissante pour le ramassage \u00e0 l\u2019auto et la livraison sans contact.<\/h2>\n<p>Les consommateurs sont plus satisfaits quand les repas comprennent une soupe, alors faites en sorte que la soupe soit bien en vue dans vos menus de livraison et de ramassage. Il faut savoir que, quand la soupe est comprise dans un repas, l\u2019addition du consommateur augmente de 42%<sup>1<\/sup>.<\/p>\n<p>La soupe se transporte bien, est aussi bonne r\u00e9chauff\u00e9e et permet d\u2019\u00e9largir facilement la vari\u00e9t\u00e9 offerte aux clients. Trente-quatre pour cent (34%) de la croissance de l\u2019industrie est attribuable \u00e0 la livraison<sup>2<\/sup>. Alors, comment tirer le maximum de la soupe avec votre menu de livraison?<\/p>\n<div class=\"row\" style=\"width: 100%; margin: auto; text-align: center !important; margin-top: 15px; margin-bottom: 0;\">\n<div class=\"col-md-6 col-12\" style=\"text-align: center; margin: 10px auto 20px auto;\"><img decoding=\"async\" style=\"width: 100%; max-width: 390px; margin: 0 auto !important;\" src=\"\/wp-content\/uploads\/2021\/03\/combo-meal-fr.jpg\" alt=\"Offrez de la soupe dans un combo repas.\" \/><\/div>\n<div class=\"col-md-6 col-12\" style=\"text-align: center; margin: 10px auto 20px auto;\"><img decoding=\"async\" style=\"width: 100%; max-width: 390px; margin: 0 auto !important;\" src=\"\/wp-content\/uploads\/2021\/03\/seeking-comfort-fr.jpg\" alt=\"Les consommateurs cherchent de la chaleur et du r\u00e9confort, et la soupe peut vous aider \u00e0 r\u00e9pondre \u00e0 ces besoins.\" \/><\/div>\n<\/div>\n<div class=\"row\" style=\"width: 100%; margin: auto; text-align: center !important; margin-top: 15px; margin-bottom: 0;\">\n<div class=\"col-md-6 col-12\" style=\"text-align: center; margin: 10px auto 20px auto;\"><img decoding=\"async\" style=\"width: 100%; max-width: 390px; margin: 0 auto !important;\" src=\"\/wp-content\/uploads\/2021\/03\/meal-bundles-fr.jpg\" alt=\"\u00c9largissez votre offre en y incluant des repas de type familial.\" \/><\/div>\n<div class=\"col-md-6 col-12\" style=\"text-align: center; margin: 10px auto 20px auto;\"><img decoding=\"async\" style=\"width: 100%; max-width: 390px; margin: 0 auto !important;\" src=\"\/wp-content\/uploads\/2021\/03\/tamper-proof-fr.jpg\" alt=\"Ajoutez un autocollant inviolable pour donner plus de tranquillit\u00e9 d\u2019esprit \u00e0 vos clients.\" \/><\/div>\n<\/div>\n<p style=\"text-align: left; font-size: 1.2rem !important; margin-top: 10px; margin-bottom: 50px; color: #aaa;\">Sources : <sup>1<\/sup> NPD Group, f\u00e9vrier 2020; <sup>2<\/sup> NPD Group, 2020<\/p>\n<hr \/>\n<h2>GO\u00dbT, APPARENCE ET QUALIT\u00c9 MAISON FACILIT\u00c9S<\/h2>\n<p>Nous proposons une s\u00e9lection de produits internationaux sup\u00e9rieurs pris\u00e9s, confectionn\u00e9s \u00e0 partir d\u2019ingr\u00e9dients de qualit\u00e9. Avec un peu d\u2019aide de Campbell\u2019s, il est facile de servir constamment les produits d\u00e9licieux de qualit\u00e9 \u00e9lev\u00e9e que vos clients attendent. Nos produits polyvalents vous permettent en outre de demander un prix sup\u00e9rieur, tout en r\u00e9duisant le temps et les efforts n\u00e9cessaires en cuisine.<\/p>\n","protected":false},"excerpt":{"rendered":"<p>NOUS NOUS OCCUPONS COMPL\u00c8TEMENT DU SERVICE&#8230;<\/p>\n","protected":false},"author":4,"featured_media":412802,"parent":9761,"menu_order":0,"comment_status":"closed","ping_status":"closed","template":"page-solutions-detail.php","meta":[],"acf":[],"yoast_head":"<!-- This site is optimized with the Yoast SEO plugin v21.5 - https:\/\/yoast.com\/wordpress\/plugins\/seo\/ -->\n<title>GASTRONOMIE - Campbells Food Service Canada<\/title>\n<meta name=\"robots\" content=\"index, follow, max-snippet:-1, max-image-preview:large, max-video-preview:-1\" \/>\n<link rel=\"canonical\" href=\"https:\/\/www.campbellsfoodservice.ca\/fr\/solutions\/solutions-by-segment\/fine-dining\/\" \/>\n<meta property=\"og:locale\" content=\"fr_FR\" \/>\n<meta property=\"og:type\" content=\"article\" \/>\n<meta property=\"og:title\" content=\"GASTRONOMIE - Campbells Food Service Canada\" \/>\n<meta property=\"og:description\" content=\"NOUS NOUS OCCUPONS COMPL\u00c8TEMENT DU SERVICE...\" \/>\n<meta property=\"og:url\" content=\"https:\/\/www.campbellsfoodservice.ca\/fr\/solutions\/solutions-by-segment\/fine-dining\/\" \/>\n<meta property=\"og:site_name\" content=\"Campbells Food Service Canada\" \/>\n<meta property=\"article:modified_time\" content=\"2024-02-21T19:21:54+00:00\" \/>\n<meta property=\"og:image\" content=\"https:\/\/www.campbellsfoodservice.ca\/wp-content\/uploads\/2016\/03\/solution-fine-dining-featured-image-1.jpg\" \/>\n\t<meta property=\"og:image:width\" content=\"1280\" \/>\n\t<meta property=\"og:image:height\" content=\"460\" \/>\n\t<meta property=\"og:image:type\" content=\"image\/jpeg\" \/>\n<meta name=\"twitter:card\" content=\"summary_large_image\" \/>\n<meta name=\"twitter:label1\" content=\"Est. reading time\" \/>\n\t<meta name=\"twitter:data1\" content=\"1 minute\" \/>\n<script type=\"application\/ld+json\" class=\"yoast-schema-graph\">{\"@context\":\"https:\/\/schema.org\",\"@graph\":[{\"@type\":\"WebPage\",\"@id\":\"https:\/\/www.campbellsfoodservice.ca\/fr\/solutions\/solutions-by-segment\/fine-dining\/\",\"url\":\"https:\/\/www.campbellsfoodservice.ca\/fr\/solutions\/solutions-by-segment\/fine-dining\/\",\"name\":\"GASTRONOMIE - Campbells Food Service Canada\",\"isPartOf\":{\"@id\":\"https:\/\/www.campbellsfoodservice.ca\/fr\/#website\"},\"datePublished\":\"2016-01-05T22:12:10+00:00\",\"dateModified\":\"2024-02-21T19:21:54+00:00\",\"breadcrumb\":{\"@id\":\"https:\/\/www.campbellsfoodservice.ca\/fr\/solutions\/solutions-by-segment\/fine-dining\/#breadcrumb\"},\"inLanguage\":\"fr-FR\",\"potentialAction\":[{\"@type\":\"ReadAction\",\"target\":[\"https:\/\/www.campbellsfoodservice.ca\/fr\/solutions\/solutions-by-segment\/fine-dining\/\"]}]},{\"@type\":\"BreadcrumbList\",\"@id\":\"https:\/\/www.campbellsfoodservice.ca\/fr\/solutions\/solutions-by-segment\/fine-dining\/#breadcrumb\",\"itemListElement\":[{\"@type\":\"ListItem\",\"position\":1,\"name\":\"Home\",\"item\":\"https:\/\/www.campbellsfoodservice.ca\/fr\/\"},{\"@type\":\"ListItem\",\"position\":2,\"name\":\"SOLUTIONS\",\"item\":\"https:\/\/www.campbellsfoodservice.ca\/fr\/solutions\/\"},{\"@type\":\"ListItem\",\"position\":3,\"name\":\"SOLUTIONS PAR SEGMENT\",\"item\":\"https:\/\/www.campbellsfoodservice.ca\/fr\/solutions\/solutions-by-segment\/\"},{\"@type\":\"ListItem\",\"position\":4,\"name\":\"GASTRONOMIE\"}]},{\"@type\":\"WebSite\",\"@id\":\"https:\/\/www.campbellsfoodservice.ca\/fr\/#website\",\"url\":\"https:\/\/www.campbellsfoodservice.ca\/fr\/\",\"name\":\"Campbells Food Service Canada\",\"description\":\"\",\"potentialAction\":[{\"@type\":\"SearchAction\",\"target\":{\"@type\":\"EntryPoint\",\"urlTemplate\":\"https:\/\/www.campbellsfoodservice.ca\/fr\/?s={search_term_string}\"},\"query-input\":\"required name=search_term_string\"}],\"inLanguage\":\"fr-FR\"}]}<\/script>\n<!-- \/ Yoast SEO plugin. -->","yoast_head_json":{"title":"GASTRONOMIE - Campbells Food Service Canada","robots":{"index":"index","follow":"follow","max-snippet":"max-snippet:-1","max-image-preview":"max-image-preview:large","max-video-preview":"max-video-preview:-1"},"canonical":"https:\/\/www.campbellsfoodservice.ca\/fr\/solutions\/solutions-by-segment\/fine-dining\/","og_locale":"fr_FR","og_type":"article","og_title":"GASTRONOMIE - Campbells Food Service Canada","og_description":"NOUS NOUS OCCUPONS COMPL\u00c8TEMENT DU SERVICE...","og_url":"https:\/\/www.campbellsfoodservice.ca\/fr\/solutions\/solutions-by-segment\/fine-dining\/","og_site_name":"Campbells Food Service Canada","article_modified_time":"2024-02-21T19:21:54+00:00","og_image":[{"width":1280,"height":460,"url":"https:\/\/www.campbellsfoodservice.ca\/wp-content\/uploads\/2016\/03\/solution-fine-dining-featured-image-1.jpg","type":"image\/jpeg"}],"twitter_card":"summary_large_image","twitter_misc":{"Est. reading time":"1 minute"},"schema":{"@context":"https:\/\/schema.org","@graph":[{"@type":"WebPage","@id":"https:\/\/www.campbellsfoodservice.ca\/fr\/solutions\/solutions-by-segment\/fine-dining\/","url":"https:\/\/www.campbellsfoodservice.ca\/fr\/solutions\/solutions-by-segment\/fine-dining\/","name":"GASTRONOMIE - Campbells Food Service Canada","isPartOf":{"@id":"https:\/\/www.campbellsfoodservice.ca\/fr\/#website"},"datePublished":"2016-01-05T22:12:10+00:00","dateModified":"2024-02-21T19:21:54+00:00","breadcrumb":{"@id":"https:\/\/www.campbellsfoodservice.ca\/fr\/solutions\/solutions-by-segment\/fine-dining\/#breadcrumb"},"inLanguage":"fr-FR","potentialAction":[{"@type":"ReadAction","target":["https:\/\/www.campbellsfoodservice.ca\/fr\/solutions\/solutions-by-segment\/fine-dining\/"]}]},{"@type":"BreadcrumbList","@id":"https:\/\/www.campbellsfoodservice.ca\/fr\/solutions\/solutions-by-segment\/fine-dining\/#breadcrumb","itemListElement":[{"@type":"ListItem","position":1,"name":"Home","item":"https:\/\/www.campbellsfoodservice.ca\/fr\/"},{"@type":"ListItem","position":2,"name":"SOLUTIONS","item":"https:\/\/www.campbellsfoodservice.ca\/fr\/solutions\/"},{"@type":"ListItem","position":3,"name":"SOLUTIONS PAR SEGMENT","item":"https:\/\/www.campbellsfoodservice.ca\/fr\/solutions\/solutions-by-segment\/"},{"@type":"ListItem","position":4,"name":"GASTRONOMIE"}]},{"@type":"WebSite","@id":"https:\/\/www.campbellsfoodservice.ca\/fr\/#website","url":"https:\/\/www.campbellsfoodservice.ca\/fr\/","name":"Campbells Food Service Canada","description":"","potentialAction":[{"@type":"SearchAction","target":{"@type":"EntryPoint","urlTemplate":"https:\/\/www.campbellsfoodservice.ca\/fr\/?s={search_term_string}"},"query-input":"required name=search_term_string"}],"inLanguage":"fr-FR"}]}},"_links":{"self":[{"href":"https:\/\/www.campbellsfoodservice.ca\/fr\/wp-json\/wp\/v2\/pages\/9765"}],"collection":[{"href":"https:\/\/www.campbellsfoodservice.ca\/fr\/wp-json\/wp\/v2\/pages"}],"about":[{"href":"https:\/\/www.campbellsfoodservice.ca\/fr\/wp-json\/wp\/v2\/types\/page"}],"author":[{"embeddable":true,"href":"https:\/\/www.campbellsfoodservice.ca\/fr\/wp-json\/wp\/v2\/users\/4"}],"replies":[{"embeddable":true,"href":"https:\/\/www.campbellsfoodservice.ca\/fr\/wp-json\/wp\/v2\/comments?post=9765"}],"version-history":[{"count":0,"href":"https:\/\/www.campbellsfoodservice.ca\/fr\/wp-json\/wp\/v2\/pages\/9765\/revisions"}],"up":[{"embeddable":true,"href":"https:\/\/www.campbellsfoodservice.ca\/fr\/wp-json\/wp\/v2\/pages\/9761"}],"wp:featuredmedia":[{"embeddable":true,"href":"https:\/\/www.campbellsfoodservice.ca\/fr\/wp-json\/wp\/v2\/media\/412802"}],"wp:attachment":[{"href":"https:\/\/www.campbellsfoodservice.ca\/fr\/wp-json\/wp\/v2\/media?parent=9765"}],"curies":[{"name":"wp","href":"https:\/\/api.w.org\/{rel}","templated":true}]}}