{"id":9764,"date":"2016-01-05T22:11:52","date_gmt":"2016-01-05T22:11:52","guid":{"rendered":"https:\/\/www.campbellsfoodservice.ca\/?page_id=9764\/"},"modified":"2017-04-24T16:26:27","modified_gmt":"2017-04-24T16:26:27","slug":"college-university","status":"publish","type":"page","link":"https:\/\/www.campbellsfoodservice.ca\/fr\/solutions\/solutions-by-segment\/college-university\/","title":{"rendered":"\u00c9TABLISSEMENT D\u2019ENSEIGNEMENT POSTSECONDAIRE"},"content":{"rendered":"<p><strong>DES PRODUITS SUP\u00c9RIEURS POUR L\u2019\u00c9DUCATION SUP\u00c9RIEURE<\/strong><\/p>\n<p>Fournissez aux \u00e9tudiants un sentiment de r\u00e9confort et de s\u00e9curit\u00e9 en leur servant les aliments sains et nourrissants qu\u2019ils connaissent et aiment. Que vous recherchiez les meilleurs ingr\u00e9dients de base de chaque cat\u00e9gorie pour des plats de r\u00e9fectoire ou des collations \u00e0 emporter destin\u00e9es aux d\u00e9panneurs et distributeurs du campus, Campbell\u2019s a exactement ce qu\u2019il vous faut.<\/p>\n<hr \/>\n<p><strong>PRODUITS PRATIQUES ET CHALEUREUSEMENT FAMILIERS<\/strong><\/p>\n<p>Campbell\u2019s peut vous aider \u00e0 offrir l\u2019exp\u00e9rience gustative famili\u00e8re de la maison au sein de votre service de restauration de campus. Bon nombre de nos produits sont en outre propos\u00e9s en emballage \u00e0 emporter, parfaitement adapt\u00e9s aux emplois du temps charg\u00e9s des \u00e9tudiants. De classiques r\u00e9confortants, comme la soupe de brocoli au cheddar, aux plats tendance pr\u00e9f\u00e9r\u00e9s satisfaisant les papilles gustatives curieuses des \u00e9tudiants, Campbell\u2019s vous propose des solutions parfaites pour les services alimentaires des \u00e9tablissements d\u2019enseignement postsecondaire.<\/p>\n\n","protected":false},"excerpt":{"rendered":"<p>DES PRODUITS SUP\u00c9RIEURS POUR L\u2019\u00c9DUCATION SUP\u00c9RIEURE Fournissez aux \u00e9tudiants un sentiment de r\u00e9confort et de s\u00e9curit\u00e9 en leur servant les aliments sains et nourrissants qu\u2019ils connaissent et aiment. Que vous recherchiez les meilleurs ingr\u00e9dients de base de chaque cat\u00e9gorie pour des plats de r\u00e9fectoire ou des collations \u00e0 emporter destin\u00e9es aux d\u00e9panneurs et distributeurs du [&hellip;]<\/p>\n","protected":false},"author":39,"featured_media":1966,"parent":9761,"menu_order":0,"comment_status":"closed","ping_status":"closed","template":"page-solutions-detail.php","meta":[],"acf":[],"yoast_head":"<!-- This site is optimized with the Yoast SEO plugin v21.5 - https:\/\/yoast.com\/wordpress\/plugins\/seo\/ -->\n<title>\u00c9TABLISSEMENT D\u2019ENSEIGNEMENT POSTSECONDAIRE - Campbells Food Service Canada<\/title>\n<meta name=\"robots\" content=\"index, follow, max-snippet:-1, max-image-preview:large, max-video-preview:-1\" \/>\n<link rel=\"canonical\" href=\"https:\/\/www.campbellsfoodservice.ca\/fr\/solutions\/solutions-by-segment\/college-university\/\" \/>\n<meta property=\"og:locale\" content=\"fr_FR\" \/>\n<meta property=\"og:type\" content=\"article\" \/>\n<meta property=\"og:title\" content=\"\u00c9TABLISSEMENT D\u2019ENSEIGNEMENT POSTSECONDAIRE - Campbells Food Service Canada\" \/>\n<meta property=\"og:description\" content=\"DES PRODUITS SUP\u00c9RIEURS POUR L\u2019\u00c9DUCATION SUP\u00c9RIEURE Fournissez aux \u00e9tudiants un sentiment de r\u00e9confort et de s\u00e9curit\u00e9 en leur servant les aliments sains et nourrissants qu\u2019ils connaissent et aiment. Que vous recherchiez les meilleurs ingr\u00e9dients de base de chaque cat\u00e9gorie pour des plats de r\u00e9fectoire ou des collations \u00e0 emporter destin\u00e9es aux d\u00e9panneurs et distributeurs du [&hellip;]\" \/>\n<meta property=\"og:url\" content=\"https:\/\/www.campbellsfoodservice.ca\/fr\/solutions\/solutions-by-segment\/college-university\/\" \/>\n<meta property=\"og:site_name\" content=\"Campbells Food Service Canada\" \/>\n<meta property=\"article:modified_time\" content=\"2017-04-24T16:26:27+00:00\" \/>\n<meta property=\"og:image\" content=\"https:\/\/www.campbellsfoodservice.ca\/wp-content\/uploads\/2016\/03\/solution-college-featured-image-1.jpg\" \/>\n\t<meta property=\"og:image:width\" content=\"1280\" \/>\n\t<meta property=\"og:image:height\" content=\"460\" \/>\n\t<meta property=\"og:image:type\" content=\"image\/jpeg\" \/>\n<meta name=\"twitter:card\" content=\"summary_large_image\" \/>\n<meta name=\"twitter:label1\" content=\"Est. reading time\" \/>\n\t<meta name=\"twitter:data1\" content=\"1 minute\" \/>\n<script type=\"application\/ld+json\" class=\"yoast-schema-graph\">{\"@context\":\"https:\/\/schema.org\",\"@graph\":[{\"@type\":\"WebPage\",\"@id\":\"https:\/\/www.campbellsfoodservice.ca\/fr\/solutions\/solutions-by-segment\/college-university\/\",\"url\":\"https:\/\/www.campbellsfoodservice.ca\/fr\/solutions\/solutions-by-segment\/college-university\/\",\"name\":\"\u00c9TABLISSEMENT D\u2019ENSEIGNEMENT POSTSECONDAIRE - Campbells Food Service Canada\",\"isPartOf\":{\"@id\":\"https:\/\/www.campbellsfoodservice.ca\/fr\/#website\"},\"datePublished\":\"2016-01-05T22:11:52+00:00\",\"dateModified\":\"2017-04-24T16:26:27+00:00\",\"breadcrumb\":{\"@id\":\"https:\/\/www.campbellsfoodservice.ca\/fr\/solutions\/solutions-by-segment\/college-university\/#breadcrumb\"},\"inLanguage\":\"fr-FR\",\"potentialAction\":[{\"@type\":\"ReadAction\",\"target\":[\"https:\/\/www.campbellsfoodservice.ca\/fr\/solutions\/solutions-by-segment\/college-university\/\"]}]},{\"@type\":\"BreadcrumbList\",\"@id\":\"https:\/\/www.campbellsfoodservice.ca\/fr\/solutions\/solutions-by-segment\/college-university\/#breadcrumb\",\"itemListElement\":[{\"@type\":\"ListItem\",\"position\":1,\"name\":\"Home\",\"item\":\"https:\/\/www.campbellsfoodservice.ca\/fr\/\"},{\"@type\":\"ListItem\",\"position\":2,\"name\":\"SOLUTIONS\",\"item\":\"https:\/\/www.campbellsfoodservice.ca\/fr\/solutions\/\"},{\"@type\":\"ListItem\",\"position\":3,\"name\":\"SOLUTIONS PAR SEGMENT\",\"item\":\"https:\/\/www.campbellsfoodservice.ca\/fr\/solutions\/solutions-by-segment\/\"},{\"@type\":\"ListItem\",\"position\":4,\"name\":\"\u00c9TABLISSEMENT D\u2019ENSEIGNEMENT POSTSECONDAIRE\"}]},{\"@type\":\"WebSite\",\"@id\":\"https:\/\/www.campbellsfoodservice.ca\/fr\/#website\",\"url\":\"https:\/\/www.campbellsfoodservice.ca\/fr\/\",\"name\":\"Campbells Food Service Canada\",\"description\":\"\",\"potentialAction\":[{\"@type\":\"SearchAction\",\"target\":{\"@type\":\"EntryPoint\",\"urlTemplate\":\"https:\/\/www.campbellsfoodservice.ca\/fr\/?s={search_term_string}\"},\"query-input\":\"required name=search_term_string\"}],\"inLanguage\":\"fr-FR\"}]}<\/script>\n<!-- \/ Yoast SEO plugin. -->","yoast_head_json":{"title":"\u00c9TABLISSEMENT D\u2019ENSEIGNEMENT POSTSECONDAIRE - Campbells Food Service Canada","robots":{"index":"index","follow":"follow","max-snippet":"max-snippet:-1","max-image-preview":"max-image-preview:large","max-video-preview":"max-video-preview:-1"},"canonical":"https:\/\/www.campbellsfoodservice.ca\/fr\/solutions\/solutions-by-segment\/college-university\/","og_locale":"fr_FR","og_type":"article","og_title":"\u00c9TABLISSEMENT D\u2019ENSEIGNEMENT POSTSECONDAIRE - Campbells Food Service Canada","og_description":"DES PRODUITS SUP\u00c9RIEURS POUR L\u2019\u00c9DUCATION SUP\u00c9RIEURE Fournissez aux \u00e9tudiants un sentiment de r\u00e9confort et de s\u00e9curit\u00e9 en leur servant les aliments sains et nourrissants qu\u2019ils connaissent et aiment. Que vous recherchiez les meilleurs ingr\u00e9dients de base de chaque cat\u00e9gorie pour des plats de r\u00e9fectoire ou des collations \u00e0 emporter destin\u00e9es aux d\u00e9panneurs et distributeurs du [&hellip;]","og_url":"https:\/\/www.campbellsfoodservice.ca\/fr\/solutions\/solutions-by-segment\/college-university\/","og_site_name":"Campbells Food Service Canada","article_modified_time":"2017-04-24T16:26:27+00:00","og_image":[{"width":1280,"height":460,"url":"https:\/\/www.campbellsfoodservice.ca\/wp-content\/uploads\/2016\/03\/solution-college-featured-image-1.jpg","type":"image\/jpeg"}],"twitter_card":"summary_large_image","twitter_misc":{"Est. reading time":"1 minute"},"schema":{"@context":"https:\/\/schema.org","@graph":[{"@type":"WebPage","@id":"https:\/\/www.campbellsfoodservice.ca\/fr\/solutions\/solutions-by-segment\/college-university\/","url":"https:\/\/www.campbellsfoodservice.ca\/fr\/solutions\/solutions-by-segment\/college-university\/","name":"\u00c9TABLISSEMENT D\u2019ENSEIGNEMENT POSTSECONDAIRE - Campbells Food Service Canada","isPartOf":{"@id":"https:\/\/www.campbellsfoodservice.ca\/fr\/#website"},"datePublished":"2016-01-05T22:11:52+00:00","dateModified":"2017-04-24T16:26:27+00:00","breadcrumb":{"@id":"https:\/\/www.campbellsfoodservice.ca\/fr\/solutions\/solutions-by-segment\/college-university\/#breadcrumb"},"inLanguage":"fr-FR","potentialAction":[{"@type":"ReadAction","target":["https:\/\/www.campbellsfoodservice.ca\/fr\/solutions\/solutions-by-segment\/college-university\/"]}]},{"@type":"BreadcrumbList","@id":"https:\/\/www.campbellsfoodservice.ca\/fr\/solutions\/solutions-by-segment\/college-university\/#breadcrumb","itemListElement":[{"@type":"ListItem","position":1,"name":"Home","item":"https:\/\/www.campbellsfoodservice.ca\/fr\/"},{"@type":"ListItem","position":2,"name":"SOLUTIONS","item":"https:\/\/www.campbellsfoodservice.ca\/fr\/solutions\/"},{"@type":"ListItem","position":3,"name":"SOLUTIONS PAR SEGMENT","item":"https:\/\/www.campbellsfoodservice.ca\/fr\/solutions\/solutions-by-segment\/"},{"@type":"ListItem","position":4,"name":"\u00c9TABLISSEMENT D\u2019ENSEIGNEMENT POSTSECONDAIRE"}]},{"@type":"WebSite","@id":"https:\/\/www.campbellsfoodservice.ca\/fr\/#website","url":"https:\/\/www.campbellsfoodservice.ca\/fr\/","name":"Campbells Food Service Canada","description":"","potentialAction":[{"@type":"SearchAction","target":{"@type":"EntryPoint","urlTemplate":"https:\/\/www.campbellsfoodservice.ca\/fr\/?s={search_term_string}"},"query-input":"required name=search_term_string"}],"inLanguage":"fr-FR"}]}},"_links":{"self":[{"href":"https:\/\/www.campbellsfoodservice.ca\/fr\/wp-json\/wp\/v2\/pages\/9764"}],"collection":[{"href":"https:\/\/www.campbellsfoodservice.ca\/fr\/wp-json\/wp\/v2\/pages"}],"about":[{"href":"https:\/\/www.campbellsfoodservice.ca\/fr\/wp-json\/wp\/v2\/types\/page"}],"author":[{"embeddable":true,"href":"https:\/\/www.campbellsfoodservice.ca\/fr\/wp-json\/wp\/v2\/users\/39"}],"replies":[{"embeddable":true,"href":"https:\/\/www.campbellsfoodservice.ca\/fr\/wp-json\/wp\/v2\/comments?post=9764"}],"version-history":[{"count":0,"href":"https:\/\/www.campbellsfoodservice.ca\/fr\/wp-json\/wp\/v2\/pages\/9764\/revisions"}],"up":[{"embeddable":true,"href":"https:\/\/www.campbellsfoodservice.ca\/fr\/wp-json\/wp\/v2\/pages\/9761"}],"wp:featuredmedia":[{"embeddable":true,"href":"https:\/\/www.campbellsfoodservice.ca\/fr\/wp-json\/wp\/v2\/media\/1966"}],"wp:attachment":[{"href":"https:\/\/www.campbellsfoodservice.ca\/fr\/wp-json\/wp\/v2\/media?parent=9764"}],"curies":[{"name":"wp","href":"https:\/\/api.w.org\/{rel}","templated":true}]}}