{"id":9762,"date":"2016-01-05T22:11:27","date_gmt":"2016-01-05T22:11:27","guid":{"rendered":"https:\/\/www.campbellsfoodservice.ca\/?page_id=9762\/"},"modified":"2017-04-24T16:25:56","modified_gmt":"2017-04-24T16:25:56","slug":"business-industry","status":"publish","type":"page","link":"https:\/\/www.campbellsfoodservice.ca\/fr\/solutions\/solutions-by-segment\/business-industry\/","title":{"rendered":"SECTEUR COMMERCIAL ET INDUSTRIEL"},"content":{"rendered":"<p><strong>L\u2019EFFICACIT\u00c9 CAMPBELL\u2019S<\/strong><\/p>\n<p>Des soupes et des sauces aux desserts en passant par les collations, Campbell\u2019s propose une gamme de produits \u00e0 multiples usages, parfaits pour la restauration commerciale et industrielle. Accroissez votre part de march\u00e9 gr\u00e2ce \u00e0 nos id\u00e9es et solutions diversifi\u00e9es de service alimentaire.<\/p>\n<hr \/>\n<p><strong>LA RESTAURATION SUR PLACE N\u2019A JAMAIS EU AUSSI BON GO\u00dbT<\/strong><\/p>\n<p>Notre portfolio comprend une gamme de produits d\u00e9licieux qui convaincront vos employ\u00e9s \u00e0 rester sur place pour chaque repas. Vous trouverez \u00e9galement des biscuits et craquelins uniques parfaits pour cr\u00e9er des pr\u00e9sentations marquantes pour des r\u00e9unions avec service de traiteur. D\u00e9couvrez des soupes de qualit\u00e9 inspir\u00e9es de cuisiniers, id\u00e9ales pour les d\u00e9jeuners d\u2019affaires, entre autres. Campbell\u2019s saura r\u00e9pondre \u00e0 vos besoins en solutions commerciales et industrielles.<\/p>\n","protected":false},"excerpt":{"rendered":"<p>L\u2019EFFICACIT\u00c9 CAMPBELL\u2019S Des soupes et des sauces aux desserts en passant par les collations, Campbell\u2019s propose une gamme de produits \u00e0 multiples usages, parfaits pour la restauration commerciale et industrielle. Accroissez votre part de march\u00e9 gr\u00e2ce \u00e0 nos id\u00e9es et solutions diversifi\u00e9es de service alimentaire. LA RESTAURATION SUR PLACE N\u2019A JAMAIS EU AUSSI BON GO\u00dbT [&hellip;]<\/p>\n","protected":false},"author":39,"featured_media":1959,"parent":9761,"menu_order":0,"comment_status":"closed","ping_status":"closed","template":"page-solutions-detail.php","meta":[],"acf":[],"yoast_head":"<!-- This site is optimized with the Yoast SEO plugin v21.5 - https:\/\/yoast.com\/wordpress\/plugins\/seo\/ -->\n<title>SECTEUR COMMERCIAL ET INDUSTRIEL - Campbells Food Service Canada<\/title>\n<meta name=\"robots\" content=\"index, follow, max-snippet:-1, max-image-preview:large, max-video-preview:-1\" \/>\n<link rel=\"canonical\" href=\"https:\/\/www.campbellsfoodservice.ca\/fr\/solutions\/solutions-by-segment\/business-industry\/\" \/>\n<meta property=\"og:locale\" content=\"fr_FR\" \/>\n<meta property=\"og:type\" content=\"article\" \/>\n<meta property=\"og:title\" content=\"SECTEUR COMMERCIAL ET INDUSTRIEL - Campbells Food Service Canada\" \/>\n<meta property=\"og:description\" content=\"L\u2019EFFICACIT\u00c9 CAMPBELL\u2019S Des soupes et des sauces aux desserts en passant par les collations, Campbell\u2019s propose une gamme de produits \u00e0 multiples usages, parfaits pour la restauration commerciale et industrielle. Accroissez votre part de march\u00e9 gr\u00e2ce \u00e0 nos id\u00e9es et solutions diversifi\u00e9es de service alimentaire. LA RESTAURATION SUR PLACE N\u2019A JAMAIS EU AUSSI BON GO\u00dbT [&hellip;]\" \/>\n<meta property=\"og:url\" content=\"https:\/\/www.campbellsfoodservice.ca\/fr\/solutions\/solutions-by-segment\/business-industry\/\" \/>\n<meta property=\"og:site_name\" content=\"Campbells Food Service Canada\" \/>\n<meta property=\"article:modified_time\" content=\"2017-04-24T16:25:56+00:00\" \/>\n<meta property=\"og:image\" content=\"https:\/\/www.campbellsfoodservice.ca\/wp-content\/uploads\/2016\/03\/solution-business-industry-featured-image-1.jpg\" \/>\n\t<meta property=\"og:image:width\" content=\"1280\" \/>\n\t<meta property=\"og:image:height\" content=\"460\" \/>\n\t<meta property=\"og:image:type\" content=\"image\/jpeg\" \/>\n<meta name=\"twitter:card\" content=\"summary_large_image\" \/>\n<meta name=\"twitter:label1\" content=\"Est. reading time\" \/>\n\t<meta name=\"twitter:data1\" content=\"1 minute\" \/>\n<script type=\"application\/ld+json\" class=\"yoast-schema-graph\">{\"@context\":\"https:\/\/schema.org\",\"@graph\":[{\"@type\":\"WebPage\",\"@id\":\"https:\/\/www.campbellsfoodservice.ca\/fr\/solutions\/solutions-by-segment\/business-industry\/\",\"url\":\"https:\/\/www.campbellsfoodservice.ca\/fr\/solutions\/solutions-by-segment\/business-industry\/\",\"name\":\"SECTEUR COMMERCIAL ET INDUSTRIEL - Campbells Food Service Canada\",\"isPartOf\":{\"@id\":\"https:\/\/www.campbellsfoodservice.ca\/fr\/#website\"},\"datePublished\":\"2016-01-05T22:11:27+00:00\",\"dateModified\":\"2017-04-24T16:25:56+00:00\",\"breadcrumb\":{\"@id\":\"https:\/\/www.campbellsfoodservice.ca\/fr\/solutions\/solutions-by-segment\/business-industry\/#breadcrumb\"},\"inLanguage\":\"fr-FR\",\"potentialAction\":[{\"@type\":\"ReadAction\",\"target\":[\"https:\/\/www.campbellsfoodservice.ca\/fr\/solutions\/solutions-by-segment\/business-industry\/\"]}]},{\"@type\":\"BreadcrumbList\",\"@id\":\"https:\/\/www.campbellsfoodservice.ca\/fr\/solutions\/solutions-by-segment\/business-industry\/#breadcrumb\",\"itemListElement\":[{\"@type\":\"ListItem\",\"position\":1,\"name\":\"Home\",\"item\":\"https:\/\/www.campbellsfoodservice.ca\/fr\/\"},{\"@type\":\"ListItem\",\"position\":2,\"name\":\"SOLUTIONS\",\"item\":\"https:\/\/www.campbellsfoodservice.ca\/fr\/solutions\/\"},{\"@type\":\"ListItem\",\"position\":3,\"name\":\"SOLUTIONS PAR SEGMENT\",\"item\":\"https:\/\/www.campbellsfoodservice.ca\/fr\/solutions\/solutions-by-segment\/\"},{\"@type\":\"ListItem\",\"position\":4,\"name\":\"SECTEUR COMMERCIAL ET INDUSTRIEL\"}]},{\"@type\":\"WebSite\",\"@id\":\"https:\/\/www.campbellsfoodservice.ca\/fr\/#website\",\"url\":\"https:\/\/www.campbellsfoodservice.ca\/fr\/\",\"name\":\"Campbells Food Service Canada\",\"description\":\"\",\"potentialAction\":[{\"@type\":\"SearchAction\",\"target\":{\"@type\":\"EntryPoint\",\"urlTemplate\":\"https:\/\/www.campbellsfoodservice.ca\/fr\/?s={search_term_string}\"},\"query-input\":\"required name=search_term_string\"}],\"inLanguage\":\"fr-FR\"}]}<\/script>\n<!-- \/ Yoast SEO plugin. -->","yoast_head_json":{"title":"SECTEUR COMMERCIAL ET INDUSTRIEL - Campbells Food Service Canada","robots":{"index":"index","follow":"follow","max-snippet":"max-snippet:-1","max-image-preview":"max-image-preview:large","max-video-preview":"max-video-preview:-1"},"canonical":"https:\/\/www.campbellsfoodservice.ca\/fr\/solutions\/solutions-by-segment\/business-industry\/","og_locale":"fr_FR","og_type":"article","og_title":"SECTEUR COMMERCIAL ET INDUSTRIEL - Campbells Food Service Canada","og_description":"L\u2019EFFICACIT\u00c9 CAMPBELL\u2019S Des soupes et des sauces aux desserts en passant par les collations, Campbell\u2019s propose une gamme de produits \u00e0 multiples usages, parfaits pour la restauration commerciale et industrielle. Accroissez votre part de march\u00e9 gr\u00e2ce \u00e0 nos id\u00e9es et solutions diversifi\u00e9es de service alimentaire. LA RESTAURATION SUR PLACE N\u2019A JAMAIS EU AUSSI BON GO\u00dbT [&hellip;]","og_url":"https:\/\/www.campbellsfoodservice.ca\/fr\/solutions\/solutions-by-segment\/business-industry\/","og_site_name":"Campbells Food Service Canada","article_modified_time":"2017-04-24T16:25:56+00:00","og_image":[{"width":1280,"height":460,"url":"https:\/\/www.campbellsfoodservice.ca\/wp-content\/uploads\/2016\/03\/solution-business-industry-featured-image-1.jpg","type":"image\/jpeg"}],"twitter_card":"summary_large_image","twitter_misc":{"Est. reading time":"1 minute"},"schema":{"@context":"https:\/\/schema.org","@graph":[{"@type":"WebPage","@id":"https:\/\/www.campbellsfoodservice.ca\/fr\/solutions\/solutions-by-segment\/business-industry\/","url":"https:\/\/www.campbellsfoodservice.ca\/fr\/solutions\/solutions-by-segment\/business-industry\/","name":"SECTEUR COMMERCIAL ET INDUSTRIEL - Campbells Food Service Canada","isPartOf":{"@id":"https:\/\/www.campbellsfoodservice.ca\/fr\/#website"},"datePublished":"2016-01-05T22:11:27+00:00","dateModified":"2017-04-24T16:25:56+00:00","breadcrumb":{"@id":"https:\/\/www.campbellsfoodservice.ca\/fr\/solutions\/solutions-by-segment\/business-industry\/#breadcrumb"},"inLanguage":"fr-FR","potentialAction":[{"@type":"ReadAction","target":["https:\/\/www.campbellsfoodservice.ca\/fr\/solutions\/solutions-by-segment\/business-industry\/"]}]},{"@type":"BreadcrumbList","@id":"https:\/\/www.campbellsfoodservice.ca\/fr\/solutions\/solutions-by-segment\/business-industry\/#breadcrumb","itemListElement":[{"@type":"ListItem","position":1,"name":"Home","item":"https:\/\/www.campbellsfoodservice.ca\/fr\/"},{"@type":"ListItem","position":2,"name":"SOLUTIONS","item":"https:\/\/www.campbellsfoodservice.ca\/fr\/solutions\/"},{"@type":"ListItem","position":3,"name":"SOLUTIONS PAR SEGMENT","item":"https:\/\/www.campbellsfoodservice.ca\/fr\/solutions\/solutions-by-segment\/"},{"@type":"ListItem","position":4,"name":"SECTEUR COMMERCIAL ET INDUSTRIEL"}]},{"@type":"WebSite","@id":"https:\/\/www.campbellsfoodservice.ca\/fr\/#website","url":"https:\/\/www.campbellsfoodservice.ca\/fr\/","name":"Campbells Food Service Canada","description":"","potentialAction":[{"@type":"SearchAction","target":{"@type":"EntryPoint","urlTemplate":"https:\/\/www.campbellsfoodservice.ca\/fr\/?s={search_term_string}"},"query-input":"required name=search_term_string"}],"inLanguage":"fr-FR"}]}},"_links":{"self":[{"href":"https:\/\/www.campbellsfoodservice.ca\/fr\/wp-json\/wp\/v2\/pages\/9762"}],"collection":[{"href":"https:\/\/www.campbellsfoodservice.ca\/fr\/wp-json\/wp\/v2\/pages"}],"about":[{"href":"https:\/\/www.campbellsfoodservice.ca\/fr\/wp-json\/wp\/v2\/types\/page"}],"author":[{"embeddable":true,"href":"https:\/\/www.campbellsfoodservice.ca\/fr\/wp-json\/wp\/v2\/users\/39"}],"replies":[{"embeddable":true,"href":"https:\/\/www.campbellsfoodservice.ca\/fr\/wp-json\/wp\/v2\/comments?post=9762"}],"version-history":[{"count":0,"href":"https:\/\/www.campbellsfoodservice.ca\/fr\/wp-json\/wp\/v2\/pages\/9762\/revisions"}],"up":[{"embeddable":true,"href":"https:\/\/www.campbellsfoodservice.ca\/fr\/wp-json\/wp\/v2\/pages\/9761"}],"wp:featuredmedia":[{"embeddable":true,"href":"https:\/\/www.campbellsfoodservice.ca\/fr\/wp-json\/wp\/v2\/media\/1959"}],"wp:attachment":[{"href":"https:\/\/www.campbellsfoodservice.ca\/fr\/wp-json\/wp\/v2\/media?parent=9762"}],"curies":[{"name":"wp","href":"https:\/\/api.w.org\/{rel}","templated":true}]}}