{"id":9760,"date":"2016-03-05T13:10:59","date_gmt":"2016-03-05T13:10:59","guid":{"rendered":"https:\/\/www.campbellsfoodservice.ca\/?page_id=9760\/"},"modified":"2017-04-24T16:24:35","modified_gmt":"2017-04-24T16:24:35","slug":"perfect-pairings","status":"publish","type":"page","link":"https:\/\/www.campbellsfoodservice.ca\/fr\/solutions\/programs\/perfect-pairings\/","title":{"rendered":"ALLIANCES PARFAITES"},"content":{"rendered":"<h2>L\u2019ALLIANCE IN\u00c9GAL\u00c9E DES SOUPES ET SANDWICHS<\/h2>\n<p>C\u2019est avec grand plaisir que Campbell\u2019s et la Boulangerie Canada Bread vous invitent \u00e0 vous joindre \u00e0 un nouveau programme innovant d\u2019association de menus visant \u00e0 stimuler vos ventes.<\/p>\n<h2>L\u2019ASSOCIATION DES SOUPES ET DES SANDWICHS POUR CR\u00c9ER DES EXP\u00c9RIENCES DE SAVEURS COMPL\u00c8TES!<\/h2>\n<p>Les amateurs de restaurants recherchent des exp\u00e9riences gastronomiques et des profils de saveur qui soient nouveaux et uniques*. Nous vous invitons ainsi \u00e0 participer \u00e0 Perfect Pairings, programme populaire associant les soupes Campbell\u2019s\u00ae \u00e0 des sandwiches novateurs confectionn\u00e9s \u00e0 partir de vari\u00e9t\u00e9s d\u00e9licieuses de pain de la Boulangerie Canada Bread. Ces associations sont con\u00e7ues pour se compl\u00e9ter parfaitement et maximiser les profits.<\/p>\n<p>*Technomic Consumer Trend report, 2008<\/p>\n<h3><strong>ID\u00c9ES DE MARKETING<\/strong><\/h3>\n<p><strong>Vente crois\u00e9e :<\/strong> Vos serveurs sont des vendeurs. Veillez \u00e0 ce qu\u2019ils comprennent l\u2019importance de l\u2019art subtil de la stimulation des ventes gr\u00e2ce au programme Perfect Pairing pour contribuer \u00e0 accro\u00eetre le montant moyen des additions.<\/p>\n<p><strong>Menu Romance :<\/strong> Perfect Pairings offre un positionnement de premier ordre visant \u00e0 maximiser l\u2019attrait et \u00e0 d\u00e9clencher l\u2019int\u00e9r\u00eat. Consultez la suggestion de menu que nous avons pr\u00e9par\u00e9e pour chaque alliance, afin de mieux pr\u00e9senter ces associations dans vos menus, encarts, affichages, etc.<\/p>\n<p><strong>Id\u00e9es de pr\u00e9sentation :<\/strong> Des options cr\u00e9atives de mise en assiette peuvent permettre de mettre en valeur la fusion des saveurs du programme Perfect Pairings. Consultez les photos offrant des id\u00e9es simples et attrayantes qui vous aideront \u00e0 ajouter la touche suppl\u00e9mentaire faisant r\u00e9ellement impression.<\/p>\n<h2>AJOUTS PARFAITS \u00c0 VOTRE MENU : 12 ASSOCIATIONS ID\u00c9ALES \u00c0 D\u00c9GUSTER<\/h2>\n<p><a href=\"\/recipe\/perfect-pairings-market-vegetable-soup-with-a-mushroom-caramelized-onion-sandwich\/\">Soupe M\u00e9lange de l\u00e9gumes du march\u00e9 et sandwich aux champignons et oignons caram\u00e9lis\u00e9s<\/a><br \/>\n<strong>Suggestions de menu<\/strong><br \/>\nMarch\u00e9 napolitain : \u00e9voquant les coloris et parfums intenses d\u2019un march\u00e9 de Naples, ce riche bouillon de tomates aux l\u00e9gumes, d\u2019orge perl\u00e9 et de fines herbes italiennes offre une abondance de saveurs. Ces derni\u00e8res sont encore accentu\u00e9es par des champignons portobello r\u00f4tis sur du pain de seigle grill\u00e9, l\u00e9g\u00e8rement adoucis avec des oignons balsamiques caram\u00e9lis\u00e9s.<\/p>\n<p><strong>Au menu<\/strong><br \/>\n<a href=\"\/product\/campbells-signature-market-vegetable-with-barley\/\">Soupe M\u00e9lange de l\u00e9gumes du march\u00e9 \u00e0 l\u2019orge de Campbell\u2019s\u00ae<\/a><br \/>\nPain de seigle de la Boulangerie Canada Bread<\/p>\n<p><a href=\"\/recipe\/perfect-pairings-creamy-garden-broccoli-soup-with-a-chicken-club-wrap\/\">Velout\u00e9 de brocoli et sandwich club roul\u00e9 au poulet<\/a><br \/>\n<strong>Liaison du jardin<\/strong><br \/>\nToutes les nuances a\u00e9riennes d\u2019un repas en plein air! Nous avons mis la tradition au go\u00fbt du jour en enroulant un app\u00e9tissant sandwich club au poulet dans une tortilla \u00e0 farine compl\u00e8te, le tout accompagn\u00e9 d\u2019un velout\u00e9 l\u00e9g\u00e8rement assaisonn\u00e9 agr\u00e9ment\u00e9 de fleurettes de brocoli.<\/p>\n<p><strong>Au menu<\/strong><br \/>\n<a href=\"\/product\/campbells-signature-creamy-garden-broccoli\/\">Velout\u00e9 de brocoli de Campbell\u2019s\u00ae<\/a><br \/>\nPain aux 12 c\u00e9r\u00e9ales enti\u00e8res de Dempster<\/p>\n<p><a href=\"\/recipe\/perfect-pairings-italian-wedding-soup-with-a-salami-sandwich\/\">Soupe Noces \u00e0 l\u2019italienne avec sandwich au salami<\/a><br \/>\n<strong>L\u2019amour \u00e0 l\u2019italienne<\/strong><br \/>\nCe mariage d\u2019amour c\u00e9l\u00e8bre tout ce qui est italien. Les succulentes boulettes de viande et les \u00e9pinards dans un bouillon de poulet doux aux herbes cr\u00e9ent l\u2019union parfaite avec la saveur acidul\u00e9e de la viande italienne et du provolone sur pain panini; le tout parachev\u00e9 de pesto et de poivrons rouges r\u00f4tis \u2013 Delizioso!<\/p>\n<p><strong>Au menu<\/strong><br \/>\n<a href=\"\/product\/campbells-signature-italian-style-wedding\/\">Soupe Noces \u00e0 l\u2019italienne de Campbell\u2019s\u00ae<\/a><br \/>\nPain \u00e0 panini de la Boulangerie Canada Bread<\/p>\n<p><a href=\"\/recipe\/perfect-pairings-french-onion-soup-with-a-croque-monsieur\/\">Soupe \u00e0 l\u2019oignon et croque-monsieur<\/a><br \/>\n<strong>Monsieur et Madame<\/strong><br \/>\nCe croque-monsieur se love confortablement aupr\u00e8s de cette douce soupe \u00e0 l\u2019oignon. Le go\u00fbt sal\u00e9 du gruy\u00e8re fondu et du jambon sur l\u2019\u00e9paisse tranche grill\u00e9e de pain \u00e0 sandwich du croque-monsieur compl\u00e8te les somptueuses saveurs de cette soupe \u00e0 l\u2019oignon fran\u00e7aise classique. Association merveilleusement fondante de soupe et de sandwich que seuls les Fran\u00e7ais pouvaient inventer.<\/p>\n<p><strong>Au menu<\/strong><br \/>\n<a href=\"\/product\/campbells-signature-french-onion\/\">Soupe \u00e0 l\u2019oignon de Campbell\u2019s\u00ae<\/a><br \/>\nPain \u00e0 sandwich grill\u00e9 Texas de Dempster<\/p>\n<p><a href=\"\/recipe\/perfect-pairings-creole-chicken-gumbo-with-spicy-chicken-caesar-salad-sandwich\/\">Gombo cr\u00e9ole au poulet et sandwich au poulet \u00e9pic\u00e9 \u00e0 la salade C\u00e9sar<\/a><br \/>\n<strong>Jazz de La Nouvelle-Orl\u00e9ans<\/strong><strong> <\/strong><br \/>\nGo\u00fbtez \u00e0 une soir\u00e9e \u00e0 La Nouvelle-Orl\u00e9ans et \u00e0 la magie cajun! L\u2019air jazzy de l\u2019okra de ce gombo classique de Louisiane se balance en harmonie parfaite avec la garniture insolente de poulet, bacon et parmesan r\u00e2p\u00e9 sur un pain \u00e0 sandwich \u00e9pais grill\u00e9. Sensation gustative issue du bayou.<\/p>\n<p><strong>Au menu<\/strong><br \/>\n<a href=\"\/product\/campbells-signature-creole-chicken-gumbo\/\">Poulet et gombos \u00e0 la cr\u00e9ole de Campbell\u2019s\u00ae<\/a><br \/>\nPan \u00e0 sandwich \u00e9pais de Dempster<\/p>\n<p><a href=\"\/recipe\/perfect-pairings-pasta-fagioli-with-a-meatball-sandwich\/\">Fagioli aux p\u00e2tes et sandwich aux boulettes de viande<\/a><br \/>\n<strong>Touche italienne<\/strong><strong> <\/strong><br \/>\nLe gusto superbo des boulettes de viande assaisonn\u00e9es sur un petit pain \u00e0 hot-dog recouvert d\u2019une marinara au basilic, poivrons r\u00f4tis et provolone fondu se m\u00eale aux riches saveurs d\u00e9lectables des fagioli aux p\u00e2tes. Pour faire l\u2019exp\u00e9rience d\u2019un go\u00fbt classique italien.<\/p>\n<p><strong>Au menu<\/strong><br \/>\n<a href=\"\/product\/campbells-signature-pasta-fagioli\/\">Fagioli aux p\u00e2tes de Campbell\u2019s\u00ae<\/a><br \/>\nPetit pain \u00e0 hot-dog de Villaggio<\/p>\n<p><a href=\"\/recipe\/perfect-pairings-mediterranean-vegetable-soup-with-a-chicken-pita-sandwich\/\">Soupe aux l\u00e9gumes \u00e0 la m\u00e9diterran\u00e9enne et sandwich pita au poulet<\/a><br \/>\n<strong>M\u00e9lange m\u00e9diterran\u00e9en<\/strong><strong> <\/strong><br \/>\nEnvolez-vous vers les charmantes \u00eeles de la M\u00e9diterran\u00e9e o\u00f9 le copieux bouillon savoureux aux herbes, l\u00e9gumes, orzo et lentilles d\u00e9ferle accompagn\u00e9 d\u2019un m\u00e9lange classique de roquette, poulet grill\u00e9, poivrons r\u00f4tis et artichauts; le tout nich\u00e9 dans une pita \u00e0 la grecque grill\u00e9e.<\/p>\n<p><strong>Au menu<\/strong><br \/>\n<a href=\"\/product\/campbells-signature-mediterranean-vegetable\/\">Soupe aux l\u00e9gumes \u00e0 la m\u00e9diterran\u00e9enne de Campbell\u2019s\u00ae<\/a><br \/>\nPita \u00e0 la grecque de la Boulangerie Canada Bread<\/p>\n<p><a href=\"\/recipe\/perfect-pairings-tomato-roasted-red-pepper-bisque-with-a-gouda-asparagus-sandwich\/\">Bisque aux tomates et aux poivrons rouges grill\u00e9s et sandwich au gouda et aux asperges<\/a><br \/>\n<strong>Pour les grands<\/strong><strong> <\/strong><br \/>\nGo\u00fbtez \u00e0 cette version rehauss\u00e9e de l\u2019association classique de la soupe aux tomates et du sandwich au fromage fondu. Les saveurs de tomates et de poivrons rouges r\u00f4tis de cette riche bisque satin\u00e9e s\u2019entrem\u00ealent avec le go\u00fbt onctueux et cr\u00e9meux du gouda, rehauss\u00e9 du vif croquant des asperges l\u00e9g\u00e8rement saut\u00e9es sur un pain de seigle marbr\u00e9 aux c\u00e9r\u00e9ales grill\u00e9. Tapisserie de sensations inoubliables qui satisfera \u00e0 coup s\u00fbr les sensibilit\u00e9s adultes.<\/p>\n<p><strong>Au menu<\/strong><br \/>\n<a href=\"\/product\/campbells-verve-tomato-roasted-red-pepper-bisque\/\">Bisque aux tomates et aux poivrons rouges grill\u00e9s VERVE\u00ae de Campbell\u2019s\u00ae<\/a><br \/>\nPain de seigle marbr\u00e9 de la Boulangerie Canada Bread<\/p>\n<p><a href=\"\/recipe\/perfect-pairings-wicked-thai-soup-with-a-roasted-chicken-wrap\/\">Soupe au poulet tha\u00ef et roul\u00e9 au poulet r\u00f4ti<\/a><br \/>\n<strong>Exotisme tha\u00ef<\/strong><strong> <\/strong><br \/>\nLa touche de sauce chili douce et la caresse de la menthe de ce sandwich compl\u00e8tent cette soupe tha\u00efe aromatique \u00e0 la citronnelle et \u00e0 la noix de coco (aussi \u00e9pic\u00e9e et exotique que Bangkok elle-m\u00eame!) tout en l\u2019accompagnant de poulet r\u00f4ti et d\u2019une julienne croquante de concombres et de carottes envelopp\u00e9s dans un d\u00e9licat roul\u00e9.<\/p>\n<p><strong>Au menu<\/strong><br \/>\n<a href=\"\/product\/campbells-verve-wicked-thai-style-soup-with-chicken\/\">Soupe au poulet tha\u00ef Verve\u00ae de Campbell\u2019s\u00ae<\/a><br \/>\nTortilla au bl\u00e9 complet de Dempster (10 po)<\/p>\n<p><a href=\"\/recipe\/perfect-pairings-butternut-squash-soup-with-a-sliced-turkey-breast-sandwich\/\">Soupe \u00e0 la courge musqu\u00e9e et sandwich de tranches de poitrine de dinde<\/a><br \/>\n<strong>Harmonie automnale<\/strong><strong> <\/strong><br \/>\nLes saveurs traditionnelles et modernes s\u2019unissent lorsque le go\u00fbt suave de noisettes de la courge musqu\u00e9e se m\u00eale harmonieusement \u00e0 celui de la dinde r\u00f4tie sur du pain de seigle noir grill\u00e9. Des oignons balsamiques saut\u00e9s, des tomates en rondelles, de jeunes \u00e9pinards accentuent l\u2019ensemble et une touche de vinaigrette parach\u00e8ve cette cr\u00e9ation contemporaine.<\/p>\n<p><strong>Au menu<\/strong><br \/>\n<a href=\"\/external_product\/campbells-butternut-squash-soup\/\">Soupe \u00e0 la courge musqu\u00e9e de Campbell\u2019s<\/a><br \/>\nPain de seigle noir de Canada Bread<\/p>\n","protected":false},"excerpt":{"rendered":"<p>L\u2019ALLIANCE IN\u00c9GAL\u00c9E DES SOUPES ET SANDWICHS C\u2019est avec grand plaisir que Campbell\u2019s et la Boulangerie Canada Bread vous invitent \u00e0 vous joindre \u00e0 un nouveau programme innovant d\u2019association de menus visant \u00e0 stimuler vos ventes. L\u2019ASSOCIATION DES SOUPES ET DES SANDWICHS POUR CR\u00c9ER DES EXP\u00c9RIENCES DE SAVEURS COMPL\u00c8TES! Les amateurs de restaurants recherchent des exp\u00e9riences [&hellip;]<\/p>\n","protected":false},"author":39,"featured_media":6643,"parent":9756,"menu_order":0,"comment_status":"closed","ping_status":"closed","template":"page-from-pdf.php","meta":[],"acf":[],"yoast_head":"<!-- This site is optimized with the Yoast SEO plugin v21.5 - https:\/\/yoast.com\/wordpress\/plugins\/seo\/ -->\n<title>ALLIANCES PARFAITES - Campbells Food Service Canada<\/title>\n<meta name=\"robots\" content=\"index, follow, max-snippet:-1, max-image-preview:large, max-video-preview:-1\" \/>\n<link rel=\"canonical\" href=\"https:\/\/www.campbellsfoodservice.ca\/fr\/solutions\/programs\/perfect-pairings\/\" \/>\n<meta property=\"og:locale\" content=\"fr_FR\" \/>\n<meta property=\"og:type\" content=\"article\" \/>\n<meta property=\"og:title\" content=\"ALLIANCES PARFAITES - Campbells Food Service Canada\" \/>\n<meta property=\"og:description\" content=\"L\u2019ALLIANCE IN\u00c9GAL\u00c9E DES SOUPES ET SANDWICHS C\u2019est avec grand plaisir que Campbell\u2019s et la Boulangerie Canada Bread vous invitent \u00e0 vous joindre \u00e0 un nouveau programme innovant d\u2019association de menus visant \u00e0 stimuler vos ventes. L\u2019ASSOCIATION DES SOUPES ET DES SANDWICHS POUR CR\u00c9ER DES EXP\u00c9RIENCES DE SAVEURS COMPL\u00c8TES! Les amateurs de restaurants recherchent des exp\u00e9riences [&hellip;]\" \/>\n<meta property=\"og:url\" content=\"https:\/\/www.campbellsfoodservice.ca\/fr\/solutions\/programs\/perfect-pairings\/\" \/>\n<meta property=\"og:site_name\" content=\"Campbells Food Service Canada\" \/>\n<meta property=\"article:modified_time\" content=\"2017-04-24T16:24:35+00:00\" \/>\n<meta property=\"og:image\" content=\"https:\/\/www.campbellsfoodservice.ca\/wp-content\/uploads\/2016\/03\/perfect-pairings-1.jpg\" \/>\n\t<meta property=\"og:image:width\" content=\"440\" \/>\n\t<meta property=\"og:image:height\" content=\"275\" \/>\n\t<meta property=\"og:image:type\" content=\"image\/jpeg\" \/>\n<meta name=\"twitter:card\" content=\"summary_large_image\" \/>\n<meta name=\"twitter:label1\" content=\"Est. reading time\" \/>\n\t<meta name=\"twitter:data1\" content=\"6 minutes\" \/>\n<script type=\"application\/ld+json\" class=\"yoast-schema-graph\">{\"@context\":\"https:\/\/schema.org\",\"@graph\":[{\"@type\":\"WebPage\",\"@id\":\"https:\/\/www.campbellsfoodservice.ca\/fr\/solutions\/programs\/perfect-pairings\/\",\"url\":\"https:\/\/www.campbellsfoodservice.ca\/fr\/solutions\/programs\/perfect-pairings\/\",\"name\":\"ALLIANCES PARFAITES - Campbells Food Service Canada\",\"isPartOf\":{\"@id\":\"https:\/\/www.campbellsfoodservice.ca\/fr\/#website\"},\"datePublished\":\"2016-03-05T13:10:59+00:00\",\"dateModified\":\"2017-04-24T16:24:35+00:00\",\"breadcrumb\":{\"@id\":\"https:\/\/www.campbellsfoodservice.ca\/fr\/solutions\/programs\/perfect-pairings\/#breadcrumb\"},\"inLanguage\":\"fr-FR\",\"potentialAction\":[{\"@type\":\"ReadAction\",\"target\":[\"https:\/\/www.campbellsfoodservice.ca\/fr\/solutions\/programs\/perfect-pairings\/\"]}]},{\"@type\":\"BreadcrumbList\",\"@id\":\"https:\/\/www.campbellsfoodservice.ca\/fr\/solutions\/programs\/perfect-pairings\/#breadcrumb\",\"itemListElement\":[{\"@type\":\"ListItem\",\"position\":1,\"name\":\"Home\",\"item\":\"https:\/\/www.campbellsfoodservice.ca\/fr\/\"},{\"@type\":\"ListItem\",\"position\":2,\"name\":\"SOLUTIONS\",\"item\":\"https:\/\/www.campbellsfoodservice.ca\/fr\/solutions\/\"},{\"@type\":\"ListItem\",\"position\":3,\"name\":\"PROGRAMMES\",\"item\":\"https:\/\/www.campbellsfoodservice.ca\/fr\/solutions\/programs\/\"},{\"@type\":\"ListItem\",\"position\":4,\"name\":\"ALLIANCES PARFAITES\"}]},{\"@type\":\"WebSite\",\"@id\":\"https:\/\/www.campbellsfoodservice.ca\/fr\/#website\",\"url\":\"https:\/\/www.campbellsfoodservice.ca\/fr\/\",\"name\":\"Campbells Food Service Canada\",\"description\":\"\",\"potentialAction\":[{\"@type\":\"SearchAction\",\"target\":{\"@type\":\"EntryPoint\",\"urlTemplate\":\"https:\/\/www.campbellsfoodservice.ca\/fr\/?s={search_term_string}\"},\"query-input\":\"required name=search_term_string\"}],\"inLanguage\":\"fr-FR\"}]}<\/script>\n<!-- \/ Yoast SEO plugin. -->","yoast_head_json":{"title":"ALLIANCES PARFAITES - Campbells Food Service Canada","robots":{"index":"index","follow":"follow","max-snippet":"max-snippet:-1","max-image-preview":"max-image-preview:large","max-video-preview":"max-video-preview:-1"},"canonical":"https:\/\/www.campbellsfoodservice.ca\/fr\/solutions\/programs\/perfect-pairings\/","og_locale":"fr_FR","og_type":"article","og_title":"ALLIANCES PARFAITES - Campbells Food Service Canada","og_description":"L\u2019ALLIANCE IN\u00c9GAL\u00c9E DES SOUPES ET SANDWICHS C\u2019est avec grand plaisir que Campbell\u2019s et la Boulangerie Canada Bread vous invitent \u00e0 vous joindre \u00e0 un nouveau programme innovant d\u2019association de menus visant \u00e0 stimuler vos ventes. L\u2019ASSOCIATION DES SOUPES ET DES SANDWICHS POUR CR\u00c9ER DES EXP\u00c9RIENCES DE SAVEURS COMPL\u00c8TES! Les amateurs de restaurants recherchent des exp\u00e9riences [&hellip;]","og_url":"https:\/\/www.campbellsfoodservice.ca\/fr\/solutions\/programs\/perfect-pairings\/","og_site_name":"Campbells Food Service Canada","article_modified_time":"2017-04-24T16:24:35+00:00","og_image":[{"width":440,"height":275,"url":"https:\/\/www.campbellsfoodservice.ca\/wp-content\/uploads\/2016\/03\/perfect-pairings-1.jpg","type":"image\/jpeg"}],"twitter_card":"summary_large_image","twitter_misc":{"Est. reading time":"6 minutes"},"schema":{"@context":"https:\/\/schema.org","@graph":[{"@type":"WebPage","@id":"https:\/\/www.campbellsfoodservice.ca\/fr\/solutions\/programs\/perfect-pairings\/","url":"https:\/\/www.campbellsfoodservice.ca\/fr\/solutions\/programs\/perfect-pairings\/","name":"ALLIANCES PARFAITES - Campbells Food Service Canada","isPartOf":{"@id":"https:\/\/www.campbellsfoodservice.ca\/fr\/#website"},"datePublished":"2016-03-05T13:10:59+00:00","dateModified":"2017-04-24T16:24:35+00:00","breadcrumb":{"@id":"https:\/\/www.campbellsfoodservice.ca\/fr\/solutions\/programs\/perfect-pairings\/#breadcrumb"},"inLanguage":"fr-FR","potentialAction":[{"@type":"ReadAction","target":["https:\/\/www.campbellsfoodservice.ca\/fr\/solutions\/programs\/perfect-pairings\/"]}]},{"@type":"BreadcrumbList","@id":"https:\/\/www.campbellsfoodservice.ca\/fr\/solutions\/programs\/perfect-pairings\/#breadcrumb","itemListElement":[{"@type":"ListItem","position":1,"name":"Home","item":"https:\/\/www.campbellsfoodservice.ca\/fr\/"},{"@type":"ListItem","position":2,"name":"SOLUTIONS","item":"https:\/\/www.campbellsfoodservice.ca\/fr\/solutions\/"},{"@type":"ListItem","position":3,"name":"PROGRAMMES","item":"https:\/\/www.campbellsfoodservice.ca\/fr\/solutions\/programs\/"},{"@type":"ListItem","position":4,"name":"ALLIANCES PARFAITES"}]},{"@type":"WebSite","@id":"https:\/\/www.campbellsfoodservice.ca\/fr\/#website","url":"https:\/\/www.campbellsfoodservice.ca\/fr\/","name":"Campbells Food Service Canada","description":"","potentialAction":[{"@type":"SearchAction","target":{"@type":"EntryPoint","urlTemplate":"https:\/\/www.campbellsfoodservice.ca\/fr\/?s={search_term_string}"},"query-input":"required name=search_term_string"}],"inLanguage":"fr-FR"}]}},"_links":{"self":[{"href":"https:\/\/www.campbellsfoodservice.ca\/fr\/wp-json\/wp\/v2\/pages\/9760"}],"collection":[{"href":"https:\/\/www.campbellsfoodservice.ca\/fr\/wp-json\/wp\/v2\/pages"}],"about":[{"href":"https:\/\/www.campbellsfoodservice.ca\/fr\/wp-json\/wp\/v2\/types\/page"}],"author":[{"embeddable":true,"href":"https:\/\/www.campbellsfoodservice.ca\/fr\/wp-json\/wp\/v2\/users\/39"}],"replies":[{"embeddable":true,"href":"https:\/\/www.campbellsfoodservice.ca\/fr\/wp-json\/wp\/v2\/comments?post=9760"}],"version-history":[{"count":0,"href":"https:\/\/www.campbellsfoodservice.ca\/fr\/wp-json\/wp\/v2\/pages\/9760\/revisions"}],"up":[{"embeddable":true,"href":"https:\/\/www.campbellsfoodservice.ca\/fr\/wp-json\/wp\/v2\/pages\/9756"}],"wp:featuredmedia":[{"embeddable":true,"href":"https:\/\/www.campbellsfoodservice.ca\/fr\/wp-json\/wp\/v2\/media\/6643"}],"wp:attachment":[{"href":"https:\/\/www.campbellsfoodservice.ca\/fr\/wp-json\/wp\/v2\/media?parent=9760"}],"curies":[{"name":"wp","href":"https:\/\/api.w.org\/{rel}","templated":true}]}}