{"id":9758,"date":"2016-01-05T22:11:01","date_gmt":"2016-01-05T22:11:01","guid":{"rendered":"https:\/\/www.campbellsfoodservice.ca\/?page_id=9758\/"},"modified":"2025-02-27T20:18:40","modified_gmt":"2025-02-27T20:18:40","slug":"kettle-rebate","status":"publish","type":"page","link":"https:\/\/www.campbellsfoodservice.ca\/fr\/solutions\/programs\/kettle-rebate\/","title":{"rendered":"RABAIS SUR L\u2019\u00c9QUIPEMENT"},"content":{"rendered":"<p><em>Campbell\u2019s<\/em><sup>MD<\/sup> sait que le bon \u00e9quipement peut am\u00e9liorer l\u2019offre de soupe et augmenter les ventes.<\/p>\n<h3>Offre de rabais de 10 $ sur marmite de marque <em>Campbell\u2019s<\/em><sup>MD<\/sup><\/h3>\n<p>Achetez une marmite pour la soupe et soyez admissible \u00e0 un remboursement de 10 $ par caisse de n\u2019importe quelle soupe surgel\u00e9e ou chili Campbell\u2019sMD jusqu\u2019\u00e0 concurrence du prix avant taxes de la marmite pour la soupe (maximum de 700 $). L\u2019offre est valable pendant un an \u00e0 compter de la date d\u2019achat de votre marmite. Preuve d\u2019achat requise. L\u2019offre est r\u00e9serv\u00e9e uniquement aux exploitants de services alimentaires ind\u00e9pendants.<\/p>\n<p><a href=\"https:\/\/b2brebates.ca\/fr\/%20campbells-kettle-rebate\/\" target=\"_blank\" rel=\"noopener\">Cliquez ici<\/a> pour voir les conditions et la liste des produits participants, et obtenir le formulaire de demande de remboursement.<\/p>\n","protected":false},"excerpt":{"rendered":"<p>Campbell\u2019sMD sait que le bon \u00e9quipement peut am\u00e9liorer l\u2019offre de soupe et augmenter les ventes. Offre de rabais de 10 $ sur marmite de marque Campbell\u2019sMD Achetez une marmite pour la soupe et soyez admissible \u00e0 un remboursement de 10 $ par caisse de n\u2019importe quelle soupe surgel\u00e9e ou chili Campbell\u2019sMD jusqu\u2019\u00e0 concurrence du prix [&hellip;]<\/p>\n","protected":false},"author":4,"featured_media":715563,"parent":9756,"menu_order":0,"comment_status":"closed","ping_status":"closed","template":"page-from-pdf.php","meta":[],"acf":[],"yoast_head":"<!-- This site is optimized with the Yoast SEO plugin v21.5 - https:\/\/yoast.com\/wordpress\/plugins\/seo\/ -->\n<title>RABAIS SUR L\u2019\u00c9QUIPEMENT - Campbells Food Service Canada<\/title>\n<meta name=\"robots\" content=\"index, follow, max-snippet:-1, max-image-preview:large, max-video-preview:-1\" \/>\n<link rel=\"canonical\" href=\"https:\/\/www.campbellsfoodservice.ca\/fr\/solutions\/programs\/kettle-rebate\/\" \/>\n<meta property=\"og:locale\" content=\"fr_FR\" \/>\n<meta property=\"og:type\" content=\"article\" \/>\n<meta property=\"og:title\" content=\"RABAIS SUR L\u2019\u00c9QUIPEMENT - Campbells Food Service Canada\" \/>\n<meta property=\"og:description\" content=\"Campbell\u2019sMD sait que le bon \u00e9quipement peut am\u00e9liorer l\u2019offre de soupe et augmenter les ventes. Offre de rabais de 10 $ sur marmite de marque Campbell\u2019sMD Achetez une marmite pour la soupe et soyez admissible \u00e0 un remboursement de 10 $ par caisse de n\u2019importe quelle soupe surgel\u00e9e ou chili Campbell\u2019sMD jusqu\u2019\u00e0 concurrence du prix [&hellip;]\" \/>\n<meta property=\"og:url\" content=\"https:\/\/www.campbellsfoodservice.ca\/fr\/solutions\/programs\/kettle-rebate\/\" \/>\n<meta property=\"og:site_name\" content=\"Campbells Food Service Canada\" \/>\n<meta property=\"article:modified_time\" content=\"2025-02-27T20:18:40+00:00\" \/>\n<meta property=\"og:image\" content=\"https:\/\/www.campbellsfoodservice.ca\/wp-content\/uploads\/2025\/02\/kettle-rebate-soup-pot.jpg\" \/>\n\t<meta property=\"og:image:width\" content=\"405\" \/>\n\t<meta property=\"og:image:height\" content=\"300\" \/>\n\t<meta property=\"og:image:type\" content=\"image\/jpeg\" \/>\n<meta name=\"twitter:card\" content=\"summary_large_image\" \/>\n<meta name=\"twitter:label1\" content=\"Est. reading time\" \/>\n\t<meta name=\"twitter:data1\" content=\"1 minute\" \/>\n<script type=\"application\/ld+json\" class=\"yoast-schema-graph\">{\"@context\":\"https:\/\/schema.org\",\"@graph\":[{\"@type\":\"WebPage\",\"@id\":\"https:\/\/www.campbellsfoodservice.ca\/fr\/solutions\/programs\/kettle-rebate\/\",\"url\":\"https:\/\/www.campbellsfoodservice.ca\/fr\/solutions\/programs\/kettle-rebate\/\",\"name\":\"RABAIS SUR L\u2019\u00c9QUIPEMENT - Campbells Food Service Canada\",\"isPartOf\":{\"@id\":\"https:\/\/www.campbellsfoodservice.ca\/fr\/#website\"},\"datePublished\":\"2016-01-05T22:11:01+00:00\",\"dateModified\":\"2025-02-27T20:18:40+00:00\",\"breadcrumb\":{\"@id\":\"https:\/\/www.campbellsfoodservice.ca\/fr\/solutions\/programs\/kettle-rebate\/#breadcrumb\"},\"inLanguage\":\"fr-FR\",\"potentialAction\":[{\"@type\":\"ReadAction\",\"target\":[\"https:\/\/www.campbellsfoodservice.ca\/fr\/solutions\/programs\/kettle-rebate\/\"]}]},{\"@type\":\"BreadcrumbList\",\"@id\":\"https:\/\/www.campbellsfoodservice.ca\/fr\/solutions\/programs\/kettle-rebate\/#breadcrumb\",\"itemListElement\":[{\"@type\":\"ListItem\",\"position\":1,\"name\":\"Home\",\"item\":\"https:\/\/www.campbellsfoodservice.ca\/fr\/\"},{\"@type\":\"ListItem\",\"position\":2,\"name\":\"SOLUTIONS\",\"item\":\"https:\/\/www.campbellsfoodservice.ca\/fr\/solutions\/\"},{\"@type\":\"ListItem\",\"position\":3,\"name\":\"PROGRAMMES\",\"item\":\"https:\/\/www.campbellsfoodservice.ca\/fr\/solutions\/programs\/\"},{\"@type\":\"ListItem\",\"position\":4,\"name\":\"RABAIS SUR L\u2019\u00c9QUIPEMENT\"}]},{\"@type\":\"WebSite\",\"@id\":\"https:\/\/www.campbellsfoodservice.ca\/fr\/#website\",\"url\":\"https:\/\/www.campbellsfoodservice.ca\/fr\/\",\"name\":\"Campbells Food Service Canada\",\"description\":\"\",\"potentialAction\":[{\"@type\":\"SearchAction\",\"target\":{\"@type\":\"EntryPoint\",\"urlTemplate\":\"https:\/\/www.campbellsfoodservice.ca\/fr\/?s={search_term_string}\"},\"query-input\":\"required name=search_term_string\"}],\"inLanguage\":\"fr-FR\"}]}<\/script>\n<!-- \/ Yoast SEO plugin. -->","yoast_head_json":{"title":"RABAIS SUR L\u2019\u00c9QUIPEMENT - Campbells Food Service Canada","robots":{"index":"index","follow":"follow","max-snippet":"max-snippet:-1","max-image-preview":"max-image-preview:large","max-video-preview":"max-video-preview:-1"},"canonical":"https:\/\/www.campbellsfoodservice.ca\/fr\/solutions\/programs\/kettle-rebate\/","og_locale":"fr_FR","og_type":"article","og_title":"RABAIS SUR L\u2019\u00c9QUIPEMENT - Campbells Food Service Canada","og_description":"Campbell\u2019sMD sait que le bon \u00e9quipement peut am\u00e9liorer l\u2019offre de soupe et augmenter les ventes. Offre de rabais de 10 $ sur marmite de marque Campbell\u2019sMD Achetez une marmite pour la soupe et soyez admissible \u00e0 un remboursement de 10 $ par caisse de n\u2019importe quelle soupe surgel\u00e9e ou chili Campbell\u2019sMD jusqu\u2019\u00e0 concurrence du prix [&hellip;]","og_url":"https:\/\/www.campbellsfoodservice.ca\/fr\/solutions\/programs\/kettle-rebate\/","og_site_name":"Campbells Food Service Canada","article_modified_time":"2025-02-27T20:18:40+00:00","og_image":[{"width":405,"height":300,"url":"https:\/\/www.campbellsfoodservice.ca\/wp-content\/uploads\/2025\/02\/kettle-rebate-soup-pot.jpg","type":"image\/jpeg"}],"twitter_card":"summary_large_image","twitter_misc":{"Est. reading time":"1 minute"},"schema":{"@context":"https:\/\/schema.org","@graph":[{"@type":"WebPage","@id":"https:\/\/www.campbellsfoodservice.ca\/fr\/solutions\/programs\/kettle-rebate\/","url":"https:\/\/www.campbellsfoodservice.ca\/fr\/solutions\/programs\/kettle-rebate\/","name":"RABAIS SUR L\u2019\u00c9QUIPEMENT - Campbells Food Service Canada","isPartOf":{"@id":"https:\/\/www.campbellsfoodservice.ca\/fr\/#website"},"datePublished":"2016-01-05T22:11:01+00:00","dateModified":"2025-02-27T20:18:40+00:00","breadcrumb":{"@id":"https:\/\/www.campbellsfoodservice.ca\/fr\/solutions\/programs\/kettle-rebate\/#breadcrumb"},"inLanguage":"fr-FR","potentialAction":[{"@type":"ReadAction","target":["https:\/\/www.campbellsfoodservice.ca\/fr\/solutions\/programs\/kettle-rebate\/"]}]},{"@type":"BreadcrumbList","@id":"https:\/\/www.campbellsfoodservice.ca\/fr\/solutions\/programs\/kettle-rebate\/#breadcrumb","itemListElement":[{"@type":"ListItem","position":1,"name":"Home","item":"https:\/\/www.campbellsfoodservice.ca\/fr\/"},{"@type":"ListItem","position":2,"name":"SOLUTIONS","item":"https:\/\/www.campbellsfoodservice.ca\/fr\/solutions\/"},{"@type":"ListItem","position":3,"name":"PROGRAMMES","item":"https:\/\/www.campbellsfoodservice.ca\/fr\/solutions\/programs\/"},{"@type":"ListItem","position":4,"name":"RABAIS SUR L\u2019\u00c9QUIPEMENT"}]},{"@type":"WebSite","@id":"https:\/\/www.campbellsfoodservice.ca\/fr\/#website","url":"https:\/\/www.campbellsfoodservice.ca\/fr\/","name":"Campbells Food Service Canada","description":"","potentialAction":[{"@type":"SearchAction","target":{"@type":"EntryPoint","urlTemplate":"https:\/\/www.campbellsfoodservice.ca\/fr\/?s={search_term_string}"},"query-input":"required name=search_term_string"}],"inLanguage":"fr-FR"}]}},"_links":{"self":[{"href":"https:\/\/www.campbellsfoodservice.ca\/fr\/wp-json\/wp\/v2\/pages\/9758"}],"collection":[{"href":"https:\/\/www.campbellsfoodservice.ca\/fr\/wp-json\/wp\/v2\/pages"}],"about":[{"href":"https:\/\/www.campbellsfoodservice.ca\/fr\/wp-json\/wp\/v2\/types\/page"}],"author":[{"embeddable":true,"href":"https:\/\/www.campbellsfoodservice.ca\/fr\/wp-json\/wp\/v2\/users\/4"}],"replies":[{"embeddable":true,"href":"https:\/\/www.campbellsfoodservice.ca\/fr\/wp-json\/wp\/v2\/comments?post=9758"}],"version-history":[{"count":0,"href":"https:\/\/www.campbellsfoodservice.ca\/fr\/wp-json\/wp\/v2\/pages\/9758\/revisions"}],"up":[{"embeddable":true,"href":"https:\/\/www.campbellsfoodservice.ca\/fr\/wp-json\/wp\/v2\/pages\/9756"}],"wp:featuredmedia":[{"embeddable":true,"href":"https:\/\/www.campbellsfoodservice.ca\/fr\/wp-json\/wp\/v2\/media\/715563"}],"wp:attachment":[{"href":"https:\/\/www.campbellsfoodservice.ca\/fr\/wp-json\/wp\/v2\/media?parent=9758"}],"curies":[{"name":"wp","href":"https:\/\/api.w.org\/{rel}","templated":true}]}}