{"id":9681,"date":"2016-03-05T13:49:48","date_gmt":"2016-03-05T13:49:48","guid":{"rendered":"https:\/\/www.campbellsfoodservice.ca\/?page_id=9681\/"},"modified":"2026-01-12T16:46:08","modified_gmt":"2026-01-12T16:46:08","slug":"brochures-sell-sheets","status":"publish","type":"page","link":"https:\/\/www.campbellsfoodservice.ca\/fr\/solutions\/brochures-sell-sheets\/","title":{"rendered":"BROCHURES ET FICHES DE VENTE"},"content":{"rendered":"<p>Renseignez-vous sur nos excellents produits.<\/p>\n<p>D\u00e9couvrez les faits relatifs \u00e0 notre portfolio complet gr\u00e2ce \u00e0 ces brochures et fiches de vente t\u00e9l\u00e9chargeables :<\/p>\n<ul>\n<li>Caract\u00e9ristiques et avantages<\/li>\n<li>Formats disponibles<\/li>\n<li>Codes de produits et de caisses<\/li>\n<li>Id\u00e9es de recettes<\/li>\n<li>Et bien plus!<\/li>\n<\/ul>\n<p>Vous ne trouvez pas ce que vous cherchez? Nous sommes toujours ouverts aux suggestions; n\u2019h\u00e9sitez donc pas \u00e0 <a href=\"https:\/\/www.campbellsfoodservice.ca\/contact-us\/\">communiquer avec nous d\u00e8s aujourd\u2019hui<\/a> pour nous signaler les renseignements auxquels vous aimeriez avoir acc\u00e8s.<\/p>\n","protected":false},"excerpt":{"rendered":"<p>Renseignez-vous sur nos excellents produits. D\u00e9couvrez les faits relatifs \u00e0 notre portfolio complet gr\u00e2ce \u00e0 ces brochures et fiches de vente t\u00e9l\u00e9chargeables : Caract\u00e9ristiques et avantages Formats disponibles Codes de produits et de caisses Id\u00e9es de recettes Et bien plus! Vous ne trouvez pas ce que vous cherchez? Nous sommes toujours ouverts aux suggestions; n\u2019h\u00e9sitez [&hellip;]<\/p>\n","protected":false},"author":4,"featured_media":412883,"parent":9680,"menu_order":0,"comment_status":"closed","ping_status":"closed","template":"page-downloads-list.php","meta":[],"acf":[],"yoast_head":"<!-- This site is optimized with the Yoast SEO plugin v21.5 - https:\/\/yoast.com\/wordpress\/plugins\/seo\/ -->\n<title>BROCHURES ET FICHES DE VENTE - Campbells Food Service Canada<\/title>\n<meta name=\"robots\" content=\"index, follow, max-snippet:-1, max-image-preview:large, max-video-preview:-1\" \/>\n<link rel=\"canonical\" href=\"https:\/\/www.campbellsfoodservice.ca\/fr\/solutions\/brochures-sell-sheets\/\" \/>\n<meta property=\"og:locale\" content=\"fr_FR\" \/>\n<meta property=\"og:type\" content=\"article\" \/>\n<meta property=\"og:title\" content=\"BROCHURES ET FICHES DE VENTE - Campbells Food Service Canada\" \/>\n<meta property=\"og:description\" content=\"Renseignez-vous sur nos excellents produits. D\u00e9couvrez les faits relatifs \u00e0 notre portfolio complet gr\u00e2ce \u00e0 ces brochures et fiches de vente t\u00e9l\u00e9chargeables : Caract\u00e9ristiques et avantages Formats disponibles Codes de produits et de caisses Id\u00e9es de recettes Et bien plus! Vous ne trouvez pas ce que vous cherchez? Nous sommes toujours ouverts aux suggestions; n\u2019h\u00e9sitez [&hellip;]\" \/>\n<meta property=\"og:url\" content=\"https:\/\/www.campbellsfoodservice.ca\/fr\/solutions\/brochures-sell-sheets\/\" \/>\n<meta property=\"og:site_name\" content=\"Campbells Food Service Canada\" \/>\n<meta property=\"article:modified_time\" content=\"2026-01-12T16:46:08+00:00\" \/>\n<meta property=\"og:image\" content=\"https:\/\/www.campbellsfoodservice.ca\/wp-content\/uploads\/2016\/03\/brochures-and-sell-sheets-1.jpg\" \/>\n\t<meta property=\"og:image:width\" content=\"406\" \/>\n\t<meta property=\"og:image:height\" content=\"144\" \/>\n\t<meta property=\"og:image:type\" content=\"image\/jpeg\" \/>\n<meta name=\"twitter:card\" content=\"summary_large_image\" \/>\n<script type=\"application\/ld+json\" class=\"yoast-schema-graph\">{\"@context\":\"https:\/\/schema.org\",\"@graph\":[{\"@type\":\"WebPage\",\"@id\":\"https:\/\/www.campbellsfoodservice.ca\/fr\/solutions\/brochures-sell-sheets\/\",\"url\":\"https:\/\/www.campbellsfoodservice.ca\/fr\/solutions\/brochures-sell-sheets\/\",\"name\":\"BROCHURES ET FICHES DE VENTE - Campbells Food Service Canada\",\"isPartOf\":{\"@id\":\"https:\/\/www.campbellsfoodservice.ca\/fr\/#website\"},\"datePublished\":\"2016-03-05T13:49:48+00:00\",\"dateModified\":\"2026-01-12T16:46:08+00:00\",\"breadcrumb\":{\"@id\":\"https:\/\/www.campbellsfoodservice.ca\/fr\/solutions\/brochures-sell-sheets\/#breadcrumb\"},\"inLanguage\":\"fr-FR\",\"potentialAction\":[{\"@type\":\"ReadAction\",\"target\":[\"https:\/\/www.campbellsfoodservice.ca\/fr\/solutions\/brochures-sell-sheets\/\"]}]},{\"@type\":\"BreadcrumbList\",\"@id\":\"https:\/\/www.campbellsfoodservice.ca\/fr\/solutions\/brochures-sell-sheets\/#breadcrumb\",\"itemListElement\":[{\"@type\":\"ListItem\",\"position\":1,\"name\":\"Home\",\"item\":\"https:\/\/www.campbellsfoodservice.ca\/fr\/\"},{\"@type\":\"ListItem\",\"position\":2,\"name\":\"SOLUTIONS\",\"item\":\"https:\/\/www.campbellsfoodservice.ca\/fr\/solutions\/\"},{\"@type\":\"ListItem\",\"position\":3,\"name\":\"BROCHURES ET FICHES DE VENTE\"}]},{\"@type\":\"WebSite\",\"@id\":\"https:\/\/www.campbellsfoodservice.ca\/fr\/#website\",\"url\":\"https:\/\/www.campbellsfoodservice.ca\/fr\/\",\"name\":\"Campbells Food Service Canada\",\"description\":\"\",\"potentialAction\":[{\"@type\":\"SearchAction\",\"target\":{\"@type\":\"EntryPoint\",\"urlTemplate\":\"https:\/\/www.campbellsfoodservice.ca\/fr\/?s={search_term_string}\"},\"query-input\":\"required name=search_term_string\"}],\"inLanguage\":\"fr-FR\"}]}<\/script>\n<!-- \/ Yoast SEO plugin. -->","yoast_head_json":{"title":"BROCHURES ET FICHES DE VENTE - Campbells Food Service Canada","robots":{"index":"index","follow":"follow","max-snippet":"max-snippet:-1","max-image-preview":"max-image-preview:large","max-video-preview":"max-video-preview:-1"},"canonical":"https:\/\/www.campbellsfoodservice.ca\/fr\/solutions\/brochures-sell-sheets\/","og_locale":"fr_FR","og_type":"article","og_title":"BROCHURES ET FICHES DE VENTE - Campbells Food Service Canada","og_description":"Renseignez-vous sur nos excellents produits. D\u00e9couvrez les faits relatifs \u00e0 notre portfolio complet gr\u00e2ce \u00e0 ces brochures et fiches de vente t\u00e9l\u00e9chargeables : Caract\u00e9ristiques et avantages Formats disponibles Codes de produits et de caisses Id\u00e9es de recettes Et bien plus! Vous ne trouvez pas ce que vous cherchez? Nous sommes toujours ouverts aux suggestions; n\u2019h\u00e9sitez [&hellip;]","og_url":"https:\/\/www.campbellsfoodservice.ca\/fr\/solutions\/brochures-sell-sheets\/","og_site_name":"Campbells Food Service Canada","article_modified_time":"2026-01-12T16:46:08+00:00","og_image":[{"width":406,"height":144,"url":"https:\/\/www.campbellsfoodservice.ca\/wp-content\/uploads\/2016\/03\/brochures-and-sell-sheets-1.jpg","type":"image\/jpeg"}],"twitter_card":"summary_large_image","schema":{"@context":"https:\/\/schema.org","@graph":[{"@type":"WebPage","@id":"https:\/\/www.campbellsfoodservice.ca\/fr\/solutions\/brochures-sell-sheets\/","url":"https:\/\/www.campbellsfoodservice.ca\/fr\/solutions\/brochures-sell-sheets\/","name":"BROCHURES ET FICHES DE VENTE - Campbells Food Service Canada","isPartOf":{"@id":"https:\/\/www.campbellsfoodservice.ca\/fr\/#website"},"datePublished":"2016-03-05T13:49:48+00:00","dateModified":"2026-01-12T16:46:08+00:00","breadcrumb":{"@id":"https:\/\/www.campbellsfoodservice.ca\/fr\/solutions\/brochures-sell-sheets\/#breadcrumb"},"inLanguage":"fr-FR","potentialAction":[{"@type":"ReadAction","target":["https:\/\/www.campbellsfoodservice.ca\/fr\/solutions\/brochures-sell-sheets\/"]}]},{"@type":"BreadcrumbList","@id":"https:\/\/www.campbellsfoodservice.ca\/fr\/solutions\/brochures-sell-sheets\/#breadcrumb","itemListElement":[{"@type":"ListItem","position":1,"name":"Home","item":"https:\/\/www.campbellsfoodservice.ca\/fr\/"},{"@type":"ListItem","position":2,"name":"SOLUTIONS","item":"https:\/\/www.campbellsfoodservice.ca\/fr\/solutions\/"},{"@type":"ListItem","position":3,"name":"BROCHURES ET FICHES DE VENTE"}]},{"@type":"WebSite","@id":"https:\/\/www.campbellsfoodservice.ca\/fr\/#website","url":"https:\/\/www.campbellsfoodservice.ca\/fr\/","name":"Campbells Food Service Canada","description":"","potentialAction":[{"@type":"SearchAction","target":{"@type":"EntryPoint","urlTemplate":"https:\/\/www.campbellsfoodservice.ca\/fr\/?s={search_term_string}"},"query-input":"required name=search_term_string"}],"inLanguage":"fr-FR"}]}},"_links":{"self":[{"href":"https:\/\/www.campbellsfoodservice.ca\/fr\/wp-json\/wp\/v2\/pages\/9681"}],"collection":[{"href":"https:\/\/www.campbellsfoodservice.ca\/fr\/wp-json\/wp\/v2\/pages"}],"about":[{"href":"https:\/\/www.campbellsfoodservice.ca\/fr\/wp-json\/wp\/v2\/types\/page"}],"author":[{"embeddable":true,"href":"https:\/\/www.campbellsfoodservice.ca\/fr\/wp-json\/wp\/v2\/users\/4"}],"replies":[{"embeddable":true,"href":"https:\/\/www.campbellsfoodservice.ca\/fr\/wp-json\/wp\/v2\/comments?post=9681"}],"version-history":[{"count":0,"href":"https:\/\/www.campbellsfoodservice.ca\/fr\/wp-json\/wp\/v2\/pages\/9681\/revisions"}],"up":[{"embeddable":true,"href":"https:\/\/www.campbellsfoodservice.ca\/fr\/wp-json\/wp\/v2\/pages\/9680"}],"wp:featuredmedia":[{"embeddable":true,"href":"https:\/\/www.campbellsfoodservice.ca\/fr\/wp-json\/wp\/v2\/media\/412883"}],"wp:attachment":[{"href":"https:\/\/www.campbellsfoodservice.ca\/fr\/wp-json\/wp\/v2\/media?parent=9681"}],"curies":[{"name":"wp","href":"https:\/\/api.w.org\/{rel}","templated":true}]}}