{"id":9680,"date":"2016-01-04T16:58:12","date_gmt":"2016-01-04T16:58:12","guid":{"rendered":"https:\/\/www.campbellsfoodservice.ca\/?page_id=9680\/"},"modified":"2017-04-10T21:13:43","modified_gmt":"2017-04-10T21:13:43","slug":"solutions","status":"publish","type":"page","link":"https:\/\/www.campbellsfoodservice.ca\/fr\/solutions\/","title":{"rendered":"SOLUTIONS"},"content":{"rendered":"<p>Nos solutions d\u2019affaires sont con\u00e7ues en fonction de vous.  Nos experts ont \u00e9labor\u00e9 des programmes et des outils qui assureront le fonctionnement harmonieux de votre cuisine et de votre entreprise.<\/p>\n<p>SOLUTIONS PAR SEGMENT<br \/>\nNous reconnaissons que les besoins en services alimentaires du secteur des soins de sant\u00e9, des exploitants ind\u00e9pendants et des comptes nationaux varient consid\u00e9rablement.  C\u2019est pourquoi nous proposons des solutions sur mesure pour chaque segment.<\/p>\n<p>DES OUTILS EFFICACES<br \/>\nNotre objectif est de vous fournir des produits de qualit\u00e9 et de d\u00e9passer vos attentes gr\u00e2ce \u00e0 des outils qui vous permettent d\u2019atteindre l\u2019excellence en mati\u00e8re d\u2019exploitation d\u2019un service alimentaire.<\/p>\n<p>BROCHURES ET FICHES DE VENTE<br \/>\nRenseignez-vous sur d\u2019excellents produits.  D\u00e9couvrez les faits relatifs \u00e0 notre portfolio complet gr\u00e2ce \u00e0 ces brochures t\u00e9l\u00e9chargeables\u2026<\/p>\n","protected":false},"excerpt":{"rendered":"<p>Nos solutions d\u2019affaires sont con\u00e7ues en fonction de vous.  Nos experts ont \u00e9labor\u00e9 des programmes et des outils qui assureront le fonctionnement harmonieux de votre cuisine et de votre entreprise.<\/p>\n","protected":false},"author":39,"featured_media":1963,"parent":0,"menu_order":0,"comment_status":"closed","ping_status":"closed","template":"page-solutions-landing.php","meta":[],"acf":[],"yoast_head":"<!-- This site is optimized with the Yoast SEO plugin v21.5 - https:\/\/yoast.com\/wordpress\/plugins\/seo\/ -->\n<title>SOLUTIONS - Campbells Food Service Canada<\/title>\n<meta name=\"robots\" content=\"index, follow, max-snippet:-1, max-image-preview:large, max-video-preview:-1\" \/>\n<link rel=\"canonical\" href=\"https:\/\/www.campbellsfoodservice.ca\/fr\/solutions\/\" \/>\n<meta property=\"og:locale\" content=\"fr_FR\" \/>\n<meta property=\"og:type\" content=\"article\" \/>\n<meta property=\"og:title\" content=\"SOLUTIONS - Campbells Food Service Canada\" \/>\n<meta property=\"og:description\" content=\"Nos solutions d\u2019affaires sont con\u00e7ues en fonction de vous. Nos experts ont \u00e9labor\u00e9 des programmes et des outils qui assureront le fonctionnement harmonieux de votre cuisine et de votre entreprise.\" \/>\n<meta property=\"og:url\" content=\"https:\/\/www.campbellsfoodservice.ca\/fr\/solutions\/\" \/>\n<meta property=\"og:site_name\" content=\"Campbells Food Service Canada\" \/>\n<meta property=\"article:modified_time\" content=\"2017-04-10T21:13:43+00:00\" \/>\n<meta property=\"og:image\" content=\"https:\/\/www.campbellsfoodservice.ca\/wp-content\/uploads\/2016\/03\/solutions-landing-page-header-1.jpg\" \/>\n\t<meta property=\"og:image:width\" content=\"1920\" \/>\n\t<meta property=\"og:image:height\" content=\"400\" \/>\n\t<meta property=\"og:image:type\" content=\"image\/jpeg\" \/>\n<meta name=\"twitter:card\" content=\"summary_large_image\" \/>\n<meta name=\"twitter:label1\" content=\"Est. reading time\" \/>\n\t<meta name=\"twitter:data1\" content=\"1 minute\" \/>\n<script type=\"application\/ld+json\" class=\"yoast-schema-graph\">{\"@context\":\"https:\/\/schema.org\",\"@graph\":[{\"@type\":\"WebPage\",\"@id\":\"https:\/\/www.campbellsfoodservice.ca\/fr\/solutions\/\",\"url\":\"https:\/\/www.campbellsfoodservice.ca\/fr\/solutions\/\",\"name\":\"SOLUTIONS - Campbells Food Service Canada\",\"isPartOf\":{\"@id\":\"https:\/\/www.campbellsfoodservice.ca\/fr\/#website\"},\"datePublished\":\"2016-01-04T16:58:12+00:00\",\"dateModified\":\"2017-04-10T21:13:43+00:00\",\"breadcrumb\":{\"@id\":\"https:\/\/www.campbellsfoodservice.ca\/fr\/solutions\/#breadcrumb\"},\"inLanguage\":\"fr-FR\",\"potentialAction\":[{\"@type\":\"ReadAction\",\"target\":[\"https:\/\/www.campbellsfoodservice.ca\/fr\/solutions\/\"]}]},{\"@type\":\"BreadcrumbList\",\"@id\":\"https:\/\/www.campbellsfoodservice.ca\/fr\/solutions\/#breadcrumb\",\"itemListElement\":[{\"@type\":\"ListItem\",\"position\":1,\"name\":\"Home\",\"item\":\"https:\/\/www.campbellsfoodservice.ca\/fr\/\"},{\"@type\":\"ListItem\",\"position\":2,\"name\":\"SOLUTIONS\"}]},{\"@type\":\"WebSite\",\"@id\":\"https:\/\/www.campbellsfoodservice.ca\/fr\/#website\",\"url\":\"https:\/\/www.campbellsfoodservice.ca\/fr\/\",\"name\":\"Campbells Food Service Canada\",\"description\":\"\",\"potentialAction\":[{\"@type\":\"SearchAction\",\"target\":{\"@type\":\"EntryPoint\",\"urlTemplate\":\"https:\/\/www.campbellsfoodservice.ca\/fr\/?s={search_term_string}\"},\"query-input\":\"required name=search_term_string\"}],\"inLanguage\":\"fr-FR\"}]}<\/script>\n<!-- \/ Yoast SEO plugin. -->","yoast_head_json":{"title":"SOLUTIONS - Campbells Food Service Canada","robots":{"index":"index","follow":"follow","max-snippet":"max-snippet:-1","max-image-preview":"max-image-preview:large","max-video-preview":"max-video-preview:-1"},"canonical":"https:\/\/www.campbellsfoodservice.ca\/fr\/solutions\/","og_locale":"fr_FR","og_type":"article","og_title":"SOLUTIONS - Campbells Food Service Canada","og_description":"Nos solutions d\u2019affaires sont con\u00e7ues en fonction de vous. Nos experts ont \u00e9labor\u00e9 des programmes et des outils qui assureront le fonctionnement harmonieux de votre cuisine et de votre entreprise.","og_url":"https:\/\/www.campbellsfoodservice.ca\/fr\/solutions\/","og_site_name":"Campbells Food Service Canada","article_modified_time":"2017-04-10T21:13:43+00:00","og_image":[{"width":1920,"height":400,"url":"https:\/\/www.campbellsfoodservice.ca\/wp-content\/uploads\/2016\/03\/solutions-landing-page-header-1.jpg","type":"image\/jpeg"}],"twitter_card":"summary_large_image","twitter_misc":{"Est. reading time":"1 minute"},"schema":{"@context":"https:\/\/schema.org","@graph":[{"@type":"WebPage","@id":"https:\/\/www.campbellsfoodservice.ca\/fr\/solutions\/","url":"https:\/\/www.campbellsfoodservice.ca\/fr\/solutions\/","name":"SOLUTIONS - Campbells Food Service Canada","isPartOf":{"@id":"https:\/\/www.campbellsfoodservice.ca\/fr\/#website"},"datePublished":"2016-01-04T16:58:12+00:00","dateModified":"2017-04-10T21:13:43+00:00","breadcrumb":{"@id":"https:\/\/www.campbellsfoodservice.ca\/fr\/solutions\/#breadcrumb"},"inLanguage":"fr-FR","potentialAction":[{"@type":"ReadAction","target":["https:\/\/www.campbellsfoodservice.ca\/fr\/solutions\/"]}]},{"@type":"BreadcrumbList","@id":"https:\/\/www.campbellsfoodservice.ca\/fr\/solutions\/#breadcrumb","itemListElement":[{"@type":"ListItem","position":1,"name":"Home","item":"https:\/\/www.campbellsfoodservice.ca\/fr\/"},{"@type":"ListItem","position":2,"name":"SOLUTIONS"}]},{"@type":"WebSite","@id":"https:\/\/www.campbellsfoodservice.ca\/fr\/#website","url":"https:\/\/www.campbellsfoodservice.ca\/fr\/","name":"Campbells Food Service Canada","description":"","potentialAction":[{"@type":"SearchAction","target":{"@type":"EntryPoint","urlTemplate":"https:\/\/www.campbellsfoodservice.ca\/fr\/?s={search_term_string}"},"query-input":"required name=search_term_string"}],"inLanguage":"fr-FR"}]}},"_links":{"self":[{"href":"https:\/\/www.campbellsfoodservice.ca\/fr\/wp-json\/wp\/v2\/pages\/9680"}],"collection":[{"href":"https:\/\/www.campbellsfoodservice.ca\/fr\/wp-json\/wp\/v2\/pages"}],"about":[{"href":"https:\/\/www.campbellsfoodservice.ca\/fr\/wp-json\/wp\/v2\/types\/page"}],"author":[{"embeddable":true,"href":"https:\/\/www.campbellsfoodservice.ca\/fr\/wp-json\/wp\/v2\/users\/39"}],"replies":[{"embeddable":true,"href":"https:\/\/www.campbellsfoodservice.ca\/fr\/wp-json\/wp\/v2\/comments?post=9680"}],"version-history":[{"count":0,"href":"https:\/\/www.campbellsfoodservice.ca\/fr\/wp-json\/wp\/v2\/pages\/9680\/revisions"}],"wp:featuredmedia":[{"embeddable":true,"href":"https:\/\/www.campbellsfoodservice.ca\/fr\/wp-json\/wp\/v2\/media\/1963"}],"wp:attachment":[{"href":"https:\/\/www.campbellsfoodservice.ca\/fr\/wp-json\/wp\/v2\/media?parent=9680"}],"curies":[{"name":"wp","href":"https:\/\/api.w.org\/{rel}","templated":true}]}}