{"id":9669,"date":"2016-03-30T11:45:37","date_gmt":"2016-03-30T11:45:37","guid":{"rendered":"https:\/\/www.campbellsfoodservice.ca\/?page_id=9669\/"},"modified":"2024-03-14T18:52:39","modified_gmt":"2024-03-14T18:52:39","slug":"my-pantry-sign-up","status":"publish","type":"page","link":"https:\/\/www.campbellsfoodservice.ca\/fr\/my-pantry\/my-pantry-sign-up\/","title":{"rendered":"INSCRIPTION \u00c0 MON GARDE-MANGER"},"content":{"rendered":"<h2>INSCRIVEZ-VOUS \u00c0 MON GARDE-MANGER D\u00c8S AUJOURD\u2019HUI!<\/h2>\n<div class=\"row\">\n<div class=\"reg-inner-left\">\n<div>\n<img decoding=\"async\" loading=\"lazy\" class=\"aligncenter size-full wp-image-7541\" src=\"\/wp-content\/uploads\/2016\/03\/register-menu-icon.jpg\" alt=\"register-menu-icon\" width=\"60\" height=\"57\" \/>\n<div class=\"h5\">CR\u00c9ER ET PARTAGER DES MENUS<\/div>\n<\/div>\n<div>\n<img decoding=\"async\" loading=\"lazy\" class=\"aligncenter size-full wp-image-7542\" src=\"\/wp-content\/uploads\/2016\/03\/register-recipe-icon.jpg\" alt=\"register-recipe-icon\" width=\"60\" height=\"46\" \/>\n<div class=\"h5\">ENREGISTRER ET PARTAGER DES RECETTES<\/div>\n<\/div>\n<div>\n<img decoding=\"async\" loading=\"lazy\" class=\"aligncenter size-full wp-image-7543\" src=\"\/wp-content\/uploads\/2016\/03\/register-product-icon.jpg\" alt=\"register-product-icon\" width=\"56\" height=\"60\" \/>\n<\/div>\n<\/div>\n<\/div>\n<div class=\"h5\">ENREGISTRER DES PRODUITS, OBTENIR DES CONSEILS ET PLUS ENCORE<\/div>\n<p>Vos t\u00e2ches vont \u00eatre simplifi\u00e9es. Gr\u00e2ce \u00e0 MonGarde-Manger, vous b\u00e9n\u00e9ficierez des avantages d\u2019un garde-manger virtuel et pourrez cr\u00e9er et partager des menus, des conseils, des recettes et bien plus.<\/p>\n<p>Inscrivez-vous d\u00e8s aujourd\u2019hui pour profiter des nouvelles fonctionnalit\u00e9s utiles et d\u2019un acc\u00e8s ais\u00e9 \u00e0 vos produits, recettes et solutions d\u2019affaires pr\u00e9f\u00e9r\u00e9s ou aux derni\u00e8res tendances culinaires, chaque fois que vous consulterez ce site.<\/p>\n<p>Vous souhaitez en savoir plus avant de vous inscrire? N\u2019h\u00e9sitez pas \u00e0 consulter notre page Aide sur le garde-manger pour de plus amples d\u00e9tails sur cet outil.<\/p>\n","protected":false},"excerpt":{"rendered":"<p>INSCRIVEZ-VOUS \u00c0 MON GARDE-MANGER D\u00c8S AUJOURD\u2019HUI! CR\u00c9ER ET PARTAGER DES MENUS ENREGISTRER ET PARTAGER DES RECETTES ENREGISTRER DES PRODUITS, OBTENIR DES CONSEILS ET PLUS ENCORE Vos t\u00e2ches vont \u00eatre simplifi\u00e9es. Gr\u00e2ce \u00e0 MonGarde-Manger, vous b\u00e9n\u00e9ficierez des avantages d\u2019un garde-manger virtuel et pourrez cr\u00e9er et partager des menus, des conseils, des recettes et bien plus. Inscrivez-vous [&hellip;]<\/p>\n","protected":false},"author":26,"featured_media":0,"parent":9667,"menu_order":0,"comment_status":"closed","ping_status":"closed","template":"pantry-register.php","meta":[],"acf":[],"yoast_head":"<!-- This site is optimized with the Yoast SEO plugin v21.5 - https:\/\/yoast.com\/wordpress\/plugins\/seo\/ -->\n<title>INSCRIPTION \u00c0 MON GARDE-MANGER - Campbells Food Service Canada<\/title>\n<meta name=\"robots\" content=\"index, follow, max-snippet:-1, max-image-preview:large, max-video-preview:-1\" \/>\n<link rel=\"canonical\" href=\"https:\/\/www.campbellsfoodservice.ca\/fr\/my-pantry\/my-pantry-sign-up\/\" \/>\n<meta property=\"og:locale\" content=\"fr_FR\" \/>\n<meta property=\"og:type\" content=\"article\" \/>\n<meta property=\"og:title\" content=\"INSCRIPTION \u00c0 MON GARDE-MANGER - Campbells Food Service Canada\" \/>\n<meta property=\"og:description\" content=\"INSCRIVEZ-VOUS \u00c0 MON GARDE-MANGER D\u00c8S AUJOURD\u2019HUI! CR\u00c9ER ET PARTAGER DES MENUS ENREGISTRER ET PARTAGER DES RECETTES ENREGISTRER DES PRODUITS, OBTENIR DES CONSEILS ET PLUS ENCORE Vos t\u00e2ches vont \u00eatre simplifi\u00e9es. Gr\u00e2ce \u00e0 MonGarde-Manger, vous b\u00e9n\u00e9ficierez des avantages d\u2019un garde-manger virtuel et pourrez cr\u00e9er et partager des menus, des conseils, des recettes et bien plus. Inscrivez-vous [&hellip;]\" \/>\n<meta property=\"og:url\" content=\"https:\/\/www.campbellsfoodservice.ca\/fr\/my-pantry\/my-pantry-sign-up\/\" \/>\n<meta property=\"og:site_name\" content=\"Campbells Food Service Canada\" \/>\n<meta property=\"article:modified_time\" content=\"2024-03-14T18:52:39+00:00\" \/>\n<meta name=\"twitter:card\" content=\"summary_large_image\" \/>\n<meta name=\"twitter:label1\" content=\"Est. reading time\" \/>\n\t<meta name=\"twitter:data1\" content=\"1 minute\" \/>\n<script type=\"application\/ld+json\" class=\"yoast-schema-graph\">{\"@context\":\"https:\/\/schema.org\",\"@graph\":[{\"@type\":\"WebPage\",\"@id\":\"https:\/\/www.campbellsfoodservice.ca\/fr\/my-pantry\/my-pantry-sign-up\/\",\"url\":\"https:\/\/www.campbellsfoodservice.ca\/fr\/my-pantry\/my-pantry-sign-up\/\",\"name\":\"INSCRIPTION \u00c0 MON GARDE-MANGER - Campbells Food Service Canada\",\"isPartOf\":{\"@id\":\"https:\/\/www.campbellsfoodservice.ca\/fr\/#website\"},\"datePublished\":\"2016-03-30T11:45:37+00:00\",\"dateModified\":\"2024-03-14T18:52:39+00:00\",\"breadcrumb\":{\"@id\":\"https:\/\/www.campbellsfoodservice.ca\/fr\/my-pantry\/my-pantry-sign-up\/#breadcrumb\"},\"inLanguage\":\"fr-FR\",\"potentialAction\":[{\"@type\":\"ReadAction\",\"target\":[\"https:\/\/www.campbellsfoodservice.ca\/fr\/my-pantry\/my-pantry-sign-up\/\"]}]},{\"@type\":\"BreadcrumbList\",\"@id\":\"https:\/\/www.campbellsfoodservice.ca\/fr\/my-pantry\/my-pantry-sign-up\/#breadcrumb\",\"itemListElement\":[{\"@type\":\"ListItem\",\"position\":1,\"name\":\"Home\",\"item\":\"https:\/\/www.campbellsfoodservice.ca\/fr\/\"},{\"@type\":\"ListItem\",\"position\":2,\"name\":\"Ma Garde-manger\",\"item\":\"https:\/\/www.campbellsfoodservice.ca\/fr\/my-pantry\/\"},{\"@type\":\"ListItem\",\"position\":3,\"name\":\"INSCRIPTION \u00c0 MON GARDE-MANGER\"}]},{\"@type\":\"WebSite\",\"@id\":\"https:\/\/www.campbellsfoodservice.ca\/fr\/#website\",\"url\":\"https:\/\/www.campbellsfoodservice.ca\/fr\/\",\"name\":\"Campbells Food Service Canada\",\"description\":\"\",\"potentialAction\":[{\"@type\":\"SearchAction\",\"target\":{\"@type\":\"EntryPoint\",\"urlTemplate\":\"https:\/\/www.campbellsfoodservice.ca\/fr\/?s={search_term_string}\"},\"query-input\":\"required name=search_term_string\"}],\"inLanguage\":\"fr-FR\"}]}<\/script>\n<!-- \/ Yoast SEO plugin. -->","yoast_head_json":{"title":"INSCRIPTION \u00c0 MON GARDE-MANGER - Campbells Food Service Canada","robots":{"index":"index","follow":"follow","max-snippet":"max-snippet:-1","max-image-preview":"max-image-preview:large","max-video-preview":"max-video-preview:-1"},"canonical":"https:\/\/www.campbellsfoodservice.ca\/fr\/my-pantry\/my-pantry-sign-up\/","og_locale":"fr_FR","og_type":"article","og_title":"INSCRIPTION \u00c0 MON GARDE-MANGER - Campbells Food Service Canada","og_description":"INSCRIVEZ-VOUS \u00c0 MON GARDE-MANGER D\u00c8S AUJOURD\u2019HUI! CR\u00c9ER ET PARTAGER DES MENUS ENREGISTRER ET PARTAGER DES RECETTES ENREGISTRER DES PRODUITS, OBTENIR DES CONSEILS ET PLUS ENCORE Vos t\u00e2ches vont \u00eatre simplifi\u00e9es. Gr\u00e2ce \u00e0 MonGarde-Manger, vous b\u00e9n\u00e9ficierez des avantages d\u2019un garde-manger virtuel et pourrez cr\u00e9er et partager des menus, des conseils, des recettes et bien plus. Inscrivez-vous [&hellip;]","og_url":"https:\/\/www.campbellsfoodservice.ca\/fr\/my-pantry\/my-pantry-sign-up\/","og_site_name":"Campbells Food Service Canada","article_modified_time":"2024-03-14T18:52:39+00:00","twitter_card":"summary_large_image","twitter_misc":{"Est. reading time":"1 minute"},"schema":{"@context":"https:\/\/schema.org","@graph":[{"@type":"WebPage","@id":"https:\/\/www.campbellsfoodservice.ca\/fr\/my-pantry\/my-pantry-sign-up\/","url":"https:\/\/www.campbellsfoodservice.ca\/fr\/my-pantry\/my-pantry-sign-up\/","name":"INSCRIPTION \u00c0 MON GARDE-MANGER - Campbells Food Service Canada","isPartOf":{"@id":"https:\/\/www.campbellsfoodservice.ca\/fr\/#website"},"datePublished":"2016-03-30T11:45:37+00:00","dateModified":"2024-03-14T18:52:39+00:00","breadcrumb":{"@id":"https:\/\/www.campbellsfoodservice.ca\/fr\/my-pantry\/my-pantry-sign-up\/#breadcrumb"},"inLanguage":"fr-FR","potentialAction":[{"@type":"ReadAction","target":["https:\/\/www.campbellsfoodservice.ca\/fr\/my-pantry\/my-pantry-sign-up\/"]}]},{"@type":"BreadcrumbList","@id":"https:\/\/www.campbellsfoodservice.ca\/fr\/my-pantry\/my-pantry-sign-up\/#breadcrumb","itemListElement":[{"@type":"ListItem","position":1,"name":"Home","item":"https:\/\/www.campbellsfoodservice.ca\/fr\/"},{"@type":"ListItem","position":2,"name":"Ma Garde-manger","item":"https:\/\/www.campbellsfoodservice.ca\/fr\/my-pantry\/"},{"@type":"ListItem","position":3,"name":"INSCRIPTION \u00c0 MON GARDE-MANGER"}]},{"@type":"WebSite","@id":"https:\/\/www.campbellsfoodservice.ca\/fr\/#website","url":"https:\/\/www.campbellsfoodservice.ca\/fr\/","name":"Campbells Food Service Canada","description":"","potentialAction":[{"@type":"SearchAction","target":{"@type":"EntryPoint","urlTemplate":"https:\/\/www.campbellsfoodservice.ca\/fr\/?s={search_term_string}"},"query-input":"required name=search_term_string"}],"inLanguage":"fr-FR"}]}},"_links":{"self":[{"href":"https:\/\/www.campbellsfoodservice.ca\/fr\/wp-json\/wp\/v2\/pages\/9669"}],"collection":[{"href":"https:\/\/www.campbellsfoodservice.ca\/fr\/wp-json\/wp\/v2\/pages"}],"about":[{"href":"https:\/\/www.campbellsfoodservice.ca\/fr\/wp-json\/wp\/v2\/types\/page"}],"author":[{"embeddable":true,"href":"https:\/\/www.campbellsfoodservice.ca\/fr\/wp-json\/wp\/v2\/users\/26"}],"replies":[{"embeddable":true,"href":"https:\/\/www.campbellsfoodservice.ca\/fr\/wp-json\/wp\/v2\/comments?post=9669"}],"version-history":[{"count":0,"href":"https:\/\/www.campbellsfoodservice.ca\/fr\/wp-json\/wp\/v2\/pages\/9669\/revisions"}],"up":[{"embeddable":true,"href":"https:\/\/www.campbellsfoodservice.ca\/fr\/wp-json\/wp\/v2\/pages\/9667"}],"wp:attachment":[{"href":"https:\/\/www.campbellsfoodservice.ca\/fr\/wp-json\/wp\/v2\/media?parent=9669"}],"curies":[{"name":"wp","href":"https:\/\/api.w.org\/{rel}","templated":true}]}}