{"id":9665,"date":"2016-01-22T15:01:56","date_gmt":"2016-01-22T15:01:56","guid":{"rendered":"https:\/\/www.campbellsfoodservice.ca\/?page_id=9665\/"},"modified":"2020-06-18T17:36:45","modified_gmt":"2020-06-18T17:36:45","slug":"home","status":"publish","type":"page","link":"https:\/\/www.campbellsfoodservice.ca\/fr\/","title":{"rendered":"Home"},"content":{"rendered":"<p>PREMI\u00c8RE \u00c9TAPE<sup>MC<\/sup> DE CAMPBELL\u2019S\u00ae<\/p>\n\n<p>Le point de d\u00e9part id\u00e9al de tout repas qui finit bien. Notre nouvelle gamme de bouillons, fonds et bases peut contribuer au lancement de vos cr\u00e9ations en cuisine.<\/p>\n<p>POUR EN SAVOIR PLUS<\/p>\n<h1>NOS MARQUES<\/h1>\n<p>Notre portfolio comprend certaines des maques les plus connues et les plus appr\u00e9ci\u00e9es du monde, comme Campbell\u2019s\u00ae, Pace\u00ae, V8\u00ae et Pepperidge Farm\u00ae. Si vous recherchez l\u2019excellence en mati\u00e8re de saveur et de service alimentaire, vous \u00eates \u00e0 la bonne place.<\/p>\n<h3>RECETTES. CONSEILS. TENDANCES. NOUS VOUS OFFRONS TOUT \u00c7A.<\/h3>\n<p>Des recettes d\u00e9licieuses, des conseils populaires, les derni\u00e8res tendances et des produits qui vous distinguent, nous disposons des produits et des solutions d\u2019affaires pouvant soutenir vos activit\u00e9s \u00e0 chaque \u00e9tape de votre processus.<\/p>\n","protected":false},"excerpt":{"rendered":"<p>PREMI\u00c8RE \u00c9TAPEMC DE CAMPBELL\u2019S\u00ae Le point de d\u00e9part id\u00e9al de tout repas qui finit bien. Notre nouvelle gamme de bouillons, fonds et bases peut contribuer au lancement de vos cr\u00e9ations en cuisine. POUR EN SAVOIR PLUS NOS MARQUES Notre portfolio comprend certaines des maques les plus connues et les plus appr\u00e9ci\u00e9es du monde, comme Campbell\u2019s\u00ae, [&hellip;]<\/p>\n","protected":false},"author":39,"featured_media":0,"parent":0,"menu_order":0,"comment_status":"closed","ping_status":"closed","template":"page-home-2020.php","meta":[],"acf":[],"yoast_head":"<!-- This site is optimized with the Yoast SEO plugin v21.5 - https:\/\/yoast.com\/wordpress\/plugins\/seo\/ -->\n<title>Home - Campbells Food Service Canada<\/title>\n<meta name=\"robots\" content=\"index, follow, max-snippet:-1, max-image-preview:large, max-video-preview:-1\" \/>\n<link rel=\"canonical\" href=\"https:\/\/www.campbellsfoodservice.ca\/fr\/\" \/>\n<meta property=\"og:locale\" content=\"fr_FR\" \/>\n<meta property=\"og:type\" content=\"article\" \/>\n<meta property=\"og:title\" content=\"Home - Campbells Food Service Canada\" \/>\n<meta property=\"og:description\" content=\"PREMI\u00c8RE \u00c9TAPEMC DE CAMPBELL\u2019S\u00ae Le point de d\u00e9part id\u00e9al de tout repas qui finit bien. Notre nouvelle gamme de bouillons, fonds et bases peut contribuer au lancement de vos cr\u00e9ations en cuisine. POUR EN SAVOIR PLUS NOS MARQUES Notre portfolio comprend certaines des maques les plus connues et les plus appr\u00e9ci\u00e9es du monde, comme Campbell\u2019s\u00ae, [&hellip;]\" \/>\n<meta property=\"og:url\" content=\"https:\/\/www.campbellsfoodservice.ca\/fr\/\" \/>\n<meta property=\"og:site_name\" content=\"Campbells Food Service Canada\" \/>\n<meta property=\"article:modified_time\" content=\"2020-06-18T17:36:45+00:00\" \/>\n<meta name=\"twitter:card\" content=\"summary_large_image\" \/>\n<meta name=\"twitter:label1\" content=\"Est. reading time\" \/>\n\t<meta name=\"twitter:data1\" content=\"1 minute\" \/>\n<script type=\"application\/ld+json\" class=\"yoast-schema-graph\">{\"@context\":\"https:\/\/schema.org\",\"@graph\":[{\"@type\":\"WebPage\",\"@id\":\"https:\/\/www.campbellsfoodservice.ca\/fr\/\",\"url\":\"https:\/\/www.campbellsfoodservice.ca\/fr\/\",\"name\":\"Home - Campbells Food Service Canada\",\"isPartOf\":{\"@id\":\"https:\/\/www.campbellsfoodservice.ca\/fr\/#website\"},\"datePublished\":\"2016-01-22T15:01:56+00:00\",\"dateModified\":\"2020-06-18T17:36:45+00:00\",\"breadcrumb\":{\"@id\":\"https:\/\/www.campbellsfoodservice.ca\/fr\/#breadcrumb\"},\"inLanguage\":\"fr-FR\",\"potentialAction\":[{\"@type\":\"ReadAction\",\"target\":[\"https:\/\/www.campbellsfoodservice.ca\/fr\/\"]}]},{\"@type\":\"BreadcrumbList\",\"@id\":\"https:\/\/www.campbellsfoodservice.ca\/fr\/#breadcrumb\",\"itemListElement\":[{\"@type\":\"ListItem\",\"position\":1,\"name\":\"Home\",\"item\":\"https:\/\/www.campbellsfoodservice.ca\/fr\/\"},{\"@type\":\"ListItem\",\"position\":2,\"name\":\"Home\"}]},{\"@type\":\"WebSite\",\"@id\":\"https:\/\/www.campbellsfoodservice.ca\/fr\/#website\",\"url\":\"https:\/\/www.campbellsfoodservice.ca\/fr\/\",\"name\":\"Campbells Food Service Canada\",\"description\":\"\",\"potentialAction\":[{\"@type\":\"SearchAction\",\"target\":{\"@type\":\"EntryPoint\",\"urlTemplate\":\"https:\/\/www.campbellsfoodservice.ca\/fr\/?s={search_term_string}\"},\"query-input\":\"required name=search_term_string\"}],\"inLanguage\":\"fr-FR\"}]}<\/script>\n<!-- \/ Yoast SEO plugin. -->","yoast_head_json":{"title":"Home - Campbells Food Service Canada","robots":{"index":"index","follow":"follow","max-snippet":"max-snippet:-1","max-image-preview":"max-image-preview:large","max-video-preview":"max-video-preview:-1"},"canonical":"https:\/\/www.campbellsfoodservice.ca\/fr\/","og_locale":"fr_FR","og_type":"article","og_title":"Home - Campbells Food Service Canada","og_description":"PREMI\u00c8RE \u00c9TAPEMC DE CAMPBELL\u2019S\u00ae Le point de d\u00e9part id\u00e9al de tout repas qui finit bien. Notre nouvelle gamme de bouillons, fonds et bases peut contribuer au lancement de vos cr\u00e9ations en cuisine. POUR EN SAVOIR PLUS NOS MARQUES Notre portfolio comprend certaines des maques les plus connues et les plus appr\u00e9ci\u00e9es du monde, comme Campbell\u2019s\u00ae, [&hellip;]","og_url":"https:\/\/www.campbellsfoodservice.ca\/fr\/","og_site_name":"Campbells Food Service Canada","article_modified_time":"2020-06-18T17:36:45+00:00","twitter_card":"summary_large_image","twitter_misc":{"Est. reading time":"1 minute"},"schema":{"@context":"https:\/\/schema.org","@graph":[{"@type":"WebPage","@id":"https:\/\/www.campbellsfoodservice.ca\/fr\/","url":"https:\/\/www.campbellsfoodservice.ca\/fr\/","name":"Home - Campbells Food Service Canada","isPartOf":{"@id":"https:\/\/www.campbellsfoodservice.ca\/fr\/#website"},"datePublished":"2016-01-22T15:01:56+00:00","dateModified":"2020-06-18T17:36:45+00:00","breadcrumb":{"@id":"https:\/\/www.campbellsfoodservice.ca\/fr\/#breadcrumb"},"inLanguage":"fr-FR","potentialAction":[{"@type":"ReadAction","target":["https:\/\/www.campbellsfoodservice.ca\/fr\/"]}]},{"@type":"BreadcrumbList","@id":"https:\/\/www.campbellsfoodservice.ca\/fr\/#breadcrumb","itemListElement":[{"@type":"ListItem","position":1,"name":"Home","item":"https:\/\/www.campbellsfoodservice.ca\/fr\/"},{"@type":"ListItem","position":2,"name":"Home"}]},{"@type":"WebSite","@id":"https:\/\/www.campbellsfoodservice.ca\/fr\/#website","url":"https:\/\/www.campbellsfoodservice.ca\/fr\/","name":"Campbells Food Service Canada","description":"","potentialAction":[{"@type":"SearchAction","target":{"@type":"EntryPoint","urlTemplate":"https:\/\/www.campbellsfoodservice.ca\/fr\/?s={search_term_string}"},"query-input":"required name=search_term_string"}],"inLanguage":"fr-FR"}]}},"_links":{"self":[{"href":"https:\/\/www.campbellsfoodservice.ca\/fr\/wp-json\/wp\/v2\/pages\/9665"}],"collection":[{"href":"https:\/\/www.campbellsfoodservice.ca\/fr\/wp-json\/wp\/v2\/pages"}],"about":[{"href":"https:\/\/www.campbellsfoodservice.ca\/fr\/wp-json\/wp\/v2\/types\/page"}],"author":[{"embeddable":true,"href":"https:\/\/www.campbellsfoodservice.ca\/fr\/wp-json\/wp\/v2\/users\/39"}],"replies":[{"embeddable":true,"href":"https:\/\/www.campbellsfoodservice.ca\/fr\/wp-json\/wp\/v2\/comments?post=9665"}],"version-history":[{"count":0,"href":"https:\/\/www.campbellsfoodservice.ca\/fr\/wp-json\/wp\/v2\/pages\/9665\/revisions"}],"wp:attachment":[{"href":"https:\/\/www.campbellsfoodservice.ca\/fr\/wp-json\/wp\/v2\/media?parent=9665"}],"curies":[{"name":"wp","href":"https:\/\/api.w.org\/{rel}","templated":true}]}}