{"id":9664,"date":"2016-04-26T09:09:53","date_gmt":"2016-04-26T09:09:53","guid":{"rendered":"https:\/\/www.campbellsfoodservice.ca\/?page_id=9664\/"},"modified":"2017-04-10T19:05:23","modified_gmt":"2017-04-10T19:05:23","slug":"thank-you","status":"publish","type":"page","link":"https:\/\/www.campbellsfoodservice.ca\/fr\/contact-us\/thank-you\/","title":{"rendered":"PAGE DE PRISE DE CONTACT ET DE REMERCIEMENT"},"content":{"rendered":"<p>Merci d\u2019avoir communiqu\u00e9 avec nous!<\/p>\n<p>Une personne communiquera avec vous d\u00e8s que possible pour vous fournir les r\u00e9ponses ou les renseignements que vous recherchez.<\/p>\n<p>En attendant, vous pouvez continuer \u00e0 parcourir ce site pour obtenir de plus amples d\u00e9tails sur les <a href=\"\/products\/\">produits<\/a>, <a href=\"\/solutions\/tools\/open-pantry\/recipes\/\">recettes<\/a>, <a href=\"\/solutions\/tools\/open-pantry\/solutions\/\">solutions<\/a> et <a href=\"\/solutions\/tools\/open-pantry\/tips-trends\/\">conseils<\/a> que nous proposons.<\/p>\n","protected":false},"excerpt":{"rendered":"<p>Merci d\u2019avoir communiqu\u00e9 avec nous! Une personne communiquera avec vous d\u00e8s que possible pour vous fournir les r\u00e9ponses ou les renseignements que vous recherchez. En attendant, vous pouvez continuer \u00e0 parcourir ce site pour obtenir de plus amples d\u00e9tails sur les produits, recettes, solutions et conseils que nous proposons.<\/p>\n","protected":false},"author":39,"featured_media":0,"parent":9663,"menu_order":0,"comment_status":"closed","ping_status":"closed","template":"","meta":[],"acf":[],"yoast_head":"<!-- This site is optimized with the Yoast SEO plugin v21.5 - https:\/\/yoast.com\/wordpress\/plugins\/seo\/ -->\n<title>PAGE DE PRISE DE CONTACT ET DE REMERCIEMENT - Campbells Food Service Canada<\/title>\n<meta name=\"robots\" content=\"index, follow, max-snippet:-1, max-image-preview:large, max-video-preview:-1\" \/>\n<link rel=\"canonical\" href=\"https:\/\/www.campbellsfoodservice.ca\/fr\/contact-us\/thank-you\/\" \/>\n<meta property=\"og:locale\" content=\"fr_FR\" \/>\n<meta property=\"og:type\" content=\"article\" \/>\n<meta property=\"og:title\" content=\"PAGE DE PRISE DE CONTACT ET DE REMERCIEMENT - Campbells Food Service Canada\" \/>\n<meta property=\"og:description\" content=\"Merci d\u2019avoir communiqu\u00e9 avec nous! Une personne communiquera avec vous d\u00e8s que possible pour vous fournir les r\u00e9ponses ou les renseignements que vous recherchez. En attendant, vous pouvez continuer \u00e0 parcourir ce site pour obtenir de plus amples d\u00e9tails sur les produits, recettes, solutions et conseils que nous proposons.\" \/>\n<meta property=\"og:url\" content=\"https:\/\/www.campbellsfoodservice.ca\/fr\/contact-us\/thank-you\/\" \/>\n<meta property=\"og:site_name\" content=\"Campbells Food Service Canada\" \/>\n<meta property=\"article:modified_time\" content=\"2017-04-10T19:05:23+00:00\" \/>\n<meta name=\"twitter:card\" content=\"summary_large_image\" \/>\n<script type=\"application\/ld+json\" class=\"yoast-schema-graph\">{\"@context\":\"https:\/\/schema.org\",\"@graph\":[{\"@type\":\"WebPage\",\"@id\":\"https:\/\/www.campbellsfoodservice.ca\/fr\/contact-us\/thank-you\/\",\"url\":\"https:\/\/www.campbellsfoodservice.ca\/fr\/contact-us\/thank-you\/\",\"name\":\"PAGE DE PRISE DE CONTACT ET DE REMERCIEMENT - Campbells Food Service Canada\",\"isPartOf\":{\"@id\":\"https:\/\/www.campbellsfoodservice.ca\/fr\/#website\"},\"datePublished\":\"2016-04-26T09:09:53+00:00\",\"dateModified\":\"2017-04-10T19:05:23+00:00\",\"breadcrumb\":{\"@id\":\"https:\/\/www.campbellsfoodservice.ca\/fr\/contact-us\/thank-you\/#breadcrumb\"},\"inLanguage\":\"fr-FR\",\"potentialAction\":[{\"@type\":\"ReadAction\",\"target\":[\"https:\/\/www.campbellsfoodservice.ca\/fr\/contact-us\/thank-you\/\"]}]},{\"@type\":\"BreadcrumbList\",\"@id\":\"https:\/\/www.campbellsfoodservice.ca\/fr\/contact-us\/thank-you\/#breadcrumb\",\"itemListElement\":[{\"@type\":\"ListItem\",\"position\":1,\"name\":\"Home\",\"item\":\"https:\/\/www.campbellsfoodservice.ca\/fr\/\"},{\"@type\":\"ListItem\",\"position\":2,\"name\":\"CONTACTEZ NOUS\",\"item\":\"https:\/\/www.campbellsfoodservice.ca\/fr\/contact-us\/\"},{\"@type\":\"ListItem\",\"position\":3,\"name\":\"PAGE DE PRISE DE CONTACT ET DE REMERCIEMENT\"}]},{\"@type\":\"WebSite\",\"@id\":\"https:\/\/www.campbellsfoodservice.ca\/fr\/#website\",\"url\":\"https:\/\/www.campbellsfoodservice.ca\/fr\/\",\"name\":\"Campbells Food Service Canada\",\"description\":\"\",\"potentialAction\":[{\"@type\":\"SearchAction\",\"target\":{\"@type\":\"EntryPoint\",\"urlTemplate\":\"https:\/\/www.campbellsfoodservice.ca\/fr\/?s={search_term_string}\"},\"query-input\":\"required name=search_term_string\"}],\"inLanguage\":\"fr-FR\"}]}<\/script>\n<!-- \/ Yoast SEO plugin. -->","yoast_head_json":{"title":"PAGE DE PRISE DE CONTACT ET DE REMERCIEMENT - Campbells Food Service Canada","robots":{"index":"index","follow":"follow","max-snippet":"max-snippet:-1","max-image-preview":"max-image-preview:large","max-video-preview":"max-video-preview:-1"},"canonical":"https:\/\/www.campbellsfoodservice.ca\/fr\/contact-us\/thank-you\/","og_locale":"fr_FR","og_type":"article","og_title":"PAGE DE PRISE DE CONTACT ET DE REMERCIEMENT - Campbells Food Service Canada","og_description":"Merci d\u2019avoir communiqu\u00e9 avec nous! Une personne communiquera avec vous d\u00e8s que possible pour vous fournir les r\u00e9ponses ou les renseignements que vous recherchez. En attendant, vous pouvez continuer \u00e0 parcourir ce site pour obtenir de plus amples d\u00e9tails sur les produits, recettes, solutions et conseils que nous proposons.","og_url":"https:\/\/www.campbellsfoodservice.ca\/fr\/contact-us\/thank-you\/","og_site_name":"Campbells Food Service Canada","article_modified_time":"2017-04-10T19:05:23+00:00","twitter_card":"summary_large_image","schema":{"@context":"https:\/\/schema.org","@graph":[{"@type":"WebPage","@id":"https:\/\/www.campbellsfoodservice.ca\/fr\/contact-us\/thank-you\/","url":"https:\/\/www.campbellsfoodservice.ca\/fr\/contact-us\/thank-you\/","name":"PAGE DE PRISE DE CONTACT ET DE REMERCIEMENT - Campbells Food Service Canada","isPartOf":{"@id":"https:\/\/www.campbellsfoodservice.ca\/fr\/#website"},"datePublished":"2016-04-26T09:09:53+00:00","dateModified":"2017-04-10T19:05:23+00:00","breadcrumb":{"@id":"https:\/\/www.campbellsfoodservice.ca\/fr\/contact-us\/thank-you\/#breadcrumb"},"inLanguage":"fr-FR","potentialAction":[{"@type":"ReadAction","target":["https:\/\/www.campbellsfoodservice.ca\/fr\/contact-us\/thank-you\/"]}]},{"@type":"BreadcrumbList","@id":"https:\/\/www.campbellsfoodservice.ca\/fr\/contact-us\/thank-you\/#breadcrumb","itemListElement":[{"@type":"ListItem","position":1,"name":"Home","item":"https:\/\/www.campbellsfoodservice.ca\/fr\/"},{"@type":"ListItem","position":2,"name":"CONTACTEZ NOUS","item":"https:\/\/www.campbellsfoodservice.ca\/fr\/contact-us\/"},{"@type":"ListItem","position":3,"name":"PAGE DE PRISE DE CONTACT ET DE REMERCIEMENT"}]},{"@type":"WebSite","@id":"https:\/\/www.campbellsfoodservice.ca\/fr\/#website","url":"https:\/\/www.campbellsfoodservice.ca\/fr\/","name":"Campbells Food Service Canada","description":"","potentialAction":[{"@type":"SearchAction","target":{"@type":"EntryPoint","urlTemplate":"https:\/\/www.campbellsfoodservice.ca\/fr\/?s={search_term_string}"},"query-input":"required name=search_term_string"}],"inLanguage":"fr-FR"}]}},"_links":{"self":[{"href":"https:\/\/www.campbellsfoodservice.ca\/fr\/wp-json\/wp\/v2\/pages\/9664"}],"collection":[{"href":"https:\/\/www.campbellsfoodservice.ca\/fr\/wp-json\/wp\/v2\/pages"}],"about":[{"href":"https:\/\/www.campbellsfoodservice.ca\/fr\/wp-json\/wp\/v2\/types\/page"}],"author":[{"embeddable":true,"href":"https:\/\/www.campbellsfoodservice.ca\/fr\/wp-json\/wp\/v2\/users\/39"}],"replies":[{"embeddable":true,"href":"https:\/\/www.campbellsfoodservice.ca\/fr\/wp-json\/wp\/v2\/comments?post=9664"}],"version-history":[{"count":0,"href":"https:\/\/www.campbellsfoodservice.ca\/fr\/wp-json\/wp\/v2\/pages\/9664\/revisions"}],"up":[{"embeddable":true,"href":"https:\/\/www.campbellsfoodservice.ca\/fr\/wp-json\/wp\/v2\/pages\/9663"}],"wp:attachment":[{"href":"https:\/\/www.campbellsfoodservice.ca\/fr\/wp-json\/wp\/v2\/media?parent=9664"}],"curies":[{"name":"wp","href":"https:\/\/api.w.org\/{rel}","templated":true}]}}