{"id":9663,"date":"2016-01-05T22:50:26","date_gmt":"2016-01-05T22:50:26","guid":{"rendered":"https:\/\/www.campbellsfoodservice.ca\/?page_id=9663\/"},"modified":"2017-04-10T19:03:42","modified_gmt":"2017-04-10T19:03:42","slug":"contact-us","status":"publish","type":"page","link":"https:\/\/www.campbellsfoodservice.ca\/fr\/contact-us\/","title":{"rendered":"CONTACTEZ NOUS"},"content":{"rendered":"<p>Nous sommes certains que vous aurez probablement des questions de temps \u00e0 autre concernant notre vaste gamme de <a href=\"\/products\/\">produits<\/a> ou sur les <a href=\"\/recipes\/\">recettes<\/a> que nous avons cr\u00e9\u00e9es. Envoyez-nous vos coordonn\u00e9es et votre question en utilisant le formulaire ci-dessous et les personnes pertinentes communiqueront avec vous d\u00e8s que possible. Si vous avez un besoin particulier, vous pouvez \u00e9galement s\u00e9lectionner l\u2019un de nos autres formulaires de communication de droite.<\/p>\n\n","protected":false},"excerpt":{"rendered":"<p>Nous sommes certains que vous aurez probablement des questions de temps \u00e0 autre concernant notre vaste gamme de produits ou sur les recettes que nous avons cr\u00e9\u00e9es. Envoyez-nous vos coordonn\u00e9es et votre question en utilisant le formulaire ci-dessous et les personnes pertinentes communiqueront avec vous d\u00e8s que possible. Si vous avez un besoin particulier, vous [&hellip;]<\/p>\n","protected":false},"author":39,"featured_media":412916,"parent":0,"menu_order":0,"comment_status":"closed","ping_status":"closed","template":"","meta":[],"acf":[],"yoast_head":"<!-- This site is optimized with the Yoast SEO plugin v21.5 - https:\/\/yoast.com\/wordpress\/plugins\/seo\/ -->\n<title>CONTACTEZ NOUS - Campbells Food Service Canada<\/title>\n<meta name=\"robots\" content=\"index, follow, max-snippet:-1, max-image-preview:large, max-video-preview:-1\" \/>\n<link rel=\"canonical\" href=\"https:\/\/www.campbellsfoodservice.ca\/fr\/contact-us\/\" \/>\n<meta property=\"og:locale\" content=\"fr_FR\" \/>\n<meta property=\"og:type\" content=\"article\" \/>\n<meta property=\"og:title\" content=\"CONTACTEZ NOUS - Campbells Food Service Canada\" \/>\n<meta property=\"og:description\" content=\"Nous sommes certains que vous aurez probablement des questions de temps \u00e0 autre concernant notre vaste gamme de produits ou sur les recettes que nous avons cr\u00e9\u00e9es. Envoyez-nous vos coordonn\u00e9es et votre question en utilisant le formulaire ci-dessous et les personnes pertinentes communiqueront avec vous d\u00e8s que possible. Si vous avez un besoin particulier, vous [&hellip;]\" \/>\n<meta property=\"og:url\" content=\"https:\/\/www.campbellsfoodservice.ca\/fr\/contact-us\/\" \/>\n<meta property=\"og:site_name\" content=\"Campbells Food Service Canada\" \/>\n<meta property=\"article:modified_time\" content=\"2017-04-10T19:03:42+00:00\" \/>\n<meta property=\"og:image\" content=\"https:\/\/www.campbellsfoodservice.ca\/wp-content\/uploads\/2016\/01\/about-us-responsibility-header-1.jpg\" \/>\n\t<meta property=\"og:image:width\" content=\"1920\" \/>\n\t<meta property=\"og:image:height\" content=\"112\" \/>\n\t<meta property=\"og:image:type\" content=\"image\/jpeg\" \/>\n<meta name=\"twitter:card\" content=\"summary_large_image\" \/>\n<script type=\"application\/ld+json\" class=\"yoast-schema-graph\">{\"@context\":\"https:\/\/schema.org\",\"@graph\":[{\"@type\":\"WebPage\",\"@id\":\"https:\/\/www.campbellsfoodservice.ca\/fr\/contact-us\/\",\"url\":\"https:\/\/www.campbellsfoodservice.ca\/fr\/contact-us\/\",\"name\":\"CONTACTEZ NOUS - Campbells Food Service Canada\",\"isPartOf\":{\"@id\":\"https:\/\/www.campbellsfoodservice.ca\/fr\/#website\"},\"datePublished\":\"2016-01-05T22:50:26+00:00\",\"dateModified\":\"2017-04-10T19:03:42+00:00\",\"breadcrumb\":{\"@id\":\"https:\/\/www.campbellsfoodservice.ca\/fr\/contact-us\/#breadcrumb\"},\"inLanguage\":\"fr-FR\",\"potentialAction\":[{\"@type\":\"ReadAction\",\"target\":[\"https:\/\/www.campbellsfoodservice.ca\/fr\/contact-us\/\"]}]},{\"@type\":\"BreadcrumbList\",\"@id\":\"https:\/\/www.campbellsfoodservice.ca\/fr\/contact-us\/#breadcrumb\",\"itemListElement\":[{\"@type\":\"ListItem\",\"position\":1,\"name\":\"Home\",\"item\":\"https:\/\/www.campbellsfoodservice.ca\/fr\/\"},{\"@type\":\"ListItem\",\"position\":2,\"name\":\"CONTACTEZ NOUS\"}]},{\"@type\":\"WebSite\",\"@id\":\"https:\/\/www.campbellsfoodservice.ca\/fr\/#website\",\"url\":\"https:\/\/www.campbellsfoodservice.ca\/fr\/\",\"name\":\"Campbells Food Service Canada\",\"description\":\"\",\"potentialAction\":[{\"@type\":\"SearchAction\",\"target\":{\"@type\":\"EntryPoint\",\"urlTemplate\":\"https:\/\/www.campbellsfoodservice.ca\/fr\/?s={search_term_string}\"},\"query-input\":\"required name=search_term_string\"}],\"inLanguage\":\"fr-FR\"}]}<\/script>\n<!-- \/ Yoast SEO plugin. -->","yoast_head_json":{"title":"CONTACTEZ NOUS - Campbells Food Service Canada","robots":{"index":"index","follow":"follow","max-snippet":"max-snippet:-1","max-image-preview":"max-image-preview:large","max-video-preview":"max-video-preview:-1"},"canonical":"https:\/\/www.campbellsfoodservice.ca\/fr\/contact-us\/","og_locale":"fr_FR","og_type":"article","og_title":"CONTACTEZ NOUS - Campbells Food Service Canada","og_description":"Nous sommes certains que vous aurez probablement des questions de temps \u00e0 autre concernant notre vaste gamme de produits ou sur les recettes que nous avons cr\u00e9\u00e9es. Envoyez-nous vos coordonn\u00e9es et votre question en utilisant le formulaire ci-dessous et les personnes pertinentes communiqueront avec vous d\u00e8s que possible. Si vous avez un besoin particulier, vous [&hellip;]","og_url":"https:\/\/www.campbellsfoodservice.ca\/fr\/contact-us\/","og_site_name":"Campbells Food Service Canada","article_modified_time":"2017-04-10T19:03:42+00:00","og_image":[{"width":1920,"height":112,"url":"https:\/\/www.campbellsfoodservice.ca\/wp-content\/uploads\/2016\/01\/about-us-responsibility-header-1.jpg","type":"image\/jpeg"}],"twitter_card":"summary_large_image","schema":{"@context":"https:\/\/schema.org","@graph":[{"@type":"WebPage","@id":"https:\/\/www.campbellsfoodservice.ca\/fr\/contact-us\/","url":"https:\/\/www.campbellsfoodservice.ca\/fr\/contact-us\/","name":"CONTACTEZ NOUS - Campbells Food Service Canada","isPartOf":{"@id":"https:\/\/www.campbellsfoodservice.ca\/fr\/#website"},"datePublished":"2016-01-05T22:50:26+00:00","dateModified":"2017-04-10T19:03:42+00:00","breadcrumb":{"@id":"https:\/\/www.campbellsfoodservice.ca\/fr\/contact-us\/#breadcrumb"},"inLanguage":"fr-FR","potentialAction":[{"@type":"ReadAction","target":["https:\/\/www.campbellsfoodservice.ca\/fr\/contact-us\/"]}]},{"@type":"BreadcrumbList","@id":"https:\/\/www.campbellsfoodservice.ca\/fr\/contact-us\/#breadcrumb","itemListElement":[{"@type":"ListItem","position":1,"name":"Home","item":"https:\/\/www.campbellsfoodservice.ca\/fr\/"},{"@type":"ListItem","position":2,"name":"CONTACTEZ NOUS"}]},{"@type":"WebSite","@id":"https:\/\/www.campbellsfoodservice.ca\/fr\/#website","url":"https:\/\/www.campbellsfoodservice.ca\/fr\/","name":"Campbells Food Service Canada","description":"","potentialAction":[{"@type":"SearchAction","target":{"@type":"EntryPoint","urlTemplate":"https:\/\/www.campbellsfoodservice.ca\/fr\/?s={search_term_string}"},"query-input":"required name=search_term_string"}],"inLanguage":"fr-FR"}]}},"_links":{"self":[{"href":"https:\/\/www.campbellsfoodservice.ca\/fr\/wp-json\/wp\/v2\/pages\/9663"}],"collection":[{"href":"https:\/\/www.campbellsfoodservice.ca\/fr\/wp-json\/wp\/v2\/pages"}],"about":[{"href":"https:\/\/www.campbellsfoodservice.ca\/fr\/wp-json\/wp\/v2\/types\/page"}],"author":[{"embeddable":true,"href":"https:\/\/www.campbellsfoodservice.ca\/fr\/wp-json\/wp\/v2\/users\/39"}],"replies":[{"embeddable":true,"href":"https:\/\/www.campbellsfoodservice.ca\/fr\/wp-json\/wp\/v2\/comments?post=9663"}],"version-history":[{"count":0,"href":"https:\/\/www.campbellsfoodservice.ca\/fr\/wp-json\/wp\/v2\/pages\/9663\/revisions"}],"wp:featuredmedia":[{"embeddable":true,"href":"https:\/\/www.campbellsfoodservice.ca\/fr\/wp-json\/wp\/v2\/media\/412916"}],"wp:attachment":[{"href":"https:\/\/www.campbellsfoodservice.ca\/fr\/wp-json\/wp\/v2\/media?parent=9663"}],"curies":[{"name":"wp","href":"https:\/\/api.w.org\/{rel}","templated":true}]}}