{"id":9660,"date":"2016-01-05T22:49:06","date_gmt":"2016-01-05T22:49:06","guid":{"rendered":"https:\/\/www.campbellsfoodservice.ca\/?page_id=9660\/"},"modified":"2024-02-28T12:09:10","modified_gmt":"2024-02-28T12:09:10","slug":"qualite","status":"publish","type":"page","link":"https:\/\/www.campbellsfoodservice.ca\/fr\/qualite\/","title":{"rendered":"QUALIT\u00c9"},"content":{"rendered":"<h2>RIEN N\u2019EST PLUS IMPORTANT QUE LA QUALIT\u00c9 ET L\u2019INNOCUIT\u00c9 DE NOS PRODUITS<\/h2>\n<p>Campbell\u2019s s\u2019engage \u00e0 fournir des <a href=\"\/products\/\">produits<\/a> sains de la plus haute qualit\u00e9 \u00e0 ses clients. Alors que nous nous d\u00e9vouons \u00e0 la qualit\u00e9, nous nous consacrons encore plus \u00e0 la s\u00e9curit\u00e9 et au bien-\u00eatre de nos clients. Nous attendons de nos fournisseurs qu\u2019ils respectent des normes aussi \u00e9lev\u00e9es que les n\u00f4tres. De notre cuisine \u00e0 la v\u00f4tre, la qualit\u00e9 des produits Campbell demeure. Nous nous engageons \u00e0 trouver les ingr\u00e9dients ad\u00e9quats qui conservent leur go\u00fbt sans perdre leur qualit\u00e9 ou leur avantage nutritionnel.<\/p>\n","protected":false},"excerpt":{"rendered":"<p>RIEN N\u2019EST PLUS IMPORTANT QUE LA QUALIT\u00c9 ET L\u2019INNOCUIT\u00c9 DE NOS PRODUITS Campbell\u2019s s\u2019engage \u00e0 fournir des produits sains de la plus haute qualit\u00e9 \u00e0 ses clients. Alors que nous nous d\u00e9vouons \u00e0 la qualit\u00e9, nous nous consacrons encore plus \u00e0 la s\u00e9curit\u00e9 et au bien-\u00eatre de nos clients. Nous attendons de nos fournisseurs qu\u2019ils [&hellip;]<\/p>\n","protected":false},"author":26,"featured_media":1992,"parent":0,"menu_order":0,"comment_status":"closed","ping_status":"closed","template":"page-about.php","meta":[],"acf":[],"yoast_head":"<!-- This site is optimized with the Yoast SEO plugin v21.5 - https:\/\/yoast.com\/wordpress\/plugins\/seo\/ -->\n<title>QUALIT\u00c9 - Campbells Food Service Canada<\/title>\n<meta name=\"robots\" content=\"index, follow, max-snippet:-1, max-image-preview:large, max-video-preview:-1\" \/>\n<link rel=\"canonical\" href=\"https:\/\/www.campbellsfoodservice.ca\/fr\/qualite\/\" \/>\n<meta property=\"og:locale\" content=\"fr_FR\" \/>\n<meta property=\"og:type\" content=\"article\" \/>\n<meta property=\"og:title\" content=\"QUALIT\u00c9 - Campbells Food Service Canada\" \/>\n<meta property=\"og:description\" content=\"RIEN N\u2019EST PLUS IMPORTANT QUE LA QUALIT\u00c9 ET L\u2019INNOCUIT\u00c9 DE NOS PRODUITS Campbell\u2019s s\u2019engage \u00e0 fournir des produits sains de la plus haute qualit\u00e9 \u00e0 ses clients. Alors que nous nous d\u00e9vouons \u00e0 la qualit\u00e9, nous nous consacrons encore plus \u00e0 la s\u00e9curit\u00e9 et au bien-\u00eatre de nos clients. Nous attendons de nos fournisseurs qu\u2019ils [&hellip;]\" \/>\n<meta property=\"og:url\" content=\"https:\/\/www.campbellsfoodservice.ca\/fr\/qualite\/\" \/>\n<meta property=\"og:site_name\" content=\"Campbells Food Service Canada\" \/>\n<meta property=\"article:modified_time\" content=\"2024-02-28T12:09:10+00:00\" \/>\n<meta property=\"og:image\" content=\"https:\/\/www.campbellsfoodservice.ca\/wp-content\/uploads\/2016\/03\/about-us-sustainability-header-1.jpg\" \/>\n\t<meta property=\"og:image:width\" content=\"1920\" \/>\n\t<meta property=\"og:image:height\" content=\"112\" \/>\n\t<meta property=\"og:image:type\" content=\"image\/jpeg\" \/>\n<meta name=\"twitter:card\" content=\"summary_large_image\" \/>\n<meta name=\"twitter:label1\" content=\"Est. reading time\" \/>\n\t<meta name=\"twitter:data1\" content=\"1 minute\" \/>\n<script type=\"application\/ld+json\" class=\"yoast-schema-graph\">{\"@context\":\"https:\/\/schema.org\",\"@graph\":[{\"@type\":\"WebPage\",\"@id\":\"https:\/\/www.campbellsfoodservice.ca\/fr\/qualite\/\",\"url\":\"https:\/\/www.campbellsfoodservice.ca\/fr\/qualite\/\",\"name\":\"QUALIT\u00c9 - Campbells Food Service Canada\",\"isPartOf\":{\"@id\":\"https:\/\/www.campbellsfoodservice.ca\/fr\/#website\"},\"datePublished\":\"2016-01-05T22:49:06+00:00\",\"dateModified\":\"2024-02-28T12:09:10+00:00\",\"breadcrumb\":{\"@id\":\"https:\/\/www.campbellsfoodservice.ca\/fr\/qualite\/#breadcrumb\"},\"inLanguage\":\"fr-FR\",\"potentialAction\":[{\"@type\":\"ReadAction\",\"target\":[\"https:\/\/www.campbellsfoodservice.ca\/fr\/qualite\/\"]}]},{\"@type\":\"BreadcrumbList\",\"@id\":\"https:\/\/www.campbellsfoodservice.ca\/fr\/qualite\/#breadcrumb\",\"itemListElement\":[{\"@type\":\"ListItem\",\"position\":1,\"name\":\"Home\",\"item\":\"https:\/\/www.campbellsfoodservice.ca\/fr\/\"},{\"@type\":\"ListItem\",\"position\":2,\"name\":\"QUALIT\u00c9\"}]},{\"@type\":\"WebSite\",\"@id\":\"https:\/\/www.campbellsfoodservice.ca\/fr\/#website\",\"url\":\"https:\/\/www.campbellsfoodservice.ca\/fr\/\",\"name\":\"Campbells Food Service Canada\",\"description\":\"\",\"potentialAction\":[{\"@type\":\"SearchAction\",\"target\":{\"@type\":\"EntryPoint\",\"urlTemplate\":\"https:\/\/www.campbellsfoodservice.ca\/fr\/?s={search_term_string}\"},\"query-input\":\"required name=search_term_string\"}],\"inLanguage\":\"fr-FR\"}]}<\/script>\n<!-- \/ Yoast SEO plugin. -->","yoast_head_json":{"title":"QUALIT\u00c9 - Campbells Food Service Canada","robots":{"index":"index","follow":"follow","max-snippet":"max-snippet:-1","max-image-preview":"max-image-preview:large","max-video-preview":"max-video-preview:-1"},"canonical":"https:\/\/www.campbellsfoodservice.ca\/fr\/qualite\/","og_locale":"fr_FR","og_type":"article","og_title":"QUALIT\u00c9 - Campbells Food Service Canada","og_description":"RIEN N\u2019EST PLUS IMPORTANT QUE LA QUALIT\u00c9 ET L\u2019INNOCUIT\u00c9 DE NOS PRODUITS Campbell\u2019s s\u2019engage \u00e0 fournir des produits sains de la plus haute qualit\u00e9 \u00e0 ses clients. Alors que nous nous d\u00e9vouons \u00e0 la qualit\u00e9, nous nous consacrons encore plus \u00e0 la s\u00e9curit\u00e9 et au bien-\u00eatre de nos clients. Nous attendons de nos fournisseurs qu\u2019ils [&hellip;]","og_url":"https:\/\/www.campbellsfoodservice.ca\/fr\/qualite\/","og_site_name":"Campbells Food Service Canada","article_modified_time":"2024-02-28T12:09:10+00:00","og_image":[{"width":1920,"height":112,"url":"https:\/\/www.campbellsfoodservice.ca\/wp-content\/uploads\/2016\/03\/about-us-sustainability-header-1.jpg","type":"image\/jpeg"}],"twitter_card":"summary_large_image","twitter_misc":{"Est. reading time":"1 minute"},"schema":{"@context":"https:\/\/schema.org","@graph":[{"@type":"WebPage","@id":"https:\/\/www.campbellsfoodservice.ca\/fr\/qualite\/","url":"https:\/\/www.campbellsfoodservice.ca\/fr\/qualite\/","name":"QUALIT\u00c9 - Campbells Food Service Canada","isPartOf":{"@id":"https:\/\/www.campbellsfoodservice.ca\/fr\/#website"},"datePublished":"2016-01-05T22:49:06+00:00","dateModified":"2024-02-28T12:09:10+00:00","breadcrumb":{"@id":"https:\/\/www.campbellsfoodservice.ca\/fr\/qualite\/#breadcrumb"},"inLanguage":"fr-FR","potentialAction":[{"@type":"ReadAction","target":["https:\/\/www.campbellsfoodservice.ca\/fr\/qualite\/"]}]},{"@type":"BreadcrumbList","@id":"https:\/\/www.campbellsfoodservice.ca\/fr\/qualite\/#breadcrumb","itemListElement":[{"@type":"ListItem","position":1,"name":"Home","item":"https:\/\/www.campbellsfoodservice.ca\/fr\/"},{"@type":"ListItem","position":2,"name":"QUALIT\u00c9"}]},{"@type":"WebSite","@id":"https:\/\/www.campbellsfoodservice.ca\/fr\/#website","url":"https:\/\/www.campbellsfoodservice.ca\/fr\/","name":"Campbells Food Service Canada","description":"","potentialAction":[{"@type":"SearchAction","target":{"@type":"EntryPoint","urlTemplate":"https:\/\/www.campbellsfoodservice.ca\/fr\/?s={search_term_string}"},"query-input":"required name=search_term_string"}],"inLanguage":"fr-FR"}]}},"_links":{"self":[{"href":"https:\/\/www.campbellsfoodservice.ca\/fr\/wp-json\/wp\/v2\/pages\/9660"}],"collection":[{"href":"https:\/\/www.campbellsfoodservice.ca\/fr\/wp-json\/wp\/v2\/pages"}],"about":[{"href":"https:\/\/www.campbellsfoodservice.ca\/fr\/wp-json\/wp\/v2\/types\/page"}],"author":[{"embeddable":true,"href":"https:\/\/www.campbellsfoodservice.ca\/fr\/wp-json\/wp\/v2\/users\/26"}],"replies":[{"embeddable":true,"href":"https:\/\/www.campbellsfoodservice.ca\/fr\/wp-json\/wp\/v2\/comments?post=9660"}],"version-history":[{"count":0,"href":"https:\/\/www.campbellsfoodservice.ca\/fr\/wp-json\/wp\/v2\/pages\/9660\/revisions"}],"wp:featuredmedia":[{"embeddable":true,"href":"https:\/\/www.campbellsfoodservice.ca\/fr\/wp-json\/wp\/v2\/media\/1992"}],"wp:attachment":[{"href":"https:\/\/www.campbellsfoodservice.ca\/fr\/wp-json\/wp\/v2\/media?parent=9660"}],"curies":[{"name":"wp","href":"https:\/\/api.w.org\/{rel}","templated":true}]}}