{"id":14617,"date":"2017-05-25T01:00:14","date_gmt":"2017-05-25T01:00:14","guid":{"rendered":"https:\/\/www.campbellsfoodservice.ca\/?page_id=14617\/"},"modified":"2018-07-30T16:44:48","modified_gmt":"2018-07-30T16:44:48","slug":"senior-living","status":"publish","type":"page","link":"https:\/\/www.campbellsfoodservice.ca\/fr\/solutions\/solutions-by-segment\/senior-living\/","title":{"rendered":"R\u00e9sidences pour personnes \u00e2g\u00e9es"},"content":{"rendered":"<h2>Des plats comme chez soi&#x2122;<\/h2>\n<p>Depuis plusieurs g\u00e9n\u00e9rations, on compte sur Campbell\u2019s pour offrir des aliments et des boissons qui sont bons, honn\u00eates, authentiques et savoureux; et faits avec des ingr\u00e9dients qui sont cultiv\u00e9s, pr\u00e9par\u00e9s et cuits avec soin. Apr\u00e8s quelque 150 ans, Campbell\u2019s continue de ravir les consommateurs avec des aliments de qualit\u00e9. Pour nous, il s\u2019agit de produire des aliments que nous sommes fiers de servir et qui vous offrent toute la saveur que vous d\u00e9sirez. Des aliments que vous serez fiers de mettre \u00e0 votre menu.<\/p>\n<h2>La qualit\u00e9 que vous recherchez. Les produits dont vous avez besoin.<\/h2>\n<p>Offrir des d\u00e9jeuners, des d\u00eeners, des soupers et des collations de plus en plus diversifi\u00e9es aux personnes \u00e2g\u00e9es peut repr\u00e9senter un d\u00e9fi de taille. C\u2019est pourquoi Campbell offre des produits comme des plats surgel\u00e9s, des soupes pr\u00e9par\u00e9es et des boissons. Peu importe les besoins de vos r\u00e9sidants et de vos employ\u00e9s, nous avons une solution pour vous aider.<\/p>\n<table style=\"width: 100%\" cellpadding=\"5\" align=\"center\">\n<tbody>\n<tr>\n<td style=\"text-align: center\" width=\"30%\"><a href=\"\/wp-content\/uploads\/2017\/07\/senior-living-recipes-soup-fr.pdf\" target=\"_blank\" rel=\"noopener noreferrer\"><img decoding=\"async\" style=\"max-width: 80%;height: auto\" src=\"\/wp-content\/uploads\/2017\/07\/senior-living-recipes-soup-fr_thumb.jpg\" alt=\"Soupes PDF\" \/><\/a><\/td>\n<td style=\"text-align: center\" width=\"30%\"><a href=\"\/wp-content\/uploads\/2017\/07\/senior-living-recipes-entrees-fr.pdf\" target=\"_blank\" rel=\"noopener noreferrer\"><img decoding=\"async\" style=\"max-width: 80%;height: auto\" src=\"\/wp-content\/uploads\/2017\/07\/senior-living-recipes-entrees-fr_thumb.jpg\" alt=\"Entr\u00e9es PDF\" \/><\/a><\/td>\n<td style=\"text-align: center\" width=\"30%\"><a href=\"\/wp-content\/uploads\/2017\/07\/senior-living-recipes-texture-modified-fr.pdf\" target=\"_blank\" rel=\"noopener noreferrer\"><img decoding=\"async\" style=\"max-width: 80%;height: auto\" src=\"\/wp-content\/uploads\/2017\/07\/senior-living-recipes-texture-modified-fr_thumb.jpg\" alt=\"Texture Modifi\u00e9e PDF\" \/><\/a><\/td>\n<\/tr>\n<tr>\n<td style=\"text-align: center\"><a href=\"\/wp-content\/uploads\/2017\/07\/senior-living-recipes-soup-fr.pdf\" target=\"_blank\" rel=\"noopener noreferrer\">Soupes (PDF)<\/a><\/td>\n<td style=\"text-align: center\"><a href=\"\/wp-content\/uploads\/2017\/07\/senior-living-recipes-entrees-fr.pdf\" target=\"_blank\" rel=\"noopener noreferrer\">Entr\u00e9es (PDF)<\/a><\/td>\n<td style=\"text-align: center\"><a href=\"\/wp-content\/uploads\/2017\/07\/senior-living-recipes-texture-modified-fr.pdf\" target=\"_blank\" rel=\"noopener noreferrer\">Texture Modifi\u00e9e (PDF)<\/a><\/td>\n<\/tr>\n<\/tbody>\n<\/table>\n<p><strong>Brochure de r\u00e9sidences pour personnes \u00e2g\u00e9es(<a href=\"\/wp-content\/uploads\/2017\/04\/SeniorLiving_Brochure_EN_7feb2018.pdf\" target=\"_blank\" rel=\"noopener noreferrer\">Anglais<\/a>, <a href=\"\/wp-content\/uploads\/2017\/04\/SeniorLiving_Brochure_FR_7feb2018.pdf\" target=\"_blank\" rel=\"noopener noreferrer\">Fran\u00e7ais<\/a>)<\/strong><\/p>\n","protected":false},"excerpt":{"rendered":"<p>Des plats comme chez soi&#x2122; Depuis plusieurs g\u00e9n\u00e9rations, on compte&#8230;<\/p>\n","protected":false},"author":39,"featured_media":187948,"parent":9761,"menu_order":0,"comment_status":"closed","ping_status":"closed","template":"page-solutions-detail.php","meta":[],"acf":[],"yoast_head":"<!-- This site is optimized with the Yoast SEO plugin v21.5 - https:\/\/yoast.com\/wordpress\/plugins\/seo\/ -->\n<title>R\u00e9sidences pour personnes \u00e2g\u00e9es - Campbells Food Service Canada<\/title>\n<meta name=\"robots\" content=\"index, follow, max-snippet:-1, max-image-preview:large, max-video-preview:-1\" \/>\n<link rel=\"canonical\" href=\"https:\/\/www.campbellsfoodservice.ca\/fr\/solutions\/solutions-by-segment\/senior-living\/\" \/>\n<meta property=\"og:locale\" content=\"fr_FR\" \/>\n<meta property=\"og:type\" content=\"article\" \/>\n<meta property=\"og:title\" content=\"R\u00e9sidences pour personnes \u00e2g\u00e9es - Campbells Food Service Canada\" \/>\n<meta property=\"og:description\" content=\"Des plats comme chez soi&#x2122; Depuis plusieurs g\u00e9n\u00e9rations, on compte...\" \/>\n<meta property=\"og:url\" content=\"https:\/\/www.campbellsfoodservice.ca\/fr\/solutions\/solutions-by-segment\/senior-living\/\" \/>\n<meta property=\"og:site_name\" content=\"Campbells Food Service Canada\" \/>\n<meta property=\"article:modified_time\" content=\"2018-07-30T16:44:48+00:00\" \/>\n<meta property=\"og:image\" content=\"https:\/\/www.campbellsfoodservice.ca\/wp-content\/uploads\/2018\/06\/senior-living-segment-bg-french.jpg\" \/>\n\t<meta property=\"og:image:width\" content=\"1280\" \/>\n\t<meta property=\"og:image:height\" content=\"460\" \/>\n\t<meta property=\"og:image:type\" content=\"image\/jpeg\" \/>\n<meta name=\"twitter:card\" content=\"summary_large_image\" \/>\n<meta name=\"twitter:label1\" content=\"Est. reading time\" \/>\n\t<meta name=\"twitter:data1\" content=\"1 minute\" \/>\n<script type=\"application\/ld+json\" class=\"yoast-schema-graph\">{\"@context\":\"https:\/\/schema.org\",\"@graph\":[{\"@type\":\"WebPage\",\"@id\":\"https:\/\/www.campbellsfoodservice.ca\/fr\/solutions\/solutions-by-segment\/senior-living\/\",\"url\":\"https:\/\/www.campbellsfoodservice.ca\/fr\/solutions\/solutions-by-segment\/senior-living\/\",\"name\":\"R\u00e9sidences pour personnes \u00e2g\u00e9es - Campbells Food Service Canada\",\"isPartOf\":{\"@id\":\"https:\/\/www.campbellsfoodservice.ca\/fr\/#website\"},\"datePublished\":\"2017-05-25T01:00:14+00:00\",\"dateModified\":\"2018-07-30T16:44:48+00:00\",\"breadcrumb\":{\"@id\":\"https:\/\/www.campbellsfoodservice.ca\/fr\/solutions\/solutions-by-segment\/senior-living\/#breadcrumb\"},\"inLanguage\":\"fr-FR\",\"potentialAction\":[{\"@type\":\"ReadAction\",\"target\":[\"https:\/\/www.campbellsfoodservice.ca\/fr\/solutions\/solutions-by-segment\/senior-living\/\"]}]},{\"@type\":\"BreadcrumbList\",\"@id\":\"https:\/\/www.campbellsfoodservice.ca\/fr\/solutions\/solutions-by-segment\/senior-living\/#breadcrumb\",\"itemListElement\":[{\"@type\":\"ListItem\",\"position\":1,\"name\":\"Home\",\"item\":\"https:\/\/www.campbellsfoodservice.ca\/fr\/\"},{\"@type\":\"ListItem\",\"position\":2,\"name\":\"SOLUTIONS\",\"item\":\"https:\/\/www.campbellsfoodservice.ca\/fr\/solutions\/\"},{\"@type\":\"ListItem\",\"position\":3,\"name\":\"SOLUTIONS PAR SEGMENT\",\"item\":\"https:\/\/www.campbellsfoodservice.ca\/fr\/solutions\/solutions-by-segment\/\"},{\"@type\":\"ListItem\",\"position\":4,\"name\":\"R\u00e9sidences pour personnes \u00e2g\u00e9es\"}]},{\"@type\":\"WebSite\",\"@id\":\"https:\/\/www.campbellsfoodservice.ca\/fr\/#website\",\"url\":\"https:\/\/www.campbellsfoodservice.ca\/fr\/\",\"name\":\"Campbells Food Service Canada\",\"description\":\"\",\"potentialAction\":[{\"@type\":\"SearchAction\",\"target\":{\"@type\":\"EntryPoint\",\"urlTemplate\":\"https:\/\/www.campbellsfoodservice.ca\/fr\/?s={search_term_string}\"},\"query-input\":\"required name=search_term_string\"}],\"inLanguage\":\"fr-FR\"}]}<\/script>\n<!-- \/ Yoast SEO plugin. -->","yoast_head_json":{"title":"R\u00e9sidences pour personnes \u00e2g\u00e9es - Campbells Food Service Canada","robots":{"index":"index","follow":"follow","max-snippet":"max-snippet:-1","max-image-preview":"max-image-preview:large","max-video-preview":"max-video-preview:-1"},"canonical":"https:\/\/www.campbellsfoodservice.ca\/fr\/solutions\/solutions-by-segment\/senior-living\/","og_locale":"fr_FR","og_type":"article","og_title":"R\u00e9sidences pour personnes \u00e2g\u00e9es - Campbells Food Service Canada","og_description":"Des plats comme chez soi&#x2122; Depuis plusieurs g\u00e9n\u00e9rations, on compte...","og_url":"https:\/\/www.campbellsfoodservice.ca\/fr\/solutions\/solutions-by-segment\/senior-living\/","og_site_name":"Campbells Food Service Canada","article_modified_time":"2018-07-30T16:44:48+00:00","og_image":[{"width":1280,"height":460,"url":"https:\/\/www.campbellsfoodservice.ca\/wp-content\/uploads\/2018\/06\/senior-living-segment-bg-french.jpg","type":"image\/jpeg"}],"twitter_card":"summary_large_image","twitter_misc":{"Est. reading time":"1 minute"},"schema":{"@context":"https:\/\/schema.org","@graph":[{"@type":"WebPage","@id":"https:\/\/www.campbellsfoodservice.ca\/fr\/solutions\/solutions-by-segment\/senior-living\/","url":"https:\/\/www.campbellsfoodservice.ca\/fr\/solutions\/solutions-by-segment\/senior-living\/","name":"R\u00e9sidences pour personnes \u00e2g\u00e9es - Campbells Food Service Canada","isPartOf":{"@id":"https:\/\/www.campbellsfoodservice.ca\/fr\/#website"},"datePublished":"2017-05-25T01:00:14+00:00","dateModified":"2018-07-30T16:44:48+00:00","breadcrumb":{"@id":"https:\/\/www.campbellsfoodservice.ca\/fr\/solutions\/solutions-by-segment\/senior-living\/#breadcrumb"},"inLanguage":"fr-FR","potentialAction":[{"@type":"ReadAction","target":["https:\/\/www.campbellsfoodservice.ca\/fr\/solutions\/solutions-by-segment\/senior-living\/"]}]},{"@type":"BreadcrumbList","@id":"https:\/\/www.campbellsfoodservice.ca\/fr\/solutions\/solutions-by-segment\/senior-living\/#breadcrumb","itemListElement":[{"@type":"ListItem","position":1,"name":"Home","item":"https:\/\/www.campbellsfoodservice.ca\/fr\/"},{"@type":"ListItem","position":2,"name":"SOLUTIONS","item":"https:\/\/www.campbellsfoodservice.ca\/fr\/solutions\/"},{"@type":"ListItem","position":3,"name":"SOLUTIONS PAR SEGMENT","item":"https:\/\/www.campbellsfoodservice.ca\/fr\/solutions\/solutions-by-segment\/"},{"@type":"ListItem","position":4,"name":"R\u00e9sidences pour personnes \u00e2g\u00e9es"}]},{"@type":"WebSite","@id":"https:\/\/www.campbellsfoodservice.ca\/fr\/#website","url":"https:\/\/www.campbellsfoodservice.ca\/fr\/","name":"Campbells Food Service Canada","description":"","potentialAction":[{"@type":"SearchAction","target":{"@type":"EntryPoint","urlTemplate":"https:\/\/www.campbellsfoodservice.ca\/fr\/?s={search_term_string}"},"query-input":"required name=search_term_string"}],"inLanguage":"fr-FR"}]}},"_links":{"self":[{"href":"https:\/\/www.campbellsfoodservice.ca\/fr\/wp-json\/wp\/v2\/pages\/14617"}],"collection":[{"href":"https:\/\/www.campbellsfoodservice.ca\/fr\/wp-json\/wp\/v2\/pages"}],"about":[{"href":"https:\/\/www.campbellsfoodservice.ca\/fr\/wp-json\/wp\/v2\/types\/page"}],"author":[{"embeddable":true,"href":"https:\/\/www.campbellsfoodservice.ca\/fr\/wp-json\/wp\/v2\/users\/39"}],"replies":[{"embeddable":true,"href":"https:\/\/www.campbellsfoodservice.ca\/fr\/wp-json\/wp\/v2\/comments?post=14617"}],"version-history":[{"count":0,"href":"https:\/\/www.campbellsfoodservice.ca\/fr\/wp-json\/wp\/v2\/pages\/14617\/revisions"}],"up":[{"embeddable":true,"href":"https:\/\/www.campbellsfoodservice.ca\/fr\/wp-json\/wp\/v2\/pages\/9761"}],"wp:featuredmedia":[{"embeddable":true,"href":"https:\/\/www.campbellsfoodservice.ca\/fr\/wp-json\/wp\/v2\/media\/187948"}],"wp:attachment":[{"href":"https:\/\/www.campbellsfoodservice.ca\/fr\/wp-json\/wp\/v2\/media?parent=14617"}],"curies":[{"name":"wp","href":"https:\/\/api.w.org\/{rel}","templated":true}]}}