{"id":142872,"date":"2015-01-03T19:04:17","date_gmt":"2015-01-03T19:04:17","guid":{"rendered":"https:\/\/www.campbellsfoodservice.ca\/?page_id=142872\/"},"modified":"2018-04-03T19:36:16","modified_gmt":"2018-04-03T19:36:16","slug":"nutritional-summaries","status":"publish","type":"page","link":"https:\/\/www.campbellsfoodservice.ca\/fr\/solutions\/tools\/nutritional-summaries\/","title":{"rendered":"R\u00e9sum\u00e9s Nutritionnels"},"content":{"rendered":"<div class=\"wrap\">\n<div class=\"col-md-4\">\n<div id=\"thumb-holder\" class=\"bab-left\"><img decoding=\"async\" title=\"R\u00e9sum\u00e9s Nutritionnels\" src=\"\/wp-content\/uploads\/2018\/04\/summary-feat-image.jpg\" alt=\"R\u00e9sum\u00e9s Nutritionnels\" \/><\/div>\n<\/div>\n<div class=\"col-md-8\">\n<h2>Les ingr\u00e9dients actuels et l&#8217;information nutritionnelle sont importants<\/h2>\n<p>Il est important pour vous de trouver tout ce que vous recherchez sur les produits que vous utilisez.  C&#8217;est pourquoi nous avons compil\u00e9 et organis\u00e9 toutes les informations et les avons mises en ligne pour que vous puissiez les consulter \u00e0 tout moment.<\/p>\n<p>Vous n&#8217;avez qu&#8217;\u00e0 s\u00e9lectionner une marque ci-dessous pour obtenir la liste compl\u00e8te des produits, les listes d&#8217;ingr\u00e9dients, les portions sugg\u00e9r\u00e9es et les valeurs nutritives. Cliquez sur l&#8217;ic\u00f4ne d&#8217;impression ci-dessus afin de pouvoir les consulter m\u00eame lorsque vous n&#8217;\u00eates pas en ligne, ou ajoutez simplement les pages de votre choix \u00e0 Mon garde-manger pour y avoir acc\u00e8s facilement.<\/p>\n<p>Pour les renseignements les plus \u00e0 jour, consultez l&#8217;\u00e9tiquette de votre caisse de produits.<\/p>\n\n<\/div>\n<\/div>\n","protected":false},"excerpt":{"rendered":"<p>Les ingr\u00e9dients actuels et l&#8217;information nutritionnelle sont importants.<\/p>\n","protected":false},"author":38,"featured_media":142862,"parent":9768,"menu_order":0,"comment_status":"closed","ping_status":"closed","template":"page-nutritional-summaries.php","meta":[],"acf":[],"yoast_head":"<!-- This site is optimized with the Yoast SEO plugin v21.5 - https:\/\/yoast.com\/wordpress\/plugins\/seo\/ -->\n<title>R\u00e9sum\u00e9s Nutritionnels - Campbells Food Service Canada<\/title>\n<meta name=\"robots\" content=\"index, follow, max-snippet:-1, max-image-preview:large, max-video-preview:-1\" \/>\n<link rel=\"canonical\" href=\"https:\/\/www.campbellsfoodservice.ca\/fr\/solutions\/tools\/nutritional-summaries\/\" \/>\n<meta property=\"og:locale\" content=\"fr_FR\" \/>\n<meta property=\"og:type\" content=\"article\" \/>\n<meta property=\"og:title\" content=\"R\u00e9sum\u00e9s Nutritionnels - Campbells Food Service Canada\" \/>\n<meta property=\"og:description\" content=\"Les ingr\u00e9dients actuels et l&#039;information nutritionnelle sont importants.\" \/>\n<meta property=\"og:url\" content=\"https:\/\/www.campbellsfoodservice.ca\/fr\/solutions\/tools\/nutritional-summaries\/\" \/>\n<meta property=\"og:site_name\" content=\"Campbells Food Service Canada\" \/>\n<meta property=\"article:modified_time\" content=\"2018-04-03T19:36:16+00:00\" \/>\n<meta property=\"og:image\" content=\"https:\/\/www.campbellsfoodservice.ca\/wp-content\/uploads\/2018\/04\/summary-feat-image.jpg\" \/>\n\t<meta property=\"og:image:width\" content=\"399\" \/>\n\t<meta property=\"og:image:height\" content=\"251\" \/>\n\t<meta property=\"og:image:type\" content=\"image\/jpeg\" \/>\n<meta name=\"twitter:card\" content=\"summary_large_image\" \/>\n<meta name=\"twitter:label1\" content=\"Est. reading time\" \/>\n\t<meta name=\"twitter:data1\" content=\"1 minute\" \/>\n<script type=\"application\/ld+json\" class=\"yoast-schema-graph\">{\"@context\":\"https:\/\/schema.org\",\"@graph\":[{\"@type\":\"WebPage\",\"@id\":\"https:\/\/www.campbellsfoodservice.ca\/fr\/solutions\/tools\/nutritional-summaries\/\",\"url\":\"https:\/\/www.campbellsfoodservice.ca\/fr\/solutions\/tools\/nutritional-summaries\/\",\"name\":\"R\u00e9sum\u00e9s Nutritionnels - Campbells Food Service Canada\",\"isPartOf\":{\"@id\":\"https:\/\/www.campbellsfoodservice.ca\/fr\/#website\"},\"datePublished\":\"2015-01-03T19:04:17+00:00\",\"dateModified\":\"2018-04-03T19:36:16+00:00\",\"breadcrumb\":{\"@id\":\"https:\/\/www.campbellsfoodservice.ca\/fr\/solutions\/tools\/nutritional-summaries\/#breadcrumb\"},\"inLanguage\":\"fr-FR\",\"potentialAction\":[{\"@type\":\"ReadAction\",\"target\":[\"https:\/\/www.campbellsfoodservice.ca\/fr\/solutions\/tools\/nutritional-summaries\/\"]}]},{\"@type\":\"BreadcrumbList\",\"@id\":\"https:\/\/www.campbellsfoodservice.ca\/fr\/solutions\/tools\/nutritional-summaries\/#breadcrumb\",\"itemListElement\":[{\"@type\":\"ListItem\",\"position\":1,\"name\":\"Home\",\"item\":\"https:\/\/www.campbellsfoodservice.ca\/fr\/\"},{\"@type\":\"ListItem\",\"position\":2,\"name\":\"SOLUTIONS\",\"item\":\"https:\/\/www.campbellsfoodservice.ca\/fr\/solutions\/\"},{\"@type\":\"ListItem\",\"position\":3,\"name\":\"OUTILS\",\"item\":\"https:\/\/www.campbellsfoodservice.ca\/fr\/solutions\/tools\/\"},{\"@type\":\"ListItem\",\"position\":4,\"name\":\"R\u00e9sum\u00e9s Nutritionnels\"}]},{\"@type\":\"WebSite\",\"@id\":\"https:\/\/www.campbellsfoodservice.ca\/fr\/#website\",\"url\":\"https:\/\/www.campbellsfoodservice.ca\/fr\/\",\"name\":\"Campbells Food Service Canada\",\"description\":\"\",\"potentialAction\":[{\"@type\":\"SearchAction\",\"target\":{\"@type\":\"EntryPoint\",\"urlTemplate\":\"https:\/\/www.campbellsfoodservice.ca\/fr\/?s={search_term_string}\"},\"query-input\":\"required name=search_term_string\"}],\"inLanguage\":\"fr-FR\"}]}<\/script>\n<!-- \/ Yoast SEO plugin. -->","yoast_head_json":{"title":"R\u00e9sum\u00e9s Nutritionnels - Campbells Food Service Canada","robots":{"index":"index","follow":"follow","max-snippet":"max-snippet:-1","max-image-preview":"max-image-preview:large","max-video-preview":"max-video-preview:-1"},"canonical":"https:\/\/www.campbellsfoodservice.ca\/fr\/solutions\/tools\/nutritional-summaries\/","og_locale":"fr_FR","og_type":"article","og_title":"R\u00e9sum\u00e9s Nutritionnels - Campbells Food Service Canada","og_description":"Les ingr\u00e9dients actuels et l'information nutritionnelle sont importants.","og_url":"https:\/\/www.campbellsfoodservice.ca\/fr\/solutions\/tools\/nutritional-summaries\/","og_site_name":"Campbells Food Service Canada","article_modified_time":"2018-04-03T19:36:16+00:00","og_image":[{"width":399,"height":251,"url":"https:\/\/www.campbellsfoodservice.ca\/wp-content\/uploads\/2018\/04\/summary-feat-image.jpg","type":"image\/jpeg"}],"twitter_card":"summary_large_image","twitter_misc":{"Est. reading time":"1 minute"},"schema":{"@context":"https:\/\/schema.org","@graph":[{"@type":"WebPage","@id":"https:\/\/www.campbellsfoodservice.ca\/fr\/solutions\/tools\/nutritional-summaries\/","url":"https:\/\/www.campbellsfoodservice.ca\/fr\/solutions\/tools\/nutritional-summaries\/","name":"R\u00e9sum\u00e9s Nutritionnels - Campbells Food Service Canada","isPartOf":{"@id":"https:\/\/www.campbellsfoodservice.ca\/fr\/#website"},"datePublished":"2015-01-03T19:04:17+00:00","dateModified":"2018-04-03T19:36:16+00:00","breadcrumb":{"@id":"https:\/\/www.campbellsfoodservice.ca\/fr\/solutions\/tools\/nutritional-summaries\/#breadcrumb"},"inLanguage":"fr-FR","potentialAction":[{"@type":"ReadAction","target":["https:\/\/www.campbellsfoodservice.ca\/fr\/solutions\/tools\/nutritional-summaries\/"]}]},{"@type":"BreadcrumbList","@id":"https:\/\/www.campbellsfoodservice.ca\/fr\/solutions\/tools\/nutritional-summaries\/#breadcrumb","itemListElement":[{"@type":"ListItem","position":1,"name":"Home","item":"https:\/\/www.campbellsfoodservice.ca\/fr\/"},{"@type":"ListItem","position":2,"name":"SOLUTIONS","item":"https:\/\/www.campbellsfoodservice.ca\/fr\/solutions\/"},{"@type":"ListItem","position":3,"name":"OUTILS","item":"https:\/\/www.campbellsfoodservice.ca\/fr\/solutions\/tools\/"},{"@type":"ListItem","position":4,"name":"R\u00e9sum\u00e9s Nutritionnels"}]},{"@type":"WebSite","@id":"https:\/\/www.campbellsfoodservice.ca\/fr\/#website","url":"https:\/\/www.campbellsfoodservice.ca\/fr\/","name":"Campbells Food Service Canada","description":"","potentialAction":[{"@type":"SearchAction","target":{"@type":"EntryPoint","urlTemplate":"https:\/\/www.campbellsfoodservice.ca\/fr\/?s={search_term_string}"},"query-input":"required name=search_term_string"}],"inLanguage":"fr-FR"}]}},"_links":{"self":[{"href":"https:\/\/www.campbellsfoodservice.ca\/fr\/wp-json\/wp\/v2\/pages\/142872"}],"collection":[{"href":"https:\/\/www.campbellsfoodservice.ca\/fr\/wp-json\/wp\/v2\/pages"}],"about":[{"href":"https:\/\/www.campbellsfoodservice.ca\/fr\/wp-json\/wp\/v2\/types\/page"}],"author":[{"embeddable":true,"href":"https:\/\/www.campbellsfoodservice.ca\/fr\/wp-json\/wp\/v2\/users\/38"}],"replies":[{"embeddable":true,"href":"https:\/\/www.campbellsfoodservice.ca\/fr\/wp-json\/wp\/v2\/comments?post=142872"}],"version-history":[{"count":0,"href":"https:\/\/www.campbellsfoodservice.ca\/fr\/wp-json\/wp\/v2\/pages\/142872\/revisions"}],"up":[{"embeddable":true,"href":"https:\/\/www.campbellsfoodservice.ca\/fr\/wp-json\/wp\/v2\/pages\/9768"}],"wp:featuredmedia":[{"embeddable":true,"href":"https:\/\/www.campbellsfoodservice.ca\/fr\/wp-json\/wp\/v2\/media\/142862"}],"wp:attachment":[{"href":"https:\/\/www.campbellsfoodservice.ca\/fr\/wp-json\/wp\/v2\/media?parent=142872"}],"curies":[{"name":"wp","href":"https:\/\/api.w.org\/{rel}","templated":true}]}}