{"id":106495,"date":"2018-01-08T16:13:19","date_gmt":"2018-01-08T16:13:19","guid":{"rendered":"https:\/\/www.campbellsfoodservice.ca\/frozensoup\/"},"modified":"2019-11-06T19:58:00","modified_gmt":"2019-11-06T19:58:00","slug":"frozensoup","status":"publish","type":"page","link":"https:\/\/www.campbellsfoodservice.ca\/fr\/frozensoup\/","title":{"rendered":"Frozen Soup"},"content":{"rendered":"<h2>D\u00e9borde de ce que vos invit\u00e9s aiment. Pas de ce qu\u2019ils n\u2019aiment pas.<\/h2>\n<p>Nous sommes votre partenaire quand il s\u2019agit d\u2019offrir \u00e0 davantage de gens des aliments authentiques et soigneusement pr\u00e9par\u00e9s; \u00e0 ce titre, nous nous effor\u00e7ons de toujours faire les meilleures soupes possible. C\u2019est pourquoi nous commen\u00e7ons chaque recette \u00e0 la base, en choisissant les ingr\u00e9dients avec soin et en laissant de c\u00f4t\u00e9 tout ce qui n\u2019est pas n\u00e9cessaire. Au Service alimentaire de Campbell\u2019s, nous sommes toujours \u00e0 l\u2019\u00e9coute pour vous offrir des aliments savoureux que vos invit\u00e9s d\u00e9sireront aujourd\u2019hui et dans le futur.<\/p>\n<p><strong>Nos soupes surgel\u00e9es <em>Verve<\/em>\u00ae et <em>Signature<\/em>\u00ae ne contient pas:<\/strong><\/p>\n<p>Sirop de ma\u00efs \u00e0 haute teneur en fructose<br \/>\nAr\u00f4mes artificiels<br \/>\nColorants artificiels<br \/>\nInosinate disodique et guanylate disodique<br \/>\nProt\u00e9ines v\u00e9g\u00e9tales hydrolys\u00e9es<br \/>\nHuiles partiellement hydrog\u00e9n\u00e9es<\/p>\n<p>Si nous avons la chance d\u2019ajouter de la viande dans nos soupes, nous la saisissons. Si nous pouvons ajouter des l\u00e9gumes, nous le faisons. Chaque ingr\u00e9dient utilis\u00e9 est choisi et pr\u00e9par\u00e9 avec soin puisqu\u2019il constitue une occasion importante d\u2019ajouter une valeur nutritive et de la saveur, sans ajouter ce qui n\u2019est pas n\u00e9cessaire.<\/p>\n<div class=\"made-to-serve\">\n<div class=\"wrap\">\n<div class=\"hold\">\n<div class=\"container\" style=\"padding:0px !important\">\n<div class=\"content\">\n<div class=\"mts-video col-sm-6\" style=\"padding:5px 10px !important\">\n\t\t\t\t\t\t\t\t<iframe loading=\"lazy\" width=\"100%\" height=\"315\" src=\"https:\/\/www.youtube.com\/embed\/75rhPYd7bsw?rel=0\" frameborder=\"0\" allowfullscreen><\/iframe>\n\t\t\t\t\t\t\t<\/div>\n<div class=\"mts-video col-sm-6\" style=\"padding:5px 10px !important\">\n\t\t\t\t\t\t<iframe loading=\"lazy\" width=\"100%\" height=\"315\" src=\"https:\/\/www.youtube.com\/embed\/3Szg0RNTvKI?rel=0\" frameborder=\"0\" allowfullscreen><\/iframe>\t\t\t\t\t\t\t<\/div>\n<\/div>\n<\/div>\n<\/div>\n<\/div>\n<\/div>\n<div id=\"delivery\" style=\"margin-bottom: 125px;width: 100%;height: 1px\"><\/div>\n<h2>Pratique. D\u00e9licieux. Commode.<\/h2>\n<p>La soupe offre de la qualit\u00e9, du go\u00fbt et de la commodit\u00e9. C\u2019est pourquoi elle est un compl\u00e9ment id\u00e9al \u00e0 votre menu de livraison.<\/p>\n<p><strong>Quelle est la tendance?<\/strong><br \/>\nPlus d\u2019un Canadien sur dix commande une livraison \u00e0 un restaurant de service complet au moins une fois par semaine<sup>1<\/sup>.<br \/>\nVoici pourquoi:<\/p>\n<div class=\"made-to-serve\" style=\"max-width: 1000px;margin: 0 auto\">\n<div class=\"wrap\">\n<div class=\"hold\">\n<div class=\"container\" style=\"padding: 0 !important\" align=\"center\">\n<div class=\"content\">\n<div class=\"col-md-4 col-12\" style=\"padding: 0\" align=\"center\"><img decoding=\"async\" loading=\"lazy\" style=\"margin: 0 auto !important;max-width: 300px\" src=\"https:\/\/www.campbellsfoodservice.ca\/wp-content\/uploads\/2019\/11\/fr-stat-01.jpg\" alt=\"\" width=\"100%\" height=\"auto\" \/><\/div>\n<div class=\"hidden-lg hidden-md\"><img decoding=\"async\" loading=\"lazy\" style=\"margin: 14px 0 14px 0 !important;max-width: 300px\" src=\"https:\/\/www.campbellsfoodservice.ca\/wp-content\/uploads\/2019\/10\/spacer-red-line.jpg\" alt=\"\" width=\"100%\" height=\"auto\" \/><\/div>\n<div class=\"col-md-4 col-12\" style=\"padding: 0\" align=\"center\"><img decoding=\"async\" loading=\"lazy\" style=\"margin: 0 auto !important;max-width: 300px\" src=\"https:\/\/www.campbellsfoodservice.ca\/wp-content\/uploads\/2019\/11\/fr-stat-02.jpg\" alt=\"\" width=\"100%\" height=\"auto\" \/><\/div>\n<div class=\"hidden-lg hidden-md\"><img decoding=\"async\" loading=\"lazy\" style=\"margin: 14px 0 14px 0 !important;max-width: 300px\" src=\"https:\/\/www.campbellsfoodservice.ca\/wp-content\/uploads\/2019\/10\/spacer-red-line.jpg\" alt=\"\" width=\"100%\" height=\"auto\" \/><\/div>\n<div class=\"col-md-4 col-12\" style=\"padding: 0\" align=\"center\"><img decoding=\"async\" loading=\"lazy\" style=\"margin: 0 auto !important;max-width: 300px\" src=\"https:\/\/www.campbellsfoodservice.ca\/wp-content\/uploads\/2019\/11\/fr-stat-03.jpg\" alt=\"\" width=\"100%\" height=\"auto\" \/><\/div>\n<\/div>\n<\/div>\n<\/div>\n<\/div>\n<\/div>\n<div style=\"margin-bottom: 30px;width: 100%;height: 1px\"><\/div>\n<p><strong>Comment la soupe peut-elle bonifier votre menu de livraison?<\/strong><br \/>\nAu contraire des autres plats principaux ou accompagnements, la soupe conserve sa qualit\u00e9 lorsqu\u2019elle est r\u00e9chauff\u00e9e. Elle est facile \u00e0 transporter, \u00e0 d\u00e9baller et \u00e0 manger, ce qui offre une exp\u00e9rience client facile et d\u00e9licieuse. De plus, les vari\u00e9t\u00e9s saisonni\u00e8res offrent des moyens faciles de bonifier vos ventes hors site toute l\u2019ann\u00e9e.<\/p>\n<div class=\"made-to-serve\" style=\"max-width: 1000px;margin: 0 auto\">\n<div class=\"wrap\">\n<div class=\"hold\">\n<div class=\"container\" style=\"padding: 0 !important\" align=\"center\">\n<div class=\"content\">\n<div class=\"col-md-4 col-12\" style=\"padding: 0\" align=\"center\"><img decoding=\"async\" loading=\"lazy\" style=\"margin: 0 auto !important;max-width: 300px\" src=\"https:\/\/www.campbellsfoodservice.ca\/wp-content\/uploads\/2019\/11\/fr-stat-04.jpg\" alt=\"\" width=\"100%\" height=\"auto\" \/><\/div>\n<div class=\"hidden-lg hidden-md\"><img decoding=\"async\" loading=\"lazy\" style=\"margin: 14px 0 14px 0 !important;max-width: 300px\" src=\"https:\/\/www.campbellsfoodservice.ca\/wp-content\/uploads\/2019\/10\/spacer-red-line.jpg\" alt=\"\" width=\"100%\" height=\"auto\" \/><\/div>\n<div class=\"col-md-4 col-12\" style=\"padding: 0\" align=\"center\"><img decoding=\"async\" loading=\"lazy\" style=\"margin: 0 auto !important;max-width: 300px\" src=\"https:\/\/www.campbellsfoodservice.ca\/wp-content\/uploads\/2019\/11\/fr-stat-05.jpg\" alt=\"\" width=\"100%\" height=\"auto\" \/><\/div>\n<div class=\"hidden-lg hidden-md\"><img decoding=\"async\" loading=\"lazy\" style=\"margin: 14px 0 0 0 !important;max-width: 300px\" src=\"https:\/\/www.campbellsfoodservice.ca\/wp-content\/uploads\/2019\/10\/spacer-red-line.jpg\" alt=\"\" width=\"100%\" height=\"auto\" \/><\/div>\n<div class=\"col-md-4 col-12\" style=\"padding: 0\" align=\"center\"><img decoding=\"async\" loading=\"lazy\" style=\"margin: 0 auto !important;max-width: 300px\" src=\"https:\/\/www.campbellsfoodservice.ca\/wp-content\/uploads\/2019\/11\/fr-stat-06.jpg\" alt=\"\" width=\"100%\" height=\"auto\" \/><\/div>\n<\/div>\n<\/div>\n<\/div>\n<\/div>\n<\/div>\n<div id=\"frozen-soup\" style=\"margin-bottom: 30px;width: 100%;height: 1px\"><\/div>\n<p>Ces statistiques sont pour emporter avec notre fiche de vente <a href=\"\/wp-content\/uploads\/2019\/10\/19-CFC-004_SoupDeliveryOnePager_SS_Fall_85x11_M1.pdf\" target=\"_blank\" rel=\"noopener noreferrer\">La soupe livre la marchandise<\/a>.<\/p>\n<p style=\"font-size: 10px !important\">Sources: <sup>1<\/sup><em>Rapport NPD Canada FSR, 2018;<\/em> <sup>2<\/sup><em>Le groupe NPD CREST<\/em>\u00ae <em>pour l\u2019ann\u00e9e se terminant en juin 2019; <\/em> <sup>3<\/sup><em>Le groupe NPD, juin 2019<\/em>.<\/p>\n<div id=\"soupe-maison\" style=\"margin-bottom:125px;width:100%;height:1px\"><\/div>\n<h2>Combien de temps prenez-vous pour pr\u00e9parer une soupe maison?<\/h2>\n<p>Obtenez des soupes maison pr\u00e9par\u00e9es et employez votre temps libre \u00e0 autres choses. Nous sommes l\u00e0 pour \u00eatre votre partenaire et souligner le gain de temps potentiel.<\/p>\n<p>Nous avons r\u00e9cemment proc\u00e9d\u00e9 \u00e0 un test en cuisine comparant cinq soupes pr\u00e9par\u00e9es de Campbell\u2019s\u00ae aux soupes que vous pr\u00e9parez.Voici deux exemples:<\/p>\n<div class=\"made-to-serve\" style=\"max-width:1000px;margin:0 auto\">\n<div class=\"wrap\">\n<div class=\"hold\">\n<div class=\"container\" style=\"padding:0 !important\">\n<div class=\"content\">\n<div class=\"mts-video col-sm-6\" style=\"padding:0\">\n\t\t\t\t\t\t\t\t<img decoding=\"async\" loading=\"lazy\" src=\"\/wp-content\/uploads\/2018\/11\/verve-soup-FR.jpg\" alt=\"\" width=\"100%\" height=\"auto\" style=\"padding:0;margin:0 auto !important\" \/>\n\t\t\t\t\t\t\t<\/div>\n<div class=\"mts-video col-sm-6\" style=\"padding:0\">\n<p><img decoding=\"async\" loading=\"lazy\" src=\"\/wp-content\/uploads\/2018\/11\/signature-soup-FR.jpg\" alt=\"\" width=\"100%\" height=\"auto\" style=\"padding:0;margin:0 auto !important\" \/>\t\t\t\t\t\t\t<\/p><\/div>\n<\/div>\n<\/div>\n<\/div>\n<\/div>\n<\/div>\n<p><strong>Gagner du temps n\u2019est pas le seul avantage des soupes maison pr\u00e9par\u00e9es de Campbell\u2019s. Laissez-nous vous aider \u00e0:<\/strong><\/p>\n<p>\u2022  Vous simplifier la vie<br \/>\n\u2022  Pr\u00e9parer chaque fois un produit de qualit\u00e9<br \/>\n\u2022  Obtenir une marque de confiance en mati\u00e8re de salubrit\u00e9 alimentaire<br \/>\n\u2022  Profitez d\u2019un plus grand choix de vari\u00e9t\u00e9<\/p>\n<p>Pour plus d&#8217;informations sur la soupe maison, <a href=\"https:\/\/www.campbellsfoodservice.ca\/wp-content\/uploads\/2018\/11\/Feuille-de-vente-de-vente-de-conversion-de-rayures.pdf\" target=\"_blank\" rel=\"noopener noreferrer\">t\u00e9l\u00e9chargez notre fiche de vente<\/a>.<\/p>\n<p>Nous pr\u00e9parons toutes nos soupes comme vous le feriez vous-m\u00eame.<\/p>\n<p><a href=\"#promo-landing-hero\" class=\"btn btn-primary\"><span>VUE <i class=\"fa fa-caret-right\"><\/i><\/span><\/a><\/p>\n<p style=\"font-size:9px;margin:50px auto 0 auto;line-height:14px;max-width:1140px\"><em>Sur la base des tests de laboratoire effectu\u00e9s par fsSTRATEGY Inc., supposons que les op\u00e9rateurs utilisent des l\u00e9gumes pr\u00e9d\u00e9coup\u00e9s pour produire leurs soupes \u00e0 gratter. Le temps moyen \u00e9conomis\u00e9 sure les cinq soupes test\u00e9es est de 33 minutes.  Le travail et les gains de temps sont plus importants si les op\u00e9rateurs coupent leurs propres l\u00e9gumes.<\/em><\/p>\n","protected":false},"excerpt":{"rendered":"<p>D\u00e9borde de ce que vos invit\u00e9s aiment. Pas de ce qu\u2019ils n\u2019aiment pas. Nous sommes votre partenaire quand il s\u2019agit d\u2019offrir \u00e0 davantage de gens des aliments authentiques et soigneusement pr\u00e9par\u00e9s; \u00e0 ce titre, nous nous effor\u00e7ons de toujours faire les meilleures soupes possible. C\u2019est pourquoi nous commen\u00e7ons chaque recette \u00e0 la base, en choisissant [&hellip;]<\/p>\n","protected":false},"author":38,"featured_media":106496,"parent":0,"menu_order":0,"comment_status":"closed","ping_status":"closed","template":"page-promotions-scratch-child.php","meta":[],"acf":[],"yoast_head":"<!-- This site is optimized with the Yoast SEO plugin v21.5 - https:\/\/yoast.com\/wordpress\/plugins\/seo\/ -->\n<title>Frozen Soup - Campbells Food Service Canada<\/title>\n<meta name=\"robots\" content=\"index, follow, max-snippet:-1, max-image-preview:large, max-video-preview:-1\" \/>\n<link rel=\"canonical\" href=\"https:\/\/www.campbellsfoodservice.ca\/fr\/frozensoup\/\" \/>\n<meta property=\"og:locale\" content=\"fr_FR\" \/>\n<meta property=\"og:type\" content=\"article\" \/>\n<meta property=\"og:title\" content=\"Frozen Soup - Campbells Food Service Canada\" \/>\n<meta property=\"og:description\" content=\"D\u00e9borde de ce que vos invit\u00e9s aiment. Pas de ce qu\u2019ils n\u2019aiment pas. Nous sommes votre partenaire quand il s\u2019agit d\u2019offrir \u00e0 davantage de gens des aliments authentiques et soigneusement pr\u00e9par\u00e9s; \u00e0 ce titre, nous nous effor\u00e7ons de toujours faire les meilleures soupes possible. C\u2019est pourquoi nous commen\u00e7ons chaque recette \u00e0 la base, en choisissant [&hellip;]\" \/>\n<meta property=\"og:url\" content=\"https:\/\/www.campbellsfoodservice.ca\/fr\/frozensoup\/\" \/>\n<meta property=\"og:site_name\" content=\"Campbells Food Service Canada\" \/>\n<meta property=\"article:modified_time\" content=\"2019-11-06T19:58:00+00:00\" \/>\n<meta property=\"og:image\" content=\"https:\/\/www.campbellsfoodservice.ca\/wp-content\/uploads\/2018\/01\/frozensoup_landingpage_hero-fr-3.jpg\" \/>\n\t<meta property=\"og:image:width\" content=\"1903\" \/>\n\t<meta property=\"og:image:height\" content=\"421\" \/>\n\t<meta property=\"og:image:type\" content=\"image\/jpeg\" \/>\n<meta name=\"twitter:card\" content=\"summary_large_image\" \/>\n<meta name=\"twitter:label1\" content=\"Est. reading time\" \/>\n\t<meta name=\"twitter:data1\" content=\"3 minutes\" \/>\n<script type=\"application\/ld+json\" class=\"yoast-schema-graph\">{\"@context\":\"https:\/\/schema.org\",\"@graph\":[{\"@type\":\"WebPage\",\"@id\":\"https:\/\/www.campbellsfoodservice.ca\/fr\/frozensoup\/\",\"url\":\"https:\/\/www.campbellsfoodservice.ca\/fr\/frozensoup\/\",\"name\":\"Frozen Soup - Campbells Food Service Canada\",\"isPartOf\":{\"@id\":\"https:\/\/www.campbellsfoodservice.ca\/fr\/#website\"},\"datePublished\":\"2018-01-08T16:13:19+00:00\",\"dateModified\":\"2019-11-06T19:58:00+00:00\",\"breadcrumb\":{\"@id\":\"https:\/\/www.campbellsfoodservice.ca\/fr\/frozensoup\/#breadcrumb\"},\"inLanguage\":\"fr-FR\",\"potentialAction\":[{\"@type\":\"ReadAction\",\"target\":[\"https:\/\/www.campbellsfoodservice.ca\/fr\/frozensoup\/\"]}]},{\"@type\":\"BreadcrumbList\",\"@id\":\"https:\/\/www.campbellsfoodservice.ca\/fr\/frozensoup\/#breadcrumb\",\"itemListElement\":[{\"@type\":\"ListItem\",\"position\":1,\"name\":\"Home\",\"item\":\"https:\/\/www.campbellsfoodservice.ca\/fr\/\"},{\"@type\":\"ListItem\",\"position\":2,\"name\":\"Frozen Soup\"}]},{\"@type\":\"WebSite\",\"@id\":\"https:\/\/www.campbellsfoodservice.ca\/fr\/#website\",\"url\":\"https:\/\/www.campbellsfoodservice.ca\/fr\/\",\"name\":\"Campbells Food Service Canada\",\"description\":\"\",\"potentialAction\":[{\"@type\":\"SearchAction\",\"target\":{\"@type\":\"EntryPoint\",\"urlTemplate\":\"https:\/\/www.campbellsfoodservice.ca\/fr\/?s={search_term_string}\"},\"query-input\":\"required name=search_term_string\"}],\"inLanguage\":\"fr-FR\"}]}<\/script>\n<!-- \/ Yoast SEO plugin. -->","yoast_head_json":{"title":"Frozen Soup - Campbells Food Service Canada","robots":{"index":"index","follow":"follow","max-snippet":"max-snippet:-1","max-image-preview":"max-image-preview:large","max-video-preview":"max-video-preview:-1"},"canonical":"https:\/\/www.campbellsfoodservice.ca\/fr\/frozensoup\/","og_locale":"fr_FR","og_type":"article","og_title":"Frozen Soup - Campbells Food Service Canada","og_description":"D\u00e9borde de ce que vos invit\u00e9s aiment. Pas de ce qu\u2019ils n\u2019aiment pas. Nous sommes votre partenaire quand il s\u2019agit d\u2019offrir \u00e0 davantage de gens des aliments authentiques et soigneusement pr\u00e9par\u00e9s; \u00e0 ce titre, nous nous effor\u00e7ons de toujours faire les meilleures soupes possible. C\u2019est pourquoi nous commen\u00e7ons chaque recette \u00e0 la base, en choisissant [&hellip;]","og_url":"https:\/\/www.campbellsfoodservice.ca\/fr\/frozensoup\/","og_site_name":"Campbells Food Service Canada","article_modified_time":"2019-11-06T19:58:00+00:00","og_image":[{"width":1903,"height":421,"url":"https:\/\/www.campbellsfoodservice.ca\/wp-content\/uploads\/2018\/01\/frozensoup_landingpage_hero-fr-3.jpg","type":"image\/jpeg"}],"twitter_card":"summary_large_image","twitter_misc":{"Est. reading time":"3 minutes"},"schema":{"@context":"https:\/\/schema.org","@graph":[{"@type":"WebPage","@id":"https:\/\/www.campbellsfoodservice.ca\/fr\/frozensoup\/","url":"https:\/\/www.campbellsfoodservice.ca\/fr\/frozensoup\/","name":"Frozen Soup - Campbells Food Service Canada","isPartOf":{"@id":"https:\/\/www.campbellsfoodservice.ca\/fr\/#website"},"datePublished":"2018-01-08T16:13:19+00:00","dateModified":"2019-11-06T19:58:00+00:00","breadcrumb":{"@id":"https:\/\/www.campbellsfoodservice.ca\/fr\/frozensoup\/#breadcrumb"},"inLanguage":"fr-FR","potentialAction":[{"@type":"ReadAction","target":["https:\/\/www.campbellsfoodservice.ca\/fr\/frozensoup\/"]}]},{"@type":"BreadcrumbList","@id":"https:\/\/www.campbellsfoodservice.ca\/fr\/frozensoup\/#breadcrumb","itemListElement":[{"@type":"ListItem","position":1,"name":"Home","item":"https:\/\/www.campbellsfoodservice.ca\/fr\/"},{"@type":"ListItem","position":2,"name":"Frozen Soup"}]},{"@type":"WebSite","@id":"https:\/\/www.campbellsfoodservice.ca\/fr\/#website","url":"https:\/\/www.campbellsfoodservice.ca\/fr\/","name":"Campbells Food Service Canada","description":"","potentialAction":[{"@type":"SearchAction","target":{"@type":"EntryPoint","urlTemplate":"https:\/\/www.campbellsfoodservice.ca\/fr\/?s={search_term_string}"},"query-input":"required name=search_term_string"}],"inLanguage":"fr-FR"}]}},"_links":{"self":[{"href":"https:\/\/www.campbellsfoodservice.ca\/fr\/wp-json\/wp\/v2\/pages\/106495"}],"collection":[{"href":"https:\/\/www.campbellsfoodservice.ca\/fr\/wp-json\/wp\/v2\/pages"}],"about":[{"href":"https:\/\/www.campbellsfoodservice.ca\/fr\/wp-json\/wp\/v2\/types\/page"}],"author":[{"embeddable":true,"href":"https:\/\/www.campbellsfoodservice.ca\/fr\/wp-json\/wp\/v2\/users\/38"}],"replies":[{"embeddable":true,"href":"https:\/\/www.campbellsfoodservice.ca\/fr\/wp-json\/wp\/v2\/comments?post=106495"}],"version-history":[{"count":0,"href":"https:\/\/www.campbellsfoodservice.ca\/fr\/wp-json\/wp\/v2\/pages\/106495\/revisions"}],"wp:featuredmedia":[{"embeddable":true,"href":"https:\/\/www.campbellsfoodservice.ca\/fr\/wp-json\/wp\/v2\/media\/106496"}],"wp:attachment":[{"href":"https:\/\/www.campbellsfoodservice.ca\/fr\/wp-json\/wp\/v2\/media?parent=106495"}],"curies":[{"name":"wp","href":"https:\/\/api.w.org\/{rel}","templated":true}]}}